{"id":15405,"date":"2025-09-10T23:32:39","date_gmt":"2025-09-10T20:32:39","guid":{"rendered":"https:\/\/unittar.com\/?post_type=product&#038;p=15405"},"modified":"2026-02-24T21:25:14","modified_gmt":"2026-02-24T18:25:14","slug":"mycoshell-tablet","status":"publish","type":"product","link":"https:\/\/unittar.com\/en\/product\/mycoshell-tablet\/","title":{"rendered":"MYCOSHELL TABLET"},"content":{"rendered":"<p>MICROBIAL PRODUCTS<br \/>\nMICROORGANISM-CONTAINING FERTILIZER<\/p>\n<h3>Guaranteed Content<\/h3>\n<p>Total Living Microorganisms: 91 spores \/ tablet<br \/>\nLiving Microorganisms Contained: Mycorrhiza<br \/>\nRhizoglomus irregularis<\/p>\n<h3>Warnings<\/h3>\n<p>Warning! Keep away from children and food.<\/p>\n<p>Protect from skin and eye contact.<\/p>\n<p>Must not be swallowed or inhaled.<\/p>\n<p>Never exceed appropriate dosage ratios. Use only where necessary.<\/p>\n<p>Do not reuse empty packaging for other purposes.<\/p>\n<p>Dispose of packaging after use.<\/p>\n<p>It is recommended to use fertilizer after soil and\/or leaf analysis is performed.<\/p>\n<h3>Storage<\/h3>\n<p>Normally (dry and cool place) maintains its physical and chemical properties for at least 5 years.<br \/>\nStorage temperature 0\u00b0C &#8211; +45\u00b0C (degrees).<\/p>\n<h3>Compatibility<\/h3>\n<p>There is no problem in applying it mixed with agricultural chemicals and other fertilizers.<br \/>\nPerform a pre-mix test to ensure proper mixing.<\/p>\n<h3>Solubility<\/h3>\n<p>Water soluble at recommended doses, does not precipitate and leaves no residue in any way.<\/p>\n<h3>Application Dosage and Usage<\/h3>\n<p>All Vegetables:<br \/>\nAt planting; 0.5 \u2013 1 tablet per plant. In contact with plant roots.<br \/>\nFor already planted plants; 0.5 \u2013 1 tablet per plant. In contact with plant roots. Water abundantly after application.<\/p>\n<p>Fruit Trees, Olive Trees and Vineyards:<br \/>\nAt planting; 1 \u2013 2 tablets per tree. In contact with plant roots.<br \/>\nIn established orchards; 1 \u2013 2 tablets per tree. In contact with plant roots. Water abundantly after application.<\/p>\n<p>Note: The given doses are recommendations. For a more detailed fertilization program, it is recommended to conduct soil and leaf analysis and consult our technical staff.<\/p>\n<h3>Company Statement<\/h3>\n<p>Importer guarantees the analyzed content at the time of product delivery. However, any problems arising from incorrect use, improper storage and non-compliance with recommended dosages are the responsibility of the user. The importer cannot be held responsible.<\/p>\n<p>Ministry Registration No: 2023T04072<br \/>\nMinistry License No: 1851<br \/>\nBatch\/Serial No: 2025-108<br \/>\nBatch number: 12522008<br \/>\nNet Weight: 10 kg<\/p>\n<h3>Importer<\/h3>\n<p>UNITTAR AGRICULTURAL INDUSTRY AND TRADE INC.<br \/>\nEtiler Mah. 829 Sk. A Plaza No:3\/503 Muratpa\u015fa \u2013 ANTALYA<br \/>\nTel: 0 242 311 07 33<br \/>\nFax: 0 242 311 07 55<\/p>\n<h3>Manufacturer<\/h3>\n<p>asfertglobal<br \/>\nRua Nova da CEE &#8211; 2005-008 V\u00e1rzea &#8211; Santar\u00e9m (Portugal)<br \/>\nTel: (+351) 243 779 431<br \/>\nE-mail: info@asfertglobal.com<br \/>\nwww.asfertglobal.com<\/p>","protected":false},"excerpt":{"rendered":"<p>M\u0130KROB\u0130YAL \u00dcR\u00dcNLER M\u0130KROORGAN\u0130ZMA \u0130\u00c7EREN G\u00dcBRE Garanti Edilen \u0130\u00e7erik Toplam Canl\u0131 Mikroorganizma: 91 spor \/ tablet \u0130\u00e7erdi\u011fi Canl\u0131 Mikroorganizmalar: Mikoriza Rhizoglomus irregularis Uyar\u0131lar Dikkat! \u00c7ocuklardan ve g\u0131dalardan uzak tutunuz. Deri ve g\u00f6z temas\u0131ndan koruyunuz. Yutulmas\u0131 ve teneff\u00fcs edilmemesi gerekir. Asla uygun&#8230;<\/p>","protected":false},"featured_media":15393,"template":"","meta":[],"product_brand":[],"product_cat":[62],"product_tag":[],"class_list":{"0":"post-15405","1":"product","2":"type-product","3":"status-publish","4":"has-post-thumbnail","6":"product_cat-asfertglobal","8":"first","9":"instock","10":"shipping-taxable","11":"product-type-simple"},"_links":{"self":[{"href":"https:\/\/unittar.com\/en\/wp-json\/wp\/v2\/product\/15405","targetHints":{"allow":["GET"]}}],"collection":[{"href":"https:\/\/unittar.com\/en\/wp-json\/wp\/v2\/product"}],"about":[{"href":"https:\/\/unittar.com\/en\/wp-json\/wp\/v2\/types\/product"}],"version-history":[{"count":3,"href":"https:\/\/unittar.com\/en\/wp-json\/wp\/v2\/product\/15405\/revisions"}],"predecessor-version":[{"id":15577,"href":"https:\/\/unittar.com\/en\/wp-json\/wp\/v2\/product\/15405\/revisions\/15577"}],"wp:featuredmedia":[{"embeddable":true,"href":"https:\/\/unittar.com\/en\/wp-json\/wp\/v2\/media\/15393"}],"wp:attachment":[{"href":"https:\/\/unittar.com\/en\/wp-json\/wp\/v2\/media?parent=15405"}],"wp:term":[{"taxonomy":"product_brand","embeddable":true,"href":"https:\/\/unittar.com\/en\/wp-json\/wp\/v2\/product_brand?post=15405"},{"taxonomy":"product_cat","embeddable":true,"href":"https:\/\/unittar.com\/en\/wp-json\/wp\/v2\/product_cat?post=15405"},{"taxonomy":"product_tag","embeddable":true,"href":"https:\/\/unittar.com\/en\/wp-json\/wp\/v2\/product_tag?post=15405"}],"curies":[{"name":"wp","href":"https:\/\/api.w.org\/{rel}","templated":true}]}}