{"id":15398,"date":"2025-09-10T23:29:45","date_gmt":"2025-09-10T20:29:45","guid":{"rendered":"https:\/\/unittar.com\/?post_type=product&#038;p=15398"},"modified":"2026-02-24T21:23:14","modified_gmt":"2026-02-24T18:23:14","slug":"cupo","status":"publish","type":"product","link":"https:\/\/unittar.com\/en\/product\/cupo\/","title":{"rendered":"CUPO"},"content":{"rendered":"<h3>Guaranteed Content<\/h3>\n<p>(w\/w)<\/p>\n<p>Water Soluble Copper (Cu): %6<\/p>\n<p>NEVER EXCEED APPROPRIATE DOSAGE RATIOS<\/p>\n<p>USE ONLY WHERE NECESSARY<\/p>\n<h3>Warnings<\/h3>\n<p>Warning! Keep away from children and food.<\/p>\n<p>Protect from skin and eye contact.<\/p>\n<p>Must not be swallowed or inhaled.<\/p>\n<p>Never exceed appropriate dosage ratios. Use only where necessary.<\/p>\n<p>Do not reuse empty packaging for other purposes.<\/p>\n<p>Dispose of packaging after use.<\/p>\n<p>It is recommended to use fertilizer after soil and\/or leaf analysis is performed.<\/p>\n<h3>Storage<\/h3>\n<p>Under normal conditions (dry and cool location), it retains its physical and chemical properties for 5 years.<br \/>\nStorage temperature +5 \u00b0C \u2013 +35 \u00b0C.<\/p>\n<h3>Compatibility<\/h3>\n<p>Before mixing with Plant Protection Products and Other Plant Nutrition Products, perform a preliminary compatibility test to ensure mixture compatibility.<\/p>\n<h3>Solubility<\/h3>\n<p>Water soluble at recommended doses, does not precipitate and leaves no residue in any way.<\/p>\n<h3>Application Dosage and Usage<\/h3>\n<p>Foliar application<\/p>\n<p>In Vineyards; 200-300 ml \/ 100 L water, throughout the yield season depending on weather conditions<\/p>\n<p>In Vegetables; 200-400 ml \/ 100 L water, up to harvest time depending on weather conditions<\/p>\n<p>Olives; 200-300 ml \/ 100 L water, in spring, until fruit formation<\/p>\n<p>Citrus; 300 ml \/ 100 L water<\/p>\n<p>In green areas; 200-400 ml \/ 100 L water<\/p>\n<p>Soil application; 300 \u2013 500 ml\/da depending on weather conditions<\/p>\n<p>Note:<br \/>\nThe dosages given are for guidance only. For a more detailed fertilization program, please have soil and leaf analysis performed and consult our technical staff.<\/p>\n<h3>Ministry Information<\/h3>\n<p>Ministry Registration No: 2025TK11729<br \/>\nMinistry License No: 1851<br \/>\nBatch \/ Serial No: 2024-123<br \/>\nBatch Number: 1243112<\/p>\n<p>Net Weight: 1.29 kg<br \/>\nVolume: 1 Litre<\/p>\n<h3>Manufacturer<\/h3>\n<p>ASFERT GLOBAL LDA<br \/>\nRua Nova da CEE &#8211; 2005-008 V\u00e1rzea &#8211; Santar\u00e9m (Portugal)<br \/>\nTel: (+351) 243 779 431<br \/>\nE-mail: info@asfertglobal.com<br \/>\nwww.asfertglobal.com<\/p>\n<h3>Importer<\/h3>\n<p>UNITTAR AGRICULTURAL INDUSTRY AND TRADE INC.<br \/>\nEtilers Mah. 829 Sok. A Plaza No: 3\/503 Muratpa\u015fa &#8211; ANTALYA<br \/>\nTel: 0 242 311 07 33<br \/>\nFax: 0 242 311 07 55<\/p>","protected":false},"excerpt":{"rendered":"<p>Garanti Edilen \u0130\u00e7erik (w\/w) Suda \u00c7\u00f6z\u00fcn\u00fcr Bak\u0131r (Cu): %6 ASLA UYGUN DOZ ORANLARINI A\u015eMAYINIZ SADECE GEREKL\u0130 OLAN YERLERDE KULLANINIZ Uyar\u0131lar Dikkat! \u00c7ocuklardan ve g\u0131dalardan uzak tutunuz. Deri ve g\u00f6z temas\u0131ndan koruyunuz. Yutulmamas\u0131 ve teneff\u00fcs edilmemesi gerekir. Asla uygun doz oranlar\u0131n\u0131&#8230;<\/p>","protected":false},"featured_media":15391,"template":"","meta":[],"product_brand":[],"product_cat":[62],"product_tag":[],"class_list":{"0":"post-15398","1":"product","2":"type-product","3":"status-publish","4":"has-post-thumbnail","6":"product_cat-asfertglobal","8":"first","9":"instock","10":"shipping-taxable","11":"product-type-simple"},"_links":{"self":[{"href":"https:\/\/unittar.com\/en\/wp-json\/wp\/v2\/product\/15398","targetHints":{"allow":["GET"]}}],"collection":[{"href":"https:\/\/unittar.com\/en\/wp-json\/wp\/v2\/product"}],"about":[{"href":"https:\/\/unittar.com\/en\/wp-json\/wp\/v2\/types\/product"}],"version-history":[{"count":3,"href":"https:\/\/unittar.com\/en\/wp-json\/wp\/v2\/product\/15398\/revisions"}],"predecessor-version":[{"id":15562,"href":"https:\/\/unittar.com\/en\/wp-json\/wp\/v2\/product\/15398\/revisions\/15562"}],"wp:featuredmedia":[{"embeddable":true,"href":"https:\/\/unittar.com\/en\/wp-json\/wp\/v2\/media\/15391"}],"wp:attachment":[{"href":"https:\/\/unittar.com\/en\/wp-json\/wp\/v2\/media?parent=15398"}],"wp:term":[{"taxonomy":"product_brand","embeddable":true,"href":"https:\/\/unittar.com\/en\/wp-json\/wp\/v2\/product_brand?post=15398"},{"taxonomy":"product_cat","embeddable":true,"href":"https:\/\/unittar.com\/en\/wp-json\/wp\/v2\/product_cat?post=15398"},{"taxonomy":"product_tag","embeddable":true,"href":"https:\/\/unittar.com\/en\/wp-json\/wp\/v2\/product_tag?post=15398"}],"curies":[{"name":"wp","href":"https:\/\/api.w.org\/{rel}","templated":true}]}}