{"id":15396,"date":"2025-09-10T23:29:17","date_gmt":"2025-09-10T20:29:17","guid":{"rendered":"https:\/\/unittar.com\/?post_type=product&#038;p=15396"},"modified":"2026-02-24T21:22:54","modified_gmt":"2026-02-24T18:22:54","slug":"brentax-znmn","status":"publish","type":"product","link":"https:\/\/unittar.com\/en\/product\/brentax-znmn\/","title":{"rendered":"BRENTAX ZnMn"},"content":{"rendered":"<p>FULLY WATER SOLUBLE<\/p>\n<h3>Guaranteed Content<\/h3>\n<p>(w\/w)<\/p>\n<p>Water Soluble Manganese (Mn): %8<\/p>\n<p>Water Soluble Zinc (Zn):<\/p>\n<p>NEVER EXCEED APPROPRIATE DOSAGE RATIOS<\/p>\n<p>USE ONLY WHERE NECESSARY<\/p>\n<h3>Warnings<\/h3>\n<p>Warning! Keep away from children and food.<\/p>\n<p>Protect from skin and eye contact.<\/p>\n<p>Must not be swallowed or inhaled.<\/p>\n<p>Never exceed appropriate dosage ratios. Use only where necessary.<\/p>\n<p>Do not reuse empty packaging for other purposes.<\/p>\n<p>Dispose of packaging after use.<\/p>\n<p>It is recommended to use fertilizer after soil and\/or leaf analysis is performed.<\/p>\n<h3>Storage<\/h3>\n<p>Normally (dry and cool place) maintains its physical and chemical properties for at least 5 years.<br \/>\nStorage temperature is 0 \u00b0C \u2013 +45 \u00b0C (degrees).<\/p>\n<h3>Compatibility<\/h3>\n<p>There is no problem in applying it mixed with agricultural chemicals and other fertilizers.<br \/>\nPerform a pre-mix test to ensure proper mixing.<\/p>\n<h3>Solubility<\/h3>\n<p>Water soluble at recommended doses, does not precipitate and leaves no residue in any way.<\/p>\n<h3>Application Dosage and Usage<\/h3>\n<p>Foliar Application:<\/p>\n<p>In Cereals and Industrial Crops: 50 \u2013 100 gr\/da<br \/>\nIn Fruit Trees: 150 \u2013 250 gr\/100 L water<br \/>\nVineyards and Olives: 100 \u2013 150 gr\/100 L water<br \/>\nIn Field Vegetable Growing: 50 \u2013 100 gr\/da<br \/>\nIn Greenhouse: 100 \u2013 150 gr\/100 L water<\/p>\n<h3>Company Statement<\/h3>\n<p>Importer guarantees the analyzed content at the time of product delivery. However, any problems arising from incorrect use, improper storage and non-compliance with recommended dosages are the responsibility of the user. The importer cannot be held responsible.<\/p>\n<h3>Ministry Information<\/h3>\n<p>Ministry Registration No: 30155<br \/>\nMinistry License No: 1780<br \/>\nBatch \/ Serial No: 2023-506<br \/>\nBatch No: 1230905<\/p>\n<p>Net Weight: 1 kg<\/p>\n<h3>Manufacturer<\/h3>\n<p>ASFERT GLOBAL LDA<br \/>\nRua Nova da CEE<br \/>\n2005-008 V\u00e1rzea<br \/>\nSantar\u00e9m (Portugal)<br \/>\nTel: (+351) 243 779 431<br \/>\nE-mail: info@asfertglobal.com<br \/>\nwww.asfertglobal.com<\/p>\n<h3>Importer<\/h3>\n<p>UNITTAR AGRICULTURAL INDUSTRY AND TRADE INC.<br \/>\nEtilers Mah. 829 Sok. A Plaza No: 3\/503 Muratpa\u015fa &#8211; ANTALYA<br \/>\nTel: 0 242 311 07 33<br \/>\nFax: 0 242 311 07 55<\/p>","protected":false},"excerpt":{"rendered":"<p>TAMAMI SUDA \u00c7\u00d6Z\u00dcN\u00dcR Garanti Edilen \u0130\u00e7erik (w\/w) Suda \u00c7\u00f6z\u00fcn\u00fcr Mangan (Mn): %8 Suda \u00c7\u00f6z\u00fcn\u00fcr \u00c7inko (Zn): %12 ASLA UYGUN DOZ ORANLARINI A\u015eMAYINIZ SADECE GEREKL\u0130 OLAN YERLERDE KULLANINIZ Uyar\u0131lar Dikkat! \u00c7ocuklardan ve g\u0131dalardan uzak tutunuz. Deri ve g\u00f6z temas\u0131ndan koruyunuz. Yutulmamas\u0131&#8230;<\/p>","protected":false},"featured_media":15390,"template":"","meta":[],"product_brand":[],"product_cat":[62],"product_tag":[],"class_list":{"0":"post-15396","1":"product","2":"type-product","3":"status-publish","4":"has-post-thumbnail","6":"product_cat-asfertglobal","8":"first","9":"instock","10":"shipping-taxable","11":"product-type-simple"},"_links":{"self":[{"href":"https:\/\/unittar.com\/en\/wp-json\/wp\/v2\/product\/15396","targetHints":{"allow":["GET"]}}],"collection":[{"href":"https:\/\/unittar.com\/en\/wp-json\/wp\/v2\/product"}],"about":[{"href":"https:\/\/unittar.com\/en\/wp-json\/wp\/v2\/types\/product"}],"version-history":[{"count":3,"href":"https:\/\/unittar.com\/en\/wp-json\/wp\/v2\/product\/15396\/revisions"}],"predecessor-version":[{"id":15560,"href":"https:\/\/unittar.com\/en\/wp-json\/wp\/v2\/product\/15396\/revisions\/15560"}],"wp:featuredmedia":[{"embeddable":true,"href":"https:\/\/unittar.com\/en\/wp-json\/wp\/v2\/media\/15390"}],"wp:attachment":[{"href":"https:\/\/unittar.com\/en\/wp-json\/wp\/v2\/media?parent=15396"}],"wp:term":[{"taxonomy":"product_brand","embeddable":true,"href":"https:\/\/unittar.com\/en\/wp-json\/wp\/v2\/product_brand?post=15396"},{"taxonomy":"product_cat","embeddable":true,"href":"https:\/\/unittar.com\/en\/wp-json\/wp\/v2\/product_cat?post=15396"},{"taxonomy":"product_tag","embeddable":true,"href":"https:\/\/unittar.com\/en\/wp-json\/wp\/v2\/product_tag?post=15396"}],"curies":[{"name":"wp","href":"https:\/\/api.w.org\/{rel}","templated":true}]}}