{"id":15388,"date":"2025-09-10T23:28:14","date_gmt":"2025-09-10T20:28:14","guid":{"rendered":"https:\/\/unittar.com\/?post_type=product&#038;p=15388"},"modified":"2026-02-24T21:22:25","modified_gmt":"2026-02-24T18:22:25","slug":"brentax-triple","status":"publish","type":"product","link":"https:\/\/unittar.com\/en\/product\/brentax-triple\/","title":{"rendered":"BRENTAX TRIPLE"},"content":{"rendered":"<h3>Guaranteed Content<\/h3>\n<p>(% w\/w)<\/p>\n<p>Water Soluble Manganese (Mn): %1<\/p>\n<p>Water Soluble Zinc (Zn): %4<\/p>\n<h3>Warnings<\/h3>\n<p>Warning! Keep away from children and food.<\/p>\n<p>Protect from skin and eye contact.<\/p>\n<p>Must not be swallowed or inhaled.<\/p>\n<p>Never exceed appropriate dosage ratios. Use only where necessary.<\/p>\n<p>Do not reuse empty packaging for other purposes.<\/p>\n<p>Dispose of packaging after use.<\/p>\n<p>It is recommended to use fertilizer after soil and\/or leaf analysis is performed.<\/p>\n<h3>Storage<\/h3>\n<p>Under normal conditions (dry and cool place) maintains its physical properties for at least 5 years.<br \/>\nStorage temperature is 0 \u00b0C \u2013 +45 \u00b0C (degrees).<\/p>\n<h3>Compatibility<\/h3>\n<p>There is no problem in applying it mixed with agricultural chemicals and other fertilizers.<br \/>\nPerform a pre-mix test to ensure proper mixing.<\/p>\n<h3>Solubility<\/h3>\n<p>Water soluble at recommended doses, does not precipitate and leaves no residue in any way.<\/p>\n<h3>Application Dosage and Usage<\/h3>\n<p>Foliar Application:<\/p>\n<p>In Field and Industrial Crops:<br \/>\n50 \u2013 100 g\/da<\/p>\n<p>In Vegetables:<br \/>\n100 \u2013 150 g\/100 L water<\/p>\n<p>In Vineyards and Olives:<br \/>\n150 g\/100 L water<\/p>\n<p>In Fruit Trees:<br \/>\n100 \u2013 150 g\/100 L water<\/p>\n<p>Note:<br \/>\nThe dosages given are for guidance only. For a more detailed fertilization program, please have soil and leaf analysis performed and consult our technical staff.<\/p>\n<h3>Company Statement<\/h3>\n<p>Importer guarantees the analyzed content at the time of product delivery. However, any problems arising from incorrect use, improper storage and non-compliance with recommended dosages are the responsibility of the user. The importer cannot be held responsible.<\/p>\n<h3>Manufacturer<\/h3>\n<p>ASFERT GLOBAL LDA<br \/>\nRua Nova da CEE &#8211; Perofilho, 2005-008 V\u00e1rzea &#8211; Santar\u00e9m<br \/>\nPORTUGAL<\/p>\n<h3>Importer<\/h3>\n<p>UNITTAR AGRICULTURAL INDUSTRY AND TRADE INC.<br \/>\nEtlers Mah. 829 Sok. A Plaza 3\/503 Muratpa\u015fa &#8211; ANTALYA<br \/>\nTel: 0 242 311 07 33<br \/>\nFax: 0 242 311 07 55<\/p>","protected":false},"excerpt":{"rendered":"<p>Garanti Edilen \u0130\u00e7erik (% w\/w) Suda \u00c7\u00f6z\u00fcn\u00fcr Mangan (Mn): %1 Suda \u00c7\u00f6z\u00fcn\u00fcr \u00c7inko (Zn): %4 Uyar\u0131lar Dikkat! \u00c7ocuklardan ve g\u0131dalardan uzak tutunuz. Deri ve g\u00f6z temas\u0131ndan koruyunuz. Yutulmamas\u0131 ve teneff\u00fcs edilmemesi gerekir. Asla uygun doz oranlar\u0131n\u0131 a\u015fmay\u0131n\u0131z. Sadece gerekli olan&#8230;<\/p>","protected":false},"featured_media":15389,"template":"","meta":[],"product_brand":[],"product_cat":[62],"product_tag":[],"class_list":{"0":"post-15388","1":"product","2":"type-product","3":"status-publish","4":"has-post-thumbnail","6":"product_cat-asfertglobal","8":"first","9":"instock","10":"shipping-taxable","11":"product-type-simple"},"_links":{"self":[{"href":"https:\/\/unittar.com\/en\/wp-json\/wp\/v2\/product\/15388","targetHints":{"allow":["GET"]}}],"collection":[{"href":"https:\/\/unittar.com\/en\/wp-json\/wp\/v2\/product"}],"about":[{"href":"https:\/\/unittar.com\/en\/wp-json\/wp\/v2\/types\/product"}],"version-history":[{"count":3,"href":"https:\/\/unittar.com\/en\/wp-json\/wp\/v2\/product\/15388\/revisions"}],"predecessor-version":[{"id":15556,"href":"https:\/\/unittar.com\/en\/wp-json\/wp\/v2\/product\/15388\/revisions\/15556"}],"wp:featuredmedia":[{"embeddable":true,"href":"https:\/\/unittar.com\/en\/wp-json\/wp\/v2\/media\/15389"}],"wp:attachment":[{"href":"https:\/\/unittar.com\/en\/wp-json\/wp\/v2\/media?parent=15388"}],"wp:term":[{"taxonomy":"product_brand","embeddable":true,"href":"https:\/\/unittar.com\/en\/wp-json\/wp\/v2\/product_brand?post=15388"},{"taxonomy":"product_cat","embeddable":true,"href":"https:\/\/unittar.com\/en\/wp-json\/wp\/v2\/product_cat?post=15388"},{"taxonomy":"product_tag","embeddable":true,"href":"https:\/\/unittar.com\/en\/wp-json\/wp\/v2\/product_tag?post=15388"}],"curies":[{"name":"wp","href":"https:\/\/api.w.org\/{rel}","templated":true}]}}