{"id":15367,"date":"2025-09-10T23:08:33","date_gmt":"2025-09-10T20:08:33","guid":{"rendered":"https:\/\/unittar.com\/?post_type=product&#038;p=15367"},"modified":"2026-02-24T21:25:56","modified_gmt":"2026-02-24T18:25:56","slug":"7-21-7-14mgo-te","status":"publish","type":"product","link":"https:\/\/unittar.com\/en\/product\/7-21-7-14mgo-te\/","title":{"rendered":"ASPLANT 7-21-7 + 14MgO + TE"},"content":{"rendered":"<p>EC FERTILIZER<br \/>\nBLENDED NPK FERTILIZER<\/p>\n<p>FULLY WATER SOLUBLE<\/p>\n<h3>Guaranteed Content<\/h3>\n<p>(W\/W)<\/p>\n<p>Toplam Azot (N) %7<br \/>\nNitrat Azotu (N) %2<br \/>\nAmonyum Azotu (N) %5<br \/>\nSuda \u00c7\u00f6z\u00fcn\u00fcr Fosforpenta Oksit (P\u2082O\u2085) %21<br \/>\nSuda \u00c7\u00f6z\u00fcn\u00fcr Potasyum Oksit (K\u2082O) %7<br \/>\nSuda \u00c7\u00f6z\u00fcn\u00fcr Magnezyum Oksit (MgO) %14<br \/>\nSuda \u00c7\u00f6z\u00fcn\u00fcr Bor (B) %0,010<br \/>\nWater Soluble Copper (Cu) (Fully chelated with EDTA) %0.003<br \/>\nSuda \u00c7\u00f6z\u00fcn\u00fcr Demir (Fe) (Tamam\u0131 EDTA ile \u015eelatlanm\u0131\u015ft\u0131r.) %0,075<br \/>\nWater Soluble Manganese (Mn) (Fully chelated with EDTA) %0.03<br \/>\nWater Soluble Molybdenum (Mo) %0.002<br \/>\nWater Soluble Zinc (Zn) (Fully chelated with EDTA) %0.006<\/p>\n<p>pH RANGE FOR EDTA CHELATE STABILITY:<\/p>\n<p>Copper (3-9)<br \/>\nIron (6.5-11)<br \/>\nManganese (5-9)<br \/>\nZinc (4-11)<\/p>\n<h3>Warnings<\/h3>\n<p>\u00c7OCUKLARDAN VE GIDALARDAN UZAK TUTUNUZ.<br \/>\nDER\u0130 VE G\u00d6Z TEMASINDAN KORUYUNUZ.<br \/>\nYUTULMASI VE TENEFF\u00dcS ED\u0130LMEMES\u0130 GEREK\u0130R.<br \/>\nUSE ONLY WHERE NECESSARY.<br \/>\nUYGUN DOZ ORANINI A\u015eMAYINIZ.<br \/>\nTOPRAK VE\/VEYA YAPRAK ANAL\u0130Z\u0130 YAPTIRILARAK G\u00dcBRE KULLANILMASI TAVS\u0130YE ED\u0130L\u0130R.<\/p>\n<h3>Storage<\/h3>\n<p>Normally (dry and cool place) maintains its physical and chemical properties for at least 5 years.<br \/>\nStorage temperature 0\u00b0C &#8211; +45\u00b0C (degrees).<\/p>\n<h3>Compatibility<\/h3>\n<p>There is no problem with mixing and applying it together with agricultural chemicals and fertilizers. Perform a pre-mix test to ensure compatibility.<\/p>\n<h3>Company Statement<\/h3>\n<p>Importer guarantees the analyzed content of the product. However, errors that may occur due to incorrect use, incorrect storage and non-compliance with recommended dosages are the responsibility of the user. The importer cannot be held responsible.<\/p>\n<h3>Solubility<\/h3>\n<p>Water soluble at recommended doses, does not precipitate and leaves no residue in any way.<\/p>\n<p>Bakanl\u0131k Tescil No: 2021TK801<br \/>\nLicense No: 1851<br \/>\nBatch No: 2024-123<br \/>\nBatch No: 1242712<br \/>\nNet Weight: 15 KG<\/p>\n<h3>Application Dosage and Usage<\/h3>\n<p>APPLICATION BY DRIP IRRIGATION<\/p>\n<p>In Vegetables: 2 \u2013 2.5 kg\/da in single application.<br \/>\nIn Fruit Growing: 2 \u2013 3 kg\/da in single application.<br \/>\nBanana: 2 \u2013 3 kg\/da in single application.<br \/>\nCitrus: 2 \u2013 2.5 kg\/da in single application.<br \/>\nVineyard: 2 \u2013 2.5 kg\/da in single application.<br \/>\nIn Cut Flowers: 2 \u2013 2.5 kg\/da in single application.<\/p>\n<p>FOLIAR APPLICATION<\/p>\n<p>In Vegetables: 250 gr \/ 100 liters water<br \/>\nFruit Production: 250 \u2013 300 g \/ 100 liters water<br \/>\nBanana: 300 g \/ 100 liters water<br \/>\nCitrus: 300 g \/ 100 liters water<br \/>\nVineyard: 250 \u2013 300 gr \/ 100 litre water<br \/>\nCut Flower Production: 250 g \/ 100 liters water<br \/>\nIn Field Crops: 200 \u2013 250 gr \/ dekar<br \/>\nSugar Beet: 250 g \/ da<\/p>\n<p>Note: The given dosages are advisory in nature; for a more detailed fertilization program, please obtain soil and leaf analysis and consult with our technical staff.<\/p>\n<h3>Manufacturer<\/h3>\n<p>ASFERTGLOBAL PORTUGAL<br \/>\nRua Nova da CEE<br \/>\n2005-008 V\u00e1rzea<br \/>\nSantar\u00e9m &#8211; Portugal<br \/>\nTel: (+351) 243 779 431<br \/>\nE-mail: info@asfertglobal.com<\/p>\n<h3>Importer<\/h3>\n<p>UNITTAR AGRICULTURAL IND. TRADE INC.<br \/>\nM. Pa\u015fa\/ANTALYA<br \/>\nTel: +90 242 311 07 33<br \/>\nFax: +90 242 311 07 33<\/p>","protected":false},"excerpt":{"rendered":"<p>EC FERTILIZER NPK G\u00dcBRES\u0130 HARMANLANMI\u015e TAMAMI SUDA \u00c7\u00d6Z\u00dcN\u00dcR Garanti Edilen \u0130\u00e7erik (W\/W) Toplam Azot (N) %7 Nitrat Azotu (N) %2 Amonyum Azotu (N) %5 Suda \u00c7\u00f6z\u00fcn\u00fcr Fosforpenta Oksit (P\u2082O\u2085) %21 Suda \u00c7\u00f6z\u00fcn\u00fcr Potasyum Oksit (K\u2082O) %7 Suda \u00c7\u00f6z\u00fcn\u00fcr Magnezyum Oksit&#8230;<\/p>","protected":false},"featured_media":15385,"template":"","meta":[],"product_brand":[],"product_cat":[62],"product_tag":[],"class_list":{"0":"post-15367","1":"product","2":"type-product","3":"status-publish","4":"has-post-thumbnail","6":"product_cat-asfertglobal","8":"first","9":"instock","10":"shipping-taxable","11":"product-type-simple"},"_links":{"self":[{"href":"https:\/\/unittar.com\/en\/wp-json\/wp\/v2\/product\/15367","targetHints":{"allow":["GET"]}}],"collection":[{"href":"https:\/\/unittar.com\/en\/wp-json\/wp\/v2\/product"}],"about":[{"href":"https:\/\/unittar.com\/en\/wp-json\/wp\/v2\/types\/product"}],"version-history":[{"count":3,"href":"https:\/\/unittar.com\/en\/wp-json\/wp\/v2\/product\/15367\/revisions"}],"predecessor-version":[{"id":15582,"href":"https:\/\/unittar.com\/en\/wp-json\/wp\/v2\/product\/15367\/revisions\/15582"}],"wp:featuredmedia":[{"embeddable":true,"href":"https:\/\/unittar.com\/en\/wp-json\/wp\/v2\/media\/15385"}],"wp:attachment":[{"href":"https:\/\/unittar.com\/en\/wp-json\/wp\/v2\/media?parent=15367"}],"wp:term":[{"taxonomy":"product_brand","embeddable":true,"href":"https:\/\/unittar.com\/en\/wp-json\/wp\/v2\/product_brand?post=15367"},{"taxonomy":"product_cat","embeddable":true,"href":"https:\/\/unittar.com\/en\/wp-json\/wp\/v2\/product_cat?post=15367"},{"taxonomy":"product_tag","embeddable":true,"href":"https:\/\/unittar.com\/en\/wp-json\/wp\/v2\/product_tag?post=15367"}],"curies":[{"name":"wp","href":"https:\/\/api.w.org\/{rel}","templated":true}]}}