{"id":15135,"date":"2022-10-19T16:17:56","date_gmt":"2022-10-19T13:17:56","guid":{"rendered":"https:\/\/unittar.com\/?post_type=product&#038;p=15135"},"modified":"2026-02-24T21:23:42","modified_gmt":"2026-02-24T18:23:42","slug":"mycoshell-dripper","status":"publish","type":"product","link":"https:\/\/unittar.com\/en\/product\/mycoshell-dripper\/","title":{"rendered":"MYCOSHELL DRIPPER"},"content":{"rendered":"<h3>Guaranteed Content<\/h3>\n<p>Total Live Microorganisms: 150 spores\/g<\/p>\n<p>Live Microorganisms Contained:<br \/>\nMycorrhiza<br \/>\nRhizoglomus irregularis<\/p>\n<h3>Warnings<\/h3>\n<p>Warning! Keep away from children and food.<\/p>\n<p>Protect from skin and eye contact.<\/p>\n<p>Must not be swallowed or inhaled.<\/p>\n<p>Never exceed appropriate dosage ratios. Use only where necessary.<\/p>\n<p>Do not reuse empty packaging for other purposes.<\/p>\n<p>Dispose of packaging after use.<\/p>\n<p>It is recommended to use fertilizer after soil and\/or leaf analysis is performed.<\/p>\n<h3>Suitable Soil Types<\/h3>\n<p>, SOIL PH DEGREE AND SOIL TEMPERATURE<\/p>\n<p>Soil types:<br \/>\nMycoshell Dripper is effective for a wide variety of soil types, including all soil types used in agriculture.<\/p>\n<p>Soil pH Level:<br \/>\nMycoshell Dripper is effective over a wide range of soil pH with optimum pH values between 5 and 9.<\/p>\n<p>Soil Temperature:<br \/>\nMycoshell Dripper is effective over a wide range of soil temperature with optimum temperature values between 14\u00b0C and 30\u00b0C.<\/p>\n<h3>Storage<\/h3>\n<p>As Asfertglobal, we declare that our Mycoshell Dripper product should be stored in its original packaging at a temperature not exceeding 30\u00b0C or below 5\u00b0C and kept away from direct sunlight.<\/p>\n<p>Under these conditions, the shelf life of the product is two (2) years.<\/p>\n<h3>Compatibility<\/h3>\n<p>Do not mix with fungicides.<br \/>\nPerform a pre-mix test for compatibility with other plant nutrition products.<\/p>\n<p>NEVER EXCEED APPROPRIATE DOSAGE RATIOS<\/p>\n<p>USE ONLY WHERE NECESSARY<\/p>\n<h3>Application Dosage and Usage<\/h3>\n<p>VEGETABLES<\/p>\n<p>Lettuce, Melon and Watermelon;<br \/>\n100 g\/hectare at the second or third watering after transplanting.<\/p>\n<p>Tomato, Pepper, Cucumber, Squash, Eggplant, Green Beans;<br \/>\n100 \u2013 200 g\/hectare at the second or third watering after transplanting.<\/p>\n<p>Potato and Onion;<br \/>\nDrip irrigation, sprinkler irrigation or soil spray at 100 \u2013 200 g\/hectare.<\/p>\n<p>Fruit Trees, Olive Trees and Vineyards;<br \/>\nAt planting: 1 kg \/ 1000 plants<br \/>\nIn established gardens: 1 \u2013 2 kg \/ 500 trees, depending on size and age.<\/p>\n<p>Cereals; 100 g\/hectare<br \/>\nGreen Areas; 400 \u2013 600 g\/hectare<\/p>\n<p>Note:<br \/>\nThe dosages given are for guidance only. For a more detailed fertilization program, please have soil and leaf analysis performed and consult our technical staff.<\/p>\n<h3>Company Statement<\/h3>\n<p>Importer guarantees the analyzed content at the time of product delivery; however, any problems arising from incorrect use, improper storage and non-compliance with recommended dosages are the responsibility of the user. The importer cannot be held responsible.<\/p>\n<h3>Ministry Information<\/h3>\n<p>Ministry Registration No: 2023T04071<br \/>\nMinistry License No: 1851<br \/>\nBatch \/ Serial No: 2025-108<\/p>\n<p>Net Weight: 1 kg<br \/>\nBatch number: 1252508<\/p>\n<h3>Manufacturer<\/h3>\n<p>ASFERT GLOBAL LDA<br \/>\nRua Nova da CEE<br \/>\n2005-008 V\u00e1rzea &#8211; Santar\u00e9m (Portugal)<br \/>\nTel: (+351) 243 779 431<br \/>\nE-mail: info@asfertglobal.com<br \/>\nwww.asfertglobal.com<\/p>\n<h3>Importer<\/h3>\n<p>UNITTAR AGRICULTURAL INDUSTRY AND TRADE INC.<br \/>\nEtilers Mah. 829 Sok. A Plaza No: 3\/503 Muratpa\u015fa &#8211; ANTALYA<br \/>\nTel: 0 242 311 07 33<br \/>\nFax: 0 242 311 07 55<\/p>","protected":false},"excerpt":{"rendered":"<p>Garanti Edilen \u0130\u00e7erik Toplam Canl\u0131 Mikroorganizma: 150 spor\/gr \u0130\u00e7erdi\u011fi Canl\u0131 Mikroorganizmalar: Mikoriza Rhizoglomus irregularis Uyar\u0131lar Dikkat! \u00c7ocuklardan ve g\u0131dalardan uzak tutunuz. Deri ve g\u00f6z temas\u0131ndan koruyunuz. Yutulmamas\u0131 ve teneff\u00fcs edilmemesi gerekir. Asla uygun doz oranlar\u0131n\u0131 a\u015fmay\u0131n\u0131z. Sadece gerekli olan yerlerde&#8230;<\/p>","protected":false},"featured_media":15137,"template":"","meta":[],"product_brand":[],"product_cat":[62],"product_tag":[65,64,63],"class_list":{"0":"post-15135","1":"product","2":"type-product","3":"status-publish","4":"has-post-thumbnail","6":"product_cat-asfertglobal","7":"product_tag-asfertglobal","8":"product_tag-gubre","9":"product_tag-organik","11":"first","12":"instock","13":"shipping-taxable","14":"product-type-simple"},"_links":{"self":[{"href":"https:\/\/unittar.com\/en\/wp-json\/wp\/v2\/product\/15135","targetHints":{"allow":["GET"]}}],"collection":[{"href":"https:\/\/unittar.com\/en\/wp-json\/wp\/v2\/product"}],"about":[{"href":"https:\/\/unittar.com\/en\/wp-json\/wp\/v2\/types\/product"}],"version-history":[{"count":3,"href":"https:\/\/unittar.com\/en\/wp-json\/wp\/v2\/product\/15135\/revisions"}],"predecessor-version":[{"id":15565,"href":"https:\/\/unittar.com\/en\/wp-json\/wp\/v2\/product\/15135\/revisions\/15565"}],"wp:featuredmedia":[{"embeddable":true,"href":"https:\/\/unittar.com\/en\/wp-json\/wp\/v2\/media\/15137"}],"wp:attachment":[{"href":"https:\/\/unittar.com\/en\/wp-json\/wp\/v2\/media?parent=15135"}],"wp:term":[{"taxonomy":"product_brand","embeddable":true,"href":"https:\/\/unittar.com\/en\/wp-json\/wp\/v2\/product_brand?post=15135"},{"taxonomy":"product_cat","embeddable":true,"href":"https:\/\/unittar.com\/en\/wp-json\/wp\/v2\/product_cat?post=15135"},{"taxonomy":"product_tag","embeddable":true,"href":"https:\/\/unittar.com\/en\/wp-json\/wp\/v2\/product_tag?post=15135"}],"curies":[{"name":"wp","href":"https:\/\/api.w.org\/{rel}","templated":true}]}}