{"id":15125,"date":"2022-10-19T15:14:46","date_gmt":"2022-10-19T12:14:46","guid":{"rendered":"https:\/\/unittar.com\/?post_type=product&#038;p=15125"},"modified":"2026-02-24T21:25:05","modified_gmt":"2026-02-24T18:25:05","slug":"kiplant-mt22","status":"publish","type":"product","link":"https:\/\/unittar.com\/en\/product\/kiplant-mt22\/","title":{"rendered":"KIPLANT MT22"},"content":{"rendered":"<p>EC FERTILIZER<br \/>\nBORATED FERTILIZER SOLUTION (Containing Boron Ethanolamine)<\/p>\n<h3>Guaranteed Content<\/h3>\n<p>(W\/W)<\/p>\n<p>Water Soluble Boron (B) %2<\/p>\n<p>NEVER EXCEED APPROPRIATE DOSAGE RATIOS!<\/p>\n<p>USE ONLY WHERE NECESSARY!<\/p>\n<h3>Warnings<\/h3>\n<p>Keep away from children and food.<\/p>\n<p>Protect from skin and eye contact.<\/p>\n<p>Must not be swallowed or inhaled.<\/p>\n<p>Use only where necessary.<\/p>\n<p>Do not exceed the recommended dosage.<\/p>\n<h3>Storage<\/h3>\n<p>Under normal conditions (dry and cool location), it retains its physical and chemical properties for 5 years.<br \/>\nStorage temperature is 0 &#8211; +45 \u00b0C.<\/p>\n<h3>Compatibility<\/h3>\n<p>There is no problem with mixing and applying together with pesticides and fertilizers.<br \/>\nPerform a pre-mix test to ensure proper mixing.<\/p>\n<h3>Application Dosage and Usage<\/h3>\n<p>Foliar Application:<br \/>\nFor all products 200 \u2013 250 ml \/ 100 liters of water<\/p>\n<p>Note: The pH of the water to be used should be 6 \u2013 6.5. Use in calcareous water reduces the effectiveness of the product.<\/p>\n<h3>Company Statement<\/h3>\n<p>Importer guarantees the analyzed content of the product. However, errors that may occur due to incorrect use, incorrect storage and non-compliance with recommended dosages are the responsibility of the user. The importer cannot be held responsible.<\/p>\n<p>Ministry Registration No: 36634<br \/>\nMinistry License No: 1851<\/p>\n<p>Net Weight: 1.03 kg<br \/>\nVolume: 1 liter<\/p>\n<h3>Manufacturer<\/h3>\n<p>Asfertglobal<br \/>\nRua Nova da CEE &#8211; 2005-008 V\u00e1rzea &#8211; Santar\u00e9m (Portugal)<br \/>\nTel.: (+351) 243 779 431<br \/>\nE-mail: info@asfertglobal.com<br \/>\nwww.asfertglobal.com<\/p>\n<h3>Importer<\/h3>\n<p>UNITTAR Agricultural Industry and Trade Inc.<\/p>","protected":false},"excerpt":{"rendered":"<p>EC FERTILIZER \u00c7\u00d6ZELT\u0130DE BORATLI G\u00dcBRE (Boron Etanol Amin \u0130\u00e7erikli) Garanti Edilen \u0130\u00e7erik (W\/W) Suda \u00c7\u00f6z\u00fcn\u00fcr Bor (B) %2 ASLA UYGUN DOZ ORANLARINI A\u015eMAYINIZ! SADECE GEREKL\u0130 OLAN YERLERDE KULLANINIZ! Uyar\u0131lar \u00c7ocuklardan ve g\u0131dalardan uzak tutunuz. Deri ve g\u00f6z temas\u0131ndan koruyunuz. Yutulmamas\u0131&#8230;<\/p>","protected":false},"featured_media":15127,"template":"","meta":[],"product_brand":[],"product_cat":[62],"product_tag":[65,64,63],"class_list":{"0":"post-15125","1":"product","2":"type-product","3":"status-publish","4":"has-post-thumbnail","6":"product_cat-asfertglobal","7":"product_tag-asfertglobal","8":"product_tag-gubre","9":"product_tag-organik","11":"first","12":"instock","13":"shipping-taxable","14":"product-type-simple"},"_links":{"self":[{"href":"https:\/\/unittar.com\/en\/wp-json\/wp\/v2\/product\/15125","targetHints":{"allow":["GET"]}}],"collection":[{"href":"https:\/\/unittar.com\/en\/wp-json\/wp\/v2\/product"}],"about":[{"href":"https:\/\/unittar.com\/en\/wp-json\/wp\/v2\/types\/product"}],"version-history":[{"count":3,"href":"https:\/\/unittar.com\/en\/wp-json\/wp\/v2\/product\/15125\/revisions"}],"predecessor-version":[{"id":15576,"href":"https:\/\/unittar.com\/en\/wp-json\/wp\/v2\/product\/15125\/revisions\/15576"}],"wp:featuredmedia":[{"embeddable":true,"href":"https:\/\/unittar.com\/en\/wp-json\/wp\/v2\/media\/15127"}],"wp:attachment":[{"href":"https:\/\/unittar.com\/en\/wp-json\/wp\/v2\/media?parent=15125"}],"wp:term":[{"taxonomy":"product_brand","embeddable":true,"href":"https:\/\/unittar.com\/en\/wp-json\/wp\/v2\/product_brand?post=15125"},{"taxonomy":"product_cat","embeddable":true,"href":"https:\/\/unittar.com\/en\/wp-json\/wp\/v2\/product_cat?post=15125"},{"taxonomy":"product_tag","embeddable":true,"href":"https:\/\/unittar.com\/en\/wp-json\/wp\/v2\/product_tag?post=15125"}],"curies":[{"name":"wp","href":"https:\/\/api.w.org\/{rel}","templated":true}]}}