{"id":15119,"date":"2022-10-19T16:20:25","date_gmt":"2022-10-19T13:20:25","guid":{"rendered":"https:\/\/unittar.com\/?post_type=product&#038;p=15119"},"modified":"2026-02-24T21:24:42","modified_gmt":"2026-02-24T18:24:42","slug":"kiplant-inmass","status":"publish","type":"product","link":"https:\/\/unittar.com\/en\/product\/kiplant-inmass\/","title":{"rendered":"KIPLANT INMASS"},"content":{"rendered":"<p>MICROBIAL PRODUCTS<br \/>\nMICROORGANISM-CONTAINING FERTILIZER<\/p>\n<h3>Guaranteed Content<\/h3>\n<p>Total Live Microorganisms: 1 x 10\u2079 cfu\/ml<\/p>\n<p>Live Microorganisms Contained:<\/p>\n<p>Azospirillum brasilense BS92<\/p>\n<p>Bacillus megaterium BS1<\/p>\n<h3>Warnings<\/h3>\n<p>Warning! Keep away from children and food.<\/p>\n<p>Protect from skin and eye contact.<\/p>\n<p>Must not be swallowed or inhaled.<\/p>\n<p>Never exceed appropriate dosage ratios. Use only where necessary.<\/p>\n<p>Do not reuse empty packaging for other purposes.<\/p>\n<p>Dispose of packaging after use.<\/p>\n<p>It is recommended to use fertilizer after soil and\/or leaf analysis is performed.<\/p>\n<p>Soil types, soil pH level and soil temperature most suitable for the product<\/p>\n<p>Soil Types:<br \/>\nKIPLANT INMASS is effective and efficient for a wide variety of soil types, including all soil types used in agriculture.<\/p>\n<p>Soil pH Level:<br \/>\nKIPLANT INMASS is effective and efficient over a wide range of soil pH with optimum pH values between 5 and 9.<\/p>\n<p>Soil Temperature:<br \/>\nKIPLANT INMASS is effective and efficient over a wide range of soil temperature with optimum temperature values between 14\u00b0C and 30\u00b0C.<\/p>\n<h3>Storage<\/h3>\n<p>As Asfertglobal, we declare that our KIPLANT INMASS product should be stored in its original packaging at a temperature not exceeding 30\u00b0C or below 5\u00b0C and kept away from direct sunlight.<br \/>\nUnder these conditions, the shelf life of the product is two (2) years.<\/p>\n<h3>Compatibility<\/h3>\n<p>Do not mix with fungicides. Perform a compatibility test for use with other plant nutrition products.<\/p>\n<p>NEVER EXCEED APPROPRIATE DOSAGE RATIOS<\/p>\n<p>USE ONLY WHERE NECESSARY<\/p>\n<h3>Application Dosage and Usage<\/h3>\n<p>Products:<br \/>\nAll Vegetables, Cereals (Corn, Wheat, Rice, etc.), Fruit Trees, Vineyards and Olive Trees<\/p>\n<p>Usage instructions:<br \/>\nDosage: 0.3 \u2013 0.6 liters\/hectare, one or two applications during the sowing period, recommended to be applied together with the fertilization system. First dissolved in water with continuous shaking. Can also be applied directly to the soil as a spray (after dilution in water).<\/p>\n<p>Note: The given dosages are advisory in nature; for a more detailed fertilization program, please obtain soil and leaf analysis and consult with our technical staff.<\/p>\n<h3>Company Statement<\/h3>\n<p>Importer guarantees the analyzed content at the time of product delivery; however, any problems arising from incorrect use, improper storage and non-compliance with recommended dosages are the responsibility of the user. The importer cannot be held responsible.<\/p>\n<h3>Ministry Information<\/h3>\n<p>Ministry Registration No: 2023T04069<br \/>\nMinistry License No: 1851<br \/>\nBatch \/ Serial No: 2024-101<br \/>\nBatch No: 1242602<\/p>\n<p>Net Weight: 1 Kg<br \/>\nVolume: 1 Litre<\/p>\n<h3>Manufacturer<\/h3>\n<p>ASFERT GLOBAL LDA<br \/>\nRua Nova da CEE<br \/>\n2005-008 V\u00e1rzea &#8211; Santar\u00e9m<br \/>\nPortugal<\/p>\n<h3>Importer<\/h3>\n<p>UNITTAR AGRICULTURAL INDUSTRY AND TRADE INC.<br \/>\nEtiler Mah. 829 Sk. A Plaza No: 3\/503 Muratpa\u015fa \u2013 ANTALYA<br \/>\nTel: 0 242 311 07 33<br \/>\nwww.unittar.com<\/p>","protected":false},"excerpt":{"rendered":"<p>M\u0130KROB\u0130YAL \u00dcR\u00dcNLER M\u0130KROORGAN\u0130ZMA \u0130\u00c7EREN G\u00dcBRE Garanti Edilen \u0130\u00e7erik Toplam Canl\u0131 Mikroorganizma: 1 x 10\u2079 cfu\/ml \u0130\u00e7erdi\u011fi Canl\u0131 Mikroorganizmalar: Azospirillum brasilense BS92 Bacillus megaterium BS1 Uyar\u0131lar Dikkat! \u00c7ocuklardan ve g\u0131dalardan uzak tutunuz. Deri ve g\u00f6z temas\u0131ndan koruyunuz. Yutulmamas\u0131 ve teneff\u00fcs edilmemesi&#8230;<\/p>","protected":false},"featured_media":15121,"template":"","meta":[],"product_brand":[],"product_cat":[62],"product_tag":[65,64,63],"class_list":{"0":"post-15119","1":"product","2":"type-product","3":"status-publish","4":"has-post-thumbnail","6":"product_cat-asfertglobal","7":"product_tag-asfertglobal","8":"product_tag-gubre","9":"product_tag-organik","11":"first","12":"instock","13":"shipping-taxable","14":"product-type-simple"},"_links":{"self":[{"href":"https:\/\/unittar.com\/en\/wp-json\/wp\/v2\/product\/15119","targetHints":{"allow":["GET"]}}],"collection":[{"href":"https:\/\/unittar.com\/en\/wp-json\/wp\/v2\/product"}],"about":[{"href":"https:\/\/unittar.com\/en\/wp-json\/wp\/v2\/types\/product"}],"version-history":[{"count":3,"href":"https:\/\/unittar.com\/en\/wp-json\/wp\/v2\/product\/15119\/revisions"}],"predecessor-version":[{"id":15573,"href":"https:\/\/unittar.com\/en\/wp-json\/wp\/v2\/product\/15119\/revisions\/15573"}],"wp:featuredmedia":[{"embeddable":true,"href":"https:\/\/unittar.com\/en\/wp-json\/wp\/v2\/media\/15121"}],"wp:attachment":[{"href":"https:\/\/unittar.com\/en\/wp-json\/wp\/v2\/media?parent=15119"}],"wp:term":[{"taxonomy":"product_brand","embeddable":true,"href":"https:\/\/unittar.com\/en\/wp-json\/wp\/v2\/product_brand?post=15119"},{"taxonomy":"product_cat","embeddable":true,"href":"https:\/\/unittar.com\/en\/wp-json\/wp\/v2\/product_cat?post=15119"},{"taxonomy":"product_tag","embeddable":true,"href":"https:\/\/unittar.com\/en\/wp-json\/wp\/v2\/product_tag?post=15119"}],"curies":[{"name":"wp","href":"https:\/\/api.w.org\/{rel}","templated":true}]}}