{"id":15114,"date":"2022-10-19T16:03:56","date_gmt":"2022-10-19T13:03:56","guid":{"rendered":"https:\/\/unittar.com\/?post_type=product&#038;p=15114"},"modified":"2026-02-24T21:24:49","modified_gmt":"2026-02-24T18:24:49","slug":"kiplant-blush","status":"publish","type":"product","link":"https:\/\/unittar.com\/en\/product\/kiplant-blush\/","title":{"rendered":"KIPLANT BLUSH"},"content":{"rendered":"<p>EC FERTILIZER<\/p>\n<p>PK FERTILIZER BLENDED<\/p>\n<p>0 \u2013 5 \u2013 23 + ME<\/p>\n<h3>Guaranteed Content<\/h3>\n<p>(w\/w)<\/p>\n<p>Water Soluble Phosphorus Pentoxide (P\u2082O\u2085): %5<\/p>\n<p>Water Soluble Potassium Oxide (K\u2082O):<\/p>\n<p>Water Soluble Zinc (Zn): %8<\/p>\n<p>Chlorine content: <%1<\/p>\n<p>NEVER EXCEED APPROPRIATE DOSAGE RATIOS<\/p>\n<p>USE ONLY WHERE NECESSARY<\/p>\n<h3>Warnings<\/h3>\n<p>Warning! Keep away from children and food.<\/p>\n<p>Protect from skin and eye contact.<\/p>\n<p>Must not be swallowed or inhaled.<\/p>\n<p>Never exceed appropriate dosage ratios. Use only where necessary.<\/p>\n<p>Do not reuse empty packaging for other purposes.<\/p>\n<p>Dispose of packaging after use.<\/p>\n<p>It is recommended to use fertilizer after soil and\/or leaf analysis is performed.<\/p>\n<h3>Storage<\/h3>\n<p>Normally (dry and cool place) maintains its physical and chemical properties for at least 5 years.<br \/>\nStorage temperature is 0 \u00b0C \u2013 +45 \u00b0C (degrees).<\/p>\n<h3>Compatibility<\/h3>\n<p>There is no problem in applying it mixed with agricultural chemicals and other fertilizers.<br \/>\nPerform a pre-mix test to ensure proper mixing.<\/p>\n<h3>Solubility<\/h3>\n<p>Water soluble at recommended doses, does not precipitate and leaves no residue in any way.<\/p>\n<h3>Company Statement<\/h3>\n<p>Importer guarantees the analyzed content at the time of product delivery; however, any problems arising from incorrect use, improper storage and non-compliance with recommended dosages are the responsibility of the user. The importer cannot be held responsible.<\/p>\n<h3>Ministry Information<\/h3>\n<p>Ministry License No: 1851<br \/>\nBatch \/ Serial No: 2024-123<br \/>\nBatch Number: 1242712<\/p>\n<p>Net Weight: 1 KG<\/p>\n<h3>Application Dosage and Usage<\/h3>\n<p>Foliar application:<\/p>\n<p>In Vegetable Growing: 300 g \/ 100 lt water<br \/>\nIn Fruit Growing: 300 g \/ 100 lt water<br \/>\nIn Vineyards: 300 g \/ 100 lt water<br \/>\nIn Citrus: 300 g \/ 100 lt water<br \/>\nIn Cut Flowers: 300 g \/ 100 lt water<br \/>\nIn Seedlings: 300 g \/ 100 lt water<\/p>\n<p>2-3 applications, 45 days before harvest, 30 days before, and 15 days before.<\/p>\n<p>Application by drip irrigation:<\/p>\n<p>In Vegetable Growing: 400 \u2013 500 g \/ hectare<br \/>\nIn Fruit Growing: 400 \u2013 500 g \/ hectare<br \/>\nIn Vineyards: 400 \u2013 500 g \/ hectare<br \/>\nIn Citrus: 400 \u2013 500 g \/ hectare<br \/>\nIn Cut Flowers: 400 \u2013 500 g \/ hectare<br \/>\nIn Seedlings: 400 \u2013 500 g \/ hectare<\/p>\n<p>2-3 applications, 45 days before harvest, 30 days before, and 15 days before.<\/p>\n<h3>Manufacturer<\/h3>\n<p>ASFERT GLOBAL LDA<br \/>\nRua Nova da CEE<br \/>\n2005-008 V\u00e1rzea<br \/>\nSantar\u00e9m \u2013 PORTUGAL<\/p>\n<h3>Importer<\/h3>\n<p>UNITTAR AGRICULTURAL INDUSTRY AND TRADE INC.<br \/>\nEtiler Mah. 829 Sok. A Plaza 3\/503 Muratpa\u015fa \u2013 ANTALYA<br \/>\nTel: 0 242 311 07 33<br \/>\nFax: 0 242 311 07 55<\/p>","protected":false},"excerpt":{"rendered":"<p>EC FERTILIZER PK G\u00dcBRES\u0130 HARMANLANMI\u015e 0 \u2013 5 \u2013 23 + ME Garanti Edilen \u0130\u00e7erik (w\/w) Suda \u00c7\u00f6z\u00fcn\u00fcr Fosfor Pentaoksit (P\u2082O\u2085): %5 Suda \u00c7\u00f6z\u00fcn\u00fcr Potasyum Oksit (K\u2082O): %23 Suda \u00c7\u00f6z\u00fcn\u00fcr \u00c7inko (Zn): %8 Klor i\u00e7eri\u011fi:<\/p>","protected":false},"featured_media":15115,"template":"","meta":[],"product_brand":[],"product_cat":[62],"product_tag":[65,64,63],"class_list":{"0":"post-15114","1":"product","2":"type-product","3":"status-publish","4":"has-post-thumbnail","6":"product_cat-asfertglobal","7":"product_tag-asfertglobal","8":"product_tag-gubre","9":"product_tag-organik","11":"first","12":"instock","13":"shipping-taxable","14":"product-type-simple"},"_links":{"self":[{"href":"https:\/\/unittar.com\/en\/wp-json\/wp\/v2\/product\/15114","targetHints":{"allow":["GET"]}}],"collection":[{"href":"https:\/\/unittar.com\/en\/wp-json\/wp\/v2\/product"}],"about":[{"href":"https:\/\/unittar.com\/en\/wp-json\/wp\/v2\/types\/product"}],"version-history":[{"count":3,"href":"https:\/\/unittar.com\/en\/wp-json\/wp\/v2\/product\/15114\/revisions"}],"predecessor-version":[{"id":15574,"href":"https:\/\/unittar.com\/en\/wp-json\/wp\/v2\/product\/15114\/revisions\/15574"}],"wp:featuredmedia":[{"embeddable":true,"href":"https:\/\/unittar.com\/en\/wp-json\/wp\/v2\/media\/15115"}],"wp:attachment":[{"href":"https:\/\/unittar.com\/en\/wp-json\/wp\/v2\/media?parent=15114"}],"wp:term":[{"taxonomy":"product_brand","embeddable":true,"href":"https:\/\/unittar.com\/en\/wp-json\/wp\/v2\/product_brand?post=15114"},{"taxonomy":"product_cat","embeddable":true,"href":"https:\/\/unittar.com\/en\/wp-json\/wp\/v2\/product_cat?post=15114"},{"taxonomy":"product_tag","embeddable":true,"href":"https:\/\/unittar.com\/en\/wp-json\/wp\/v2\/product_tag?post=15114"}],"curies":[{"name":"wp","href":"https:\/\/api.w.org\/{rel}","templated":true}]}}