{"id":15110,"date":"2022-10-19T16:18:05","date_gmt":"2022-10-19T13:18:05","guid":{"rendered":"https:\/\/unittar.com\/?post_type=product&#038;p=15110"},"modified":"2026-02-24T21:22:10","modified_gmt":"2026-02-24T18:22:10","slug":"kiplant-all-grip","status":"publish","type":"product","link":"https:\/\/unittar.com\/en\/product\/kiplant-all-grip\/","title":{"rendered":"KIPLANT ALL GRIP"},"content":{"rendered":"<h3>Guaranteed Content<\/h3>\n<p>Total Live Microorganisms: 1 x 10\u2078 cfu\/ml<\/p>\n<p>Live Microorganisms Contained:<\/p>\n<p>Bacillus megaterium BS1<\/p>\n<p>Pseudomonas fluorescens BS2<\/p>\n<p>Pseudomonas putida BS3<\/p>\n<h3>Warnings<\/h3>\n<p>Keep away from children and food.<\/p>\n<p>Protect from skin and eye contact.<\/p>\n<p>Must not be swallowed or inhaled.<\/p>\n<p>Never exceed appropriate dosage ratios. Use only where necessary.<\/p>\n<p>Do not reuse empty packaging for other purposes.<\/p>\n<p>Dispose of packaging after use.<\/p>\n<p>It is recommended to use fertilizer after soil and\/or leaf analysis is performed.<\/p>\n<h3>Suitable Soil Types<\/h3>\n<p>, SOIL PH DEGREE AND SOIL TEMPERATURE<\/p>\n<p>Soil types:<br \/>\nKIPLANT ALL-GRIP is effective and efficient for a wide variety of soil types, including all soil types used in agriculture.<\/p>\n<p>Soil pH level:<br \/>\nKIPLANT ALL-GRIP is effective and efficient over a wide range of soil pH with optimum pH values between 5 and 9.<\/p>\n<p>Soil temperature:<br \/>\nKIPLANT ALL-GRIP is effective and efficient over a wide range of soil temperature with optimum temperature values between 14\u00b0C and 30\u00b0C.<\/p>\n<h3>Storage<\/h3>\n<p>As Asfertglobal, we declare that our KIPLANT ALL-GRIP product should be stored in its original packaging at a temperature not exceeding 30\u00b0C or below 5\u00b0C and kept away from direct sunlight.<\/p>\n<p>Under these conditions, the shelf life of the product is two (2) years.<\/p>\n<h3>Compatibility<\/h3>\n<p>Do not mix with fungicides.<br \/>\nPerform a pre-mix test for compatibility with other plant nutrition products.<\/p>\n<h3>Application Dosage and Usage<\/h3>\n<p>Products:<br \/>\nAll vegetables, cereals (corn, wheat, rice, etc.), fruit trees, vineyards and olive trees.<\/p>\n<p>Usage instructions:<br \/>\nDosage: 0.3 \u2013 0.6 liters\/hectare, one or two applications during the sowing period, recommended to be applied together with the fertilization system.<\/p>\n<p>First dissolved in water with continuous shaking.<br \/>\nCan also be applied directly to the soil as a spray (after dilution in water).<\/p>\n<p>Note:<br \/>\nThe dosages given are for guidance only. For a more detailed fertilization program, please have soil and leaf analysis performed and consult our technical staff.<\/p>\n<h3>Company Statement<\/h3>\n<p>Importer guarantees the analyzed content at the time of product delivery; however, any problems arising from incorrect use, improper storage and non-compliance with recommended dosages are the responsibility of the user. The importer cannot be held responsible.<\/p>\n<h3>Ministry Information<\/h3>\n<p>Ministry Registration No: 2023T04070<br \/>\nMinistry License No: 1851<br \/>\nBatch \/ Serial No: 2024-101<br \/>\nBatch No: 1242602<\/p>\n<p>Net Weight: 1 Kg<br \/>\nVolume: 1 Litre<\/p>\n<h3>Manufacturer<\/h3>\n<p>ASFERT GLOBAL LDA<br \/>\nRua Nova da CEE Perofilho, 2005-008 Varzea &#8211; Santarem &#8211; Portugal<\/p>\n<h3>Importer<\/h3>\n<p>UNITTAR AGRICULTURAL INDUSTRY AND TRADE INC.<br \/>\nEtler Mah. 829 Sok. A Plaza No: 3\/503 Muratpa\u015fa &#8211; Antalya<br \/>\nTel: 0 242 311 07 33<br \/>\nFax: 0 242 311 07 55<\/p>\n<p>The texts below on the label have been arranged in compliance with ministry format while preserving the content exactly.<br \/>\nSource:<\/p>","protected":false},"excerpt":{"rendered":"<p>Garanti Edilen \u0130\u00e7erik Toplam Canl\u0131 Mikroorganizma: 1 x 10\u2078 cfu\/ml \u0130\u00e7erdi\u011fi Canl\u0131 Mikroorganizmalar: Bacillus megaterium BS1 Pseudomonas fluorescens BS2 Pseudomonas putida BS3 Uyar\u0131lar \u00c7ocuklardan ve g\u0131dalardan uzak tutunuz. Deri ve g\u00f6z temas\u0131ndan koruyunuz. Yutulmamas\u0131 ve teneff\u00fcs edilmemesi gerekir. Asla uygun&#8230;<\/p>","protected":false},"featured_media":15112,"template":"","meta":[],"product_brand":[],"product_cat":[62],"product_tag":[65,64,63],"class_list":{"0":"post-15110","1":"product","2":"type-product","3":"status-publish","4":"has-post-thumbnail","6":"product_cat-asfertglobal","7":"product_tag-asfertglobal","8":"product_tag-gubre","9":"product_tag-organik","11":"first","12":"instock","13":"shipping-taxable","14":"product-type-simple"},"_links":{"self":[{"href":"https:\/\/unittar.com\/en\/wp-json\/wp\/v2\/product\/15110","targetHints":{"allow":["GET"]}}],"collection":[{"href":"https:\/\/unittar.com\/en\/wp-json\/wp\/v2\/product"}],"about":[{"href":"https:\/\/unittar.com\/en\/wp-json\/wp\/v2\/types\/product"}],"version-history":[{"count":3,"href":"https:\/\/unittar.com\/en\/wp-json\/wp\/v2\/product\/15110\/revisions"}],"predecessor-version":[{"id":15554,"href":"https:\/\/unittar.com\/en\/wp-json\/wp\/v2\/product\/15110\/revisions\/15554"}],"wp:featuredmedia":[{"embeddable":true,"href":"https:\/\/unittar.com\/en\/wp-json\/wp\/v2\/media\/15112"}],"wp:attachment":[{"href":"https:\/\/unittar.com\/en\/wp-json\/wp\/v2\/media?parent=15110"}],"wp:term":[{"taxonomy":"product_brand","embeddable":true,"href":"https:\/\/unittar.com\/en\/wp-json\/wp\/v2\/product_brand?post=15110"},{"taxonomy":"product_cat","embeddable":true,"href":"https:\/\/unittar.com\/en\/wp-json\/wp\/v2\/product_cat?post=15110"},{"taxonomy":"product_tag","embeddable":true,"href":"https:\/\/unittar.com\/en\/wp-json\/wp\/v2\/product_tag?post=15110"}],"curies":[{"name":"wp","href":"https:\/\/api.w.org\/{rel}","templated":true}]}}