{"id":15096,"date":"2022-10-19T16:22:59","date_gmt":"2022-10-19T13:22:59","guid":{"rendered":"https:\/\/unittar.com\/?post_type=product&#038;p=15096"},"modified":"2026-02-24T21:22:47","modified_gmt":"2026-02-24T18:22:47","slug":"idermil-plus","status":"publish","type":"product","link":"https:\/\/unittar.com\/en\/product\/idermil-plus\/","title":{"rendered":"IDERMIL PLUS"},"content":{"rendered":"<h3>Guaranteed Content<\/h3>\n<p>(w\/w)<\/p>\n<p>Total Nitrogen (N): %3 w\/w<\/p>\n<p>Urea Nitrogen (N): %3 w\/w<\/p>\n<p>Phosphorus Pentoxide (P\u2082O\u2085): w\/w<\/p>\n<p>Water Soluble<\/p>\n<h3>Warnings<\/h3>\n<p>H315: Causes skin irritation.<br \/>\nH319: Causes serious eye irritation.<\/p>\n<p>P102: Keep out of reach of children.<br \/>\nP264: Wash hands thoroughly after handling.<br \/>\nP270: Do not eat, drink or smoke when using this product.<br \/>\nP280: Wear protective gloves\/protective clothing\/eye protection\/face protection.<br \/>\nP305 + P351 + P338: IF IN EYES: Rinse cautiously with water for several minutes. Remove contact lenses, if present and easy to do. Continue rinsing.<br \/>\nP302 + P352: IF ON SKIN: Wash with plenty of soap and water.<br \/>\nP332 + P313: If skin irritation occurs: Get medical advice.<br \/>\nP337 + P313: If eye irritation persists: Get medical advice.<\/p>\n<p>Protect from sunlight.<br \/>\nDo not exceed recommended dosages.<\/p>\n<h3>Storage<\/h3>\n<p>Normally (dry and cool place) maintains its physical and chemical properties for at least 5 years.<br \/>\nStorage temperature is 0 \u00b0C \u2013 +45 \u00b0C (degrees).<\/p>\n<h3>Compatibility<\/h3>\n<p>There is no problem in applying it mixed with agricultural chemicals and other fertilizers.<br \/>\nPerform a pre-mix test to ensure proper mixing.<\/p>\n<h3>Solubility<\/h3>\n<p>Water soluble at recommended doses, does not precipitate and leaves no residue in any way.<\/p>\n<h3>Application Dosage and Usage<\/h3>\n<p>Foliar Application:<\/p>\n<p>50 &#8211; 100 ml \/ 100 L water<\/p>\n<p>Added to spray water to reduce the effect of carbonates and bicarbonates.<\/p>\n<p>Idermil Plus increases dissolution speed and facilitates drug solubility, acting against them.<\/p>\n<p>Note:<br \/>\nThe dosages given are for guidance only. For a more detailed fertilization program, please have soil and leaf analysis performed and consult our technical staff.<\/p>\n<h3>Ministry Information<\/h3>\n<p>Ministry Registration No:<br \/>\nMinistry License No: 1851<br \/>\nBatch \/ Serial No: 2024-115<br \/>\nBatch Number: 1241411<\/p>\n<p>Net Weight: 1.2 Kg<br \/>\nVolume: 1 Litre<\/p>\n<h3>Manufacturer<\/h3>\n<p>ASFERT GLOBAL LDA<br \/>\nRua Nova da CEE<br \/>\n2005-008 V\u00e1rzea &#8211; Santar\u00e9m (Portugal)<br \/>\nTel: (+351) 243 779 431<br \/>\nE-mail: info@asfertglobal.com<br \/>\nwww.asfertglobal.com<\/p>\n<h3>Importer<\/h3>\n<p>UNITTAR AGRICULTURAL INDUSTRY AND TRADE INC.<br \/>\nEtilers Mah. 829 Sok. A Plaza No: 3\/503 Muratpa\u015fa &#8211; ANTALYA<br \/>\nTel: 0 242 311 07 33<br \/>\nFax: 0 242 311 07 55<\/p>","protected":false},"excerpt":{"rendered":"<p>Garanti Edilen \u0130\u00e7erik (w\/w) Toplam Azot (N): %3 w\/w \u00dcre Azotu (N): %3 w\/w Fosfor Pentaoksit (P\u2082O\u2085): %20 w\/w Suda \u00c7\u00f6z\u00fcn\u00fcr Uyar\u0131lar H315: Cilt tahri\u015fine neden olur. H319: Ciddi g\u00f6z tahri\u015fine neden olur. P102: \u00c7ocuklar\u0131n eri\u015femeyece\u011fi yerde saklay\u0131n. P264: Elle\u00e7lemeden&#8230;<\/p>","protected":false},"featured_media":15097,"template":"","meta":[],"product_brand":[],"product_cat":[62],"product_tag":[65,64,63],"class_list":{"0":"post-15096","1":"product","2":"type-product","3":"status-publish","4":"has-post-thumbnail","6":"product_cat-asfertglobal","7":"product_tag-asfertglobal","8":"product_tag-gubre","9":"product_tag-organik","11":"first","12":"instock","13":"shipping-taxable","14":"product-type-simple"},"_links":{"self":[{"href":"https:\/\/unittar.com\/en\/wp-json\/wp\/v2\/product\/15096","targetHints":{"allow":["GET"]}}],"collection":[{"href":"https:\/\/unittar.com\/en\/wp-json\/wp\/v2\/product"}],"about":[{"href":"https:\/\/unittar.com\/en\/wp-json\/wp\/v2\/types\/product"}],"version-history":[{"count":3,"href":"https:\/\/unittar.com\/en\/wp-json\/wp\/v2\/product\/15096\/revisions"}],"predecessor-version":[{"id":15559,"href":"https:\/\/unittar.com\/en\/wp-json\/wp\/v2\/product\/15096\/revisions\/15559"}],"wp:featuredmedia":[{"embeddable":true,"href":"https:\/\/unittar.com\/en\/wp-json\/wp\/v2\/media\/15097"}],"wp:attachment":[{"href":"https:\/\/unittar.com\/en\/wp-json\/wp\/v2\/media?parent=15096"}],"wp:term":[{"taxonomy":"product_brand","embeddable":true,"href":"https:\/\/unittar.com\/en\/wp-json\/wp\/v2\/product_brand?post=15096"},{"taxonomy":"product_cat","embeddable":true,"href":"https:\/\/unittar.com\/en\/wp-json\/wp\/v2\/product_cat?post=15096"},{"taxonomy":"product_tag","embeddable":true,"href":"https:\/\/unittar.com\/en\/wp-json\/wp\/v2\/product_tag?post=15096"}],"curies":[{"name":"wp","href":"https:\/\/api.w.org\/{rel}","templated":true}]}}