{"id":15091,"date":"2022-10-19T16:08:21","date_gmt":"2022-10-19T13:08:21","guid":{"rendered":"https:\/\/unittar.com\/?post_type=product&#038;p=15091"},"modified":"2026-02-24T21:23:05","modified_gmt":"2026-02-24T18:23:05","slug":"calcigeo","status":"publish","type":"product","link":"https:\/\/unittar.com\/en\/product\/calcigeo\/","title":{"rendered":"CALCIGEO"},"content":{"rendered":"<h3>Guaranteed Content<\/h3>\n<p>(w\/w)<\/p>\n<p>Total Nitrogen (N): %8<\/p>\n<p>Nitrate Nitrogen (N): %8<\/p>\n<p>Water Soluble Calcium Oxide (CaO):<\/p>\n<p>Water Soluble Boron (B): %0.3<\/p>\n<h3>Warnings<\/h3>\n<p>Warning! Keep away from children and food.<\/p>\n<p>Protect from skin and eye contact.<\/p>\n<p>Must not be swallowed or inhaled.<\/p>\n<p>Never exceed appropriate dosage ratios. Use only where necessary.<\/p>\n<p>Do not reuse empty packaging for other purposes.<\/p>\n<p>Dispose of packaging after use.<\/p>\n<h3>Storage<\/h3>\n<p>Normally (dry and cool place) maintains its physical and chemical properties for at least 5 years.<br \/>\nStorage temperature is 0 \u00b0C \u2013 +45 \u00b0C (degrees).<\/p>\n<h3>Compatibility<\/h3>\n<p>There is no problem in applying it mixed with agricultural chemicals and other fertilizers.<br \/>\nPerform a pre-mix test to ensure proper mixing.<\/p>\n<h3>Solubility<\/h3>\n<p>Water soluble at recommended doses, does not precipitate and leaves no residue in any way.<\/p>\n<h3>Application Dosage and Usage<\/h3>\n<p>Application by drip \/ sprinkler irrigation:<\/p>\n<p>In Vegetable Growing: 0.8 \u2013 1 L\/hectare<br \/>\nIn Fruit Growing: 1 \u2013 1.5 L\/hectare<br \/>\nIn Vineyards and Olive Growing: 0.8 \u2013 1 L\/hectare<br \/>\nIn Field Crops: 0.5 \u2013 1 L\/hectare<br \/>\nIn Citrus: 1 \u2013 1.2 L\/hectare<\/p>\n<p>Note:<br \/>\nThe dosages given are for guidance only. For a more detailed fertilization program, please have soil and leaf analysis performed and consult our technical staff.<\/p>\n<h3>Ministry Information<\/h3>\n<p>Ministry Registration No:<br \/>\nMinistry License No: 1851<br \/>\nBatch \/ Serial No: 2024-110<br \/>\nBatch number: 1242602<\/p>\n<p>Net Weight: 1 kg<br \/>\nVolume: 1 Litre<\/p>\n<h3>Manufacturer<\/h3>\n<p>ASFERT GLOBAL LDA<br \/>\nRua Nova da CEE<br \/>\n2005-008 V\u00e1rzea &#8211; Santar\u00e9m (Portugal)<br \/>\nTel: (+351) 243 779 431<br \/>\nE-mail: info@asfertglobal.com<br \/>\nwww.asfertglobal.com<\/p>\n<h3>Importer<\/h3>\n<p>UNITTAR AGRICULTURAL INDUSTRY AND TRADE INC.<br \/>\nEtilers Mah. 829 Sok. A Plaza No: 3\/503 Muratpa\u015fa &#8211; ANTALYA<br \/>\nTel: 0 242 311 07 33<br \/>\nFax: 0 242 311 07 55<\/p>","protected":false},"excerpt":{"rendered":"<p>Garanti Edilen \u0130\u00e7erik (w\/w) Toplam Azot (N): %8 Nitrat Azotu (N): %8 Suda \u00c7\u00f6z\u00fcn\u00fcr Kalsiyum Oksit (CaO): %14 Suda \u00c7\u00f6z\u00fcn\u00fcr Bor (B): %0,3 Uyar\u0131lar Dikkat! \u00c7ocuklardan ve g\u0131dalardan uzak tutunuz. Deri ve g\u00f6z temas\u0131ndan koruyunuz. Yutulmamas\u0131 ve teneff\u00fcs edilmemesi gerekir&#8230;.<\/p>","protected":false},"featured_media":15092,"template":"","meta":[],"product_brand":[],"product_cat":[62],"product_tag":[65,64,63],"class_list":{"0":"post-15091","1":"product","2":"type-product","3":"status-publish","4":"has-post-thumbnail","6":"product_cat-asfertglobal","7":"product_tag-asfertglobal","8":"product_tag-gubre","9":"product_tag-organik","11":"first","12":"instock","13":"shipping-taxable","14":"product-type-simple"},"_links":{"self":[{"href":"https:\/\/unittar.com\/en\/wp-json\/wp\/v2\/product\/15091","targetHints":{"allow":["GET"]}}],"collection":[{"href":"https:\/\/unittar.com\/en\/wp-json\/wp\/v2\/product"}],"about":[{"href":"https:\/\/unittar.com\/en\/wp-json\/wp\/v2\/types\/product"}],"version-history":[{"count":3,"href":"https:\/\/unittar.com\/en\/wp-json\/wp\/v2\/product\/15091\/revisions"}],"predecessor-version":[{"id":15561,"href":"https:\/\/unittar.com\/en\/wp-json\/wp\/v2\/product\/15091\/revisions\/15561"}],"wp:featuredmedia":[{"embeddable":true,"href":"https:\/\/unittar.com\/en\/wp-json\/wp\/v2\/media\/15092"}],"wp:attachment":[{"href":"https:\/\/unittar.com\/en\/wp-json\/wp\/v2\/media?parent=15091"}],"wp:term":[{"taxonomy":"product_brand","embeddable":true,"href":"https:\/\/unittar.com\/en\/wp-json\/wp\/v2\/product_brand?post=15091"},{"taxonomy":"product_cat","embeddable":true,"href":"https:\/\/unittar.com\/en\/wp-json\/wp\/v2\/product_cat?post=15091"},{"taxonomy":"product_tag","embeddable":true,"href":"https:\/\/unittar.com\/en\/wp-json\/wp\/v2\/product_tag?post=15091"}],"curies":[{"name":"wp","href":"https:\/\/api.w.org\/{rel}","templated":true}]}}