{"id":15022,"date":"2022-10-19T16:30:31","date_gmt":"2022-10-19T13:30:31","guid":{"rendered":"https:\/\/unittar.com\/?post_type=product&#038;p=15022"},"modified":"2026-02-24T21:26:21","modified_gmt":"2026-02-24T18:26:21","slug":"asplant-14-7-14-14cao-te","status":"publish","type":"product","link":"https:\/\/unittar.com\/en\/product\/asplant-14-7-14-14cao-te\/","title":{"rendered":"ASPLANT 14-7-14 + 14CaO + TE"},"content":{"rendered":"<p>FULLY WATER SOLUBLE<\/p>\n<h3>Guaranteed Content<\/h3>\n<p>(W\/W)<\/p>\n<p>Total Nitrogen (N) ......................................................................................<br \/>\nAmmonium Nitrogen (N) ..................................................................................%1<br \/>\nNitrate Nitrogen (N) ....................................................................................<br \/>\nUrea Nitrogen (N) ..........................................................................................%2<br \/>\nWater Soluble Phosphorus Pentoxide (P\u2082O\u2085) ............................................%7<br \/>\nWater Soluble Potassium Oxide (K\u2082O) ..........................................................<br \/>\nWater Soluble Calcium Oxide (CaO) ..............................................................<br \/>\nWater Soluble Boron (B) ................................................................................%0.01<br \/>\nWater Soluble Copper (Cu) (Fully chelated with EDTA) .......................%0.003<br \/>\nWater Soluble Iron (Fe) (Fully chelated with EDTA) .......................%0.07<br \/>\nWater Soluble Manganese (Mn) (Fully chelated with EDTA) .................%0.03<br \/>\nWater Soluble Molybdenum (Mo) ..................................................................%0.002<br \/>\nWater Soluble Zinc (Zn) (Fully chelated with EDTA) .......................%0.006<\/p>\n<p>pH RANGE FOR EDTA CHELATE STABILITY:<\/p>\n<p>Copper (3-9)<br \/>\nIron (6.5-11)<br \/>\nManganese (5-9)<br \/>\nZinc (4-11)<\/p>\n<h3>Warnings<\/h3>\n<li>Keep away from children and food.<br \/>\n\u2022 Protect from skin and eye contact.<br \/>\n\u2022 Must not be swallowed or inhaled.<br \/>\n\u2022 Use only where necessary.<br \/>\n\u2022 Do not exceed the appropriate dosage.<br \/>\n\u2022 It is recommended to use fertilizer after conducting soil and\/or leaf analysis.<\/li>\n<h3>Storage<\/h3>\n<p>Normally (dry and cool place) maintains its physical and chemical properties for at least 5 years.<br \/>\nStorage temperature 0\u00b0C \u2013 +45\u00b0C (degrees).<\/p>\n<h3>Compatibility<\/h3>\n<p>There is no problem with mixing and applying together with pesticides and fertilizers.<br \/>\nPerform a pre-mix test to ensure proper mixing.<\/p>\n<h3>Company Statement<\/h3>\n<p>Importer guarantees the analyzed content of the product. However, errors that may occur due to incorrect use, incorrect storage and non-compliance with recommended dosages are the responsibility of the user. The importer cannot be held responsible.<\/p>\n<h3>Solubility<\/h3>\n<p>Water soluble at recommended doses, does not precipitate and leaves no residue in any way.<\/p>\n<p>Ministry Registration No: 33974<br \/>\nLicense No: 1851<br \/>\nNet Weight: 15 KG<\/p>\n<h3>Application Dosage and Usage<\/h3>\n<p>APPLICATION BY DRIP IRRIGATION<\/p>\n<p>In Vegetables: 2 \u2013 2.5 kg\/da in single application.<br \/>\nIn Fruit Growing: 2 \u2013 3 kg\/da in single application.<br \/>\nBanana: 2 \u2013 3 kg\/da in single application.<br \/>\nCitrus: 2 \u2013 2.5 kg\/da in single application.<br \/>\nVineyard: 2 \u2013 2.5 kg\/da in single application.<br \/>\nIn Cut Flowers: 2 \u2013 2.5 kg\/da in single application.<\/p>\n<p>FOLIAR APPLICATION<\/p>\n<p>In Vegetables: 250 gr \/ 100 liters water<br \/>\nFruit Production: 250 \u2013 300 g \/ 100 liters water<br \/>\nBanana: 300 g \/ 100 liters water<br \/>\nCitrus: 300 g \/ 100 liters water<br \/>\nVineyard: 250 \u2013 300 gr \/ 100 litre water<br \/>\nCut Flower Production: 250 g \/ 100 liters water<br \/>\nIn Field Crops: 200 \u2013 250 gr \/ dekar<br \/>\nSugar Beet: 250 gr\/dekar<\/p>\n<p>Note: The given dosages are advisory in nature; for a more detailed fertilization program, please obtain soil and leaf analysis and consult with our technical staff.<\/p>\n<h3>Manufacturer<\/h3>\n<p>ASFERGLOBAL PORTUGAL<br \/>\nRua Nova da CEE<br \/>\n2005-008 Varzea \u2013 Santarem \u2013 PORTUGAL<br \/>\nTel: (+351) 243 779 431<br \/>\ninfo@asfertglobal.com<\/p>\n<h3>Importer<\/h3>\n<p>UNITTAR AGRICULTURAL IND. TRADE INC.<br \/>\nEtiler Mah. 829 Sk. A Plaza 3\/503<br \/>\nMuratpa\u015fa \/ ANTALYA<br \/>\nTel: +90 242 311 07 33<br \/>\nFax: +90 242 311 07 55<\/p>\n<p>ASPLANT 15-7-25+TE<\/p>\n<p>EC FERTILIZER \u2013 MIXED NPK FERTILIZER<\/p>\n<p>Fully Water Soluble<\/p>\n<h3>Guaranteed Content<\/h3>\n<p>(W\/W)<\/p>\n<p>Total Nitrogen (N):<\/p>\n<p>Ammonium Nitrogen (N): %8<\/p>\n<p>Nitrate Nitrogen (N): %7<\/p>\n<p>Water Soluble Phosphorus Pentoxide (P\u2082O\u2085): %7<\/p>\n<p>Water Soluble Potassium Oxide (K\u2082O):<\/p>\n<p>Water Soluble Boron (B): %0.01<\/p>\n<p>Water Soluble Copper (Cu): %0.003 (Fully chelated with EDTA.)<\/p>\n<p>Water Soluble Iron (Fe): %0.07 (Fully chelated with EDTA.)<\/p>\n<p>Water Soluble Manganese (Mn): %0.03 (Fully chelated with EDTA.)<\/p>\n<p>Water Soluble Molybdenum (Mo): %0.002<\/p>\n<p>Water Soluble Zinc (Zn): %0.006 (Fully chelated with EDTA.)<\/p>\n<p>pH RANGE FOR EDTA CHELATE STABILITY<\/p>\n<p>Copper: 3\u20139<\/p>\n<p>Iron: 6.5\u201311<\/p>\n<p>Manganese: 5\u20139<\/p>\n<p>Zinc: 4\u201311<\/p>\n<h3>Ministry Information<\/h3>\n<p>Ministry Registration No: 33976<\/p>\n<p>License No: 1851<\/p>\n<p>Batch No: 2025-041<\/p>\n<p>Net Weight: 15 KG<\/p>\n<p>Batch No: 1250304<\/p>\n<h3>Application Dosage and Usage<\/h3>\n<p>APPLICATION BY DRIP IRRIGATION<\/p>\n<p>In Vegetables: 2 \u2013 2.5 kg\/da single application<\/p>\n<p>Fruit Production: 2 \u2013 3 kg\/hectare single application<\/p>\n<p>Banana: 2 \u2013 3 kg\/hectare single application<\/p>\n<p>Citrus: 2 \u2013 2.5 kg\/hectare single application<\/p>\n<p>Vineyard: 2 \u2013 2.5 kg\/da single application<\/p>\n<p>Cut Flower Production: 2 \u2013 2.5 kg\/hectare single application<\/p>\n<p>FOLIAR APPLICATION<\/p>\n<p>In Vegetables: 250 gr \/ 100 liters water<\/p>\n<p>Fruit Production: 250 \u2013 300 g \/ 100 liters water<\/p>\n<p>Banana: 300 g \/ 100 liters water<\/p>\n<p>Citrus: 300 g \/ 100 liters water<\/p>\n<p>Vineyard: 250 \u2013 300 gr \/ 100 litre water<\/p>\n<p>Cut Flower Production: 250 g \/ 100 liters water<\/p>\n<p>In Field Crops: 200 \u2013 250 gr \/ dekar<\/p>\n<p>Sugar Beet: 250 g \/ da<\/p>\n<h3>Storage<\/h3>\n<p>Normally (dry and cool place) maintains its physical and chemical properties for at least 5 years.<br \/>\nStorage temperature: 0\u00b0C \u2013 +45\u00b0C<\/p>\n<p>COMPATIBILITY<\/p>\n<p>There is no problem with mixing and applying it together with agricultural chemicals and fertilizers. Perform a pre-mix test to ensure compatibility.<\/p>\n<h3>Solubility<\/h3>\n<p>Water soluble at recommended doses, does not precipitate and leaves no residue in any way.<\/p>\n<h3>Warnings<\/h3>\n<p>Keep away from children and food.<\/p>\n<p>Protect from skin and eye contact.<\/p>\n<p>Must not be swallowed or inhaled.<\/p>\n<p>Never exceed appropriate dosage ratios.<\/p>\n<p>Use only where necessary.<\/p>\n<p>Do not exceed the recommended dosage.<\/p>\n<p>It is recommended to use fertilizer after soil and\/or leaf analysis is performed.<\/p>\n<p>ASPLANT 19-19-19+TE<\/p>\n<p>FULLY WATER SOLUBLE<\/p>\n<h3>Guaranteed Content<\/h3>\n<p>(W\/W)<\/p>\n<p>Total Nitrogen (N) ......................................................................................<br \/>\nAmmonium Nitrogen (N) ................................................................................%3.9<br \/>\nNitrate Nitrogen (N) ....................................................................................%5.4<br \/>\nUrea Nitrogen (N) ..........................................................................................%9.7<br \/>\nWater Soluble Phosphorus Pentoxide (P\u2082O\u2085) ............................................<br \/>\nWater Soluble Potassium Oxide (K\u2082O) ............................................................<br \/>\nWater Soluble Boron (B) ................................................................................%0.01<br \/>\nWater Soluble Copper (Cu) (Fully chelated with EDTA) .......................%0.003<br \/>\nWater Soluble Iron (Fe) (Fully chelated with EDTA) .......................%0.07<br \/>\nWater Soluble Manganese (Mn) (Fully chelated with EDTA) .................%0.03<br \/>\nWater Soluble Molybdenum (Mo) ..................................................................%0.002<br \/>\nWater Soluble Zinc (Zn) (Fully chelated with EDTA) .......................%0.006<\/p>\n<p>pH RANGE FOR EDTA CHELATE STABILITY:<\/p>\n<p>Copper (3-9) Iron (6.5-11) Manganese (5-9) Zinc (4-11)<\/p>\n<h3>Warnings<\/h3>\n<p>Keep away from children and food.<br \/>\nProtect from skin and eye contact.<br \/>\nMust not be swallowed or inhaled.<br \/>\nUse only where necessary.<br \/>\nDo not exceed the recommended dosage.<br \/>\nIt is recommended to use fertilizer after soil and\/or leaf analysis is performed.<\/p>\n<h3>Storage<\/h3>\n<p>Normally (dry and cool place) maintains its physical and chemical properties for at least 5 years.<br \/>\nStorage temperature 0 \u00b0C &#8211; +45 \u00b0C (degrees).<\/p>\n<h3>Compatibility<\/h3>\n<p>There is no problem with mixing and applying together with pesticides and fertilizers.<br \/>\nPerform a pre-mix test to ensure proper mixing.<\/p>\n<h3>Company Statement<\/h3>\n<p>Importer guarantees the analyzed content of the product. However, errors that may occur due to incorrect use, incorrect storage and non-compliance with recommended dosages are the responsibility of the user. The importer cannot be held responsible.<\/p>\n<h3>Solubility<\/h3>\n<p>Water soluble at recommended doses, does not precipitate and leaves no residue in any way.<\/p>\n<p>Ministry Registration No: 33975<br \/>\nLicense No: 1851<br \/>\nNet Weight: 15 KG<br \/>\nBatch No: 2024-123<br \/>\nBatch No: 1243012<\/p>\n<h3>Application Dosage and Usage<\/h3>\n<p>APPLICATION BY DRIP IRRIGATION<\/p>\n<p>In Vegetables: 2 \u2013 2.5 kg\/da in single application.<br \/>\nIn Fruit Growing: 2 \u2013 3 kg\/da in single application.<br \/>\nBanana: 2 \u2013 3 kg\/da in single application.<br \/>\nCitrus: 2 \u2013 2.5 kg\/da in single application.<br \/>\nVineyard: 2 \u2013 2.5 kg\/da in single application.<br \/>\nIn Cut Flowers: 2 \u2013 2.5 kg\/da in single application.<\/p>\n<p>FOLIAR APPLICATION<\/p>\n<p>In Vegetables: 250 gr \/ 100 liters water<br \/>\nFruit Production: 250 \u2013 300 g \/ 100 liters water<br \/>\nBanana: 300 g \/ 100 liters water<br \/>\nCitrus: 300 g \/ 100 liters water<br \/>\nVineyard: 250 \u2013 300 gr \/ 100 litre water<br \/>\nCut Flower Production: 250 g \/ 100 liters water<br \/>\nIn Field Crops: 200 \u2013 250 gr \/ dekar<br \/>\nSugar Beet: 250 gr\/dekar<\/p>\n<p>ASPLANT 20-10-20+(2.5 MgO)+TE<\/p>\n<p>FULLY WATER SOLUBLE<\/p>\n<h3>Guaranteed Content<\/h3>\n<p>(W\/W)<\/p>\n<p>Total Nitrogen (N) ......................................................................................<br \/>\nUrea Nitrogen (N) ..........................................................................................<br \/>\nNitrate Nitrogen (N) ....................................................................................%6<br \/>\nAmmonium Nitrogen (N) ................................................................................%4<br \/>\nWater Soluble Phosphorus Pentoxide (P\u2082O\u2085) ............................................<br \/>\nWater Soluble Potassium Oxide (K\u2082O) ............................................................<br \/>\nWater Soluble Magnesium Oxide (MgO) ..........................................................%2.5<br \/>\nWater Soluble Boron (B) ................................................................................%0.010<br \/>\nWater Soluble Copper (Cu) (Fully chelated with EDTA) .......................%0.003<br \/>\nWater Soluble Iron (Fe) (Fully chelated with EDTA) .......................%0.075<br \/>\nWater Soluble Manganese (Mn) (Fully chelated with EDTA) .................%0.033<br \/>\nWater Soluble Molybdenum (Mo) ..................................................................%0.002<br \/>\nWater Soluble Zinc (Zn) (Fully chelated with EDTA) .......................%0.006<\/p>\n<p>pH RANGE FOR EDTA CHELATE STABILITY:<\/p>\n<p>Copper (3-9) Iron (6.5-11) Manganese (5-9) Zinc (4-11)<\/p>\n<h3>Warnings<\/h3>\n<p>Keep away from children and food.<br \/>\nProtect from skin and eye contact.<br \/>\nMust not be swallowed or inhaled.<br \/>\nUse only where necessary.<br \/>\nDo not exceed the recommended dosage.<br \/>\nIt is recommended to use fertilizer after soil and\/or leaf analysis is performed.<\/p>\n<h3>Storage<\/h3>\n<p>Under normal conditions (dry and cool location), it retains its physical and chemical properties for at least 3 years.<br \/>\nStorage temperature +5 \u00b0C \u2013 +30 \u00b0C<\/p>\n<h3>Compatibility<\/h3>\n<p>There is no problem with mixing and applying together with pesticides and fertilizers.<br \/>\nPerform a pre-mix test to ensure proper mixing.<\/p>\n<h3>Company Statement<\/h3>\n<p>Importer guarantees the analyzed content of the product. However, errors that may occur due to incorrect use, incorrect storage and non-compliance with recommended dosages are the responsibility of the user. The importer cannot be held responsible.<\/p>\n<h3>Solubility<\/h3>\n<p>Water soluble at recommended doses, does not precipitate and leaves no residue in any way.<\/p>\n<p>Ministry Registration No: 38570<br \/>\nLicense No: 1851<br \/>\nNet Weight: 15 KG<br \/>\nBatch No: 1232203<br \/>\nBatch No: 2023-304<\/p>\n<h3>Application Dosage and Usage<\/h3>\n<p>APPLICATION BY DRIP IRRIGATION<\/p>\n<p>In Vegetables: 2 \u2013 2.5 kg\/da in single application.<br \/>\nIn Fruit Growing: 2 \u2013 3 kg\/da in single application.<br \/>\nBanana: 2 \u2013 3 kg\/da in single application.<br \/>\nCitrus: 2 \u2013 2.5 kg\/da in single application.<br \/>\nVineyard: 2 \u2013 2.5 kg\/da in single application.<br \/>\nIn Cut Flowers: 2 \u2013 2.5 kg\/da in single application.<\/p>\n<p>FOLIAR APPLICATION<\/p>\n<p>In Vegetables: 250 gr \/ 100 liters water<br \/>\nFruit Production: 250 \u2013 300 g \/ 100 liters water<br \/>\nBanana: 300 g \/ 100 liters water<br \/>\nCitrus: 300 g \/ 100 liters water<br \/>\nVineyard: 250 \u2013 300 gr \/ 100 litre water<br \/>\nCut Flower Production: 250 g \/ 100 liters water<br \/>\nIn Field Crops: 200 \u2013 250 gr \/ dekar<br \/>\nSugar Beet: 250 gr\/dekar<\/p>\n<p>ASPLANT 20-20-20+TE<\/p>\n<p>FULLY WATER SOLUBLE<\/p>\n<h3>Guaranteed Content<\/h3>\n<p>(W\/W)<\/p>\n<p>Total Nitrogen (N) ......................................................................................<br \/>\nUrea Nitrogen (N) ..........................................................................................<br \/>\nNitrate Nitrogen (N) ....................................................................................%6<br \/>\nAmmonium Nitrogen (N) ................................................................................%4<br \/>\nWater Soluble Phosphorus Pentoxide (P\u2082O\u2085) ............................................<br \/>\nWater Soluble Potassium Oxide (K\u2082O) ............................................................<br \/>\nWater Soluble Boron (B) ................................................................................%0.010<br \/>\nWater Soluble Copper (Cu) (Fully chelated with EDTA) .......................%0.003<br \/>\nWater Soluble Iron (Fe) (Fully chelated with EDTA) .......................%0.075<br \/>\nWater Soluble Manganese (Mn) (Fully chelated with EDTA) .................%0.033<br \/>\nWater Soluble Molybdenum (Mo) ..................................................................%0.002<br \/>\nWater Soluble Zinc (Zn) (Fully chelated with EDTA) .......................%0.006<\/p>\n<p>pH RANGE FOR EDTA CHELATE STABILITY:<\/p>\n<p>Copper (3-9) Iron (6.5-11) Manganese (5-9) Zinc (4-11)<\/p>\n<h3>Warnings<\/h3>\n<p>Keep away from children and food.<br \/>\nProtect from skin and eye contact.<br \/>\nMust not be swallowed or inhaled.<br \/>\nUse only where necessary.<br \/>\nDo not exceed the recommended dosage.<br \/>\nIt is recommended to use fertilizer after soil and\/or leaf analysis is performed.<\/p>\n<h3>Storage<\/h3>\n<p>Normally (dry and cool place) maintains its physical and chemical properties for at least 5 years.<br \/>\nStorage temperature 0 \u00b0C &#8211; +45 \u00b0C (degrees).<\/p>\n<h3>Compatibility<\/h3>\n<p>There is no problem with mixing and applying together with pesticides and fertilizers.<br \/>\nPerform a pre-mix test to ensure proper mixing.<\/p>\n<h3>Company Statement<\/h3>\n<p>Importer guarantees the analyzed content of the product. However, errors that may occur due to incorrect use, incorrect storage and non-compliance with recommended dosages are the responsibility of the user. The importer cannot be held responsible.<\/p>\n<h3>Solubility<\/h3>\n<p>Water soluble at recommended doses, does not precipitate and leaves no residue in any way.<\/p>\n<p>Ministry Registration No: 38569<br \/>\nLicense No: 1851<br \/>\nNet Weight: 15 KG<br \/>\nBatch No: 1252608<br \/>\nBatch No: 2025-208<\/p>\n<h3>Application Dosage and Usage<\/h3>\n<p>APPLICATION BY DRIP IRRIGATION<\/p>\n<p>In Vegetables: 2 \u2013 2.5 kg\/da in single application.<br \/>\nIn Fruit Growing: 2 \u2013 3 kg\/da in single application.<br \/>\nBanana: 2 \u2013 3 kg\/da in single application.<br \/>\nCitrus: 2 \u2013 2.5 kg\/da in single application.<br \/>\nVineyard: 2 \u2013 2.5 kg\/da in single application.<br \/>\nIn Cut Flowers: 2 \u2013 2.5 kg\/da in single application.<\/p>\n<p>FOLIAR APPLICATION<\/p>\n<p>In Vegetables: 250 gr \/ 100 liters water<br \/>\nFruit Production: 250 \u2013 300 g \/ 100 liters water<br \/>\nBanana: 300 g \/ 100 liters water<br \/>\nCitrus: 300 g \/ 100 liters water<br \/>\nVineyard: 250 \u2013 300 gr \/ 100 litre water<br \/>\nCut Flower Production: 250 g \/ 100 liters water<br \/>\nIn Field Crops: 200 \u2013 250 gr \/ dekar<br \/>\nSugar Beet: 250 gr\/dekar<\/p>\n<p>ASPLANT 28-5-5+TE<\/p>\n<p>FULLY WATER SOLUBLE<\/p>\n<h3>Guaranteed Content<\/h3>\n<p>(W\/W)<\/p>\n<p>Total Nitrogen (N) ......................................................................................<br \/>\nUrea Nitrogen (N) ..........................................................................................<br \/>\nNitrate Nitrogen (N) ....................................................................................<br \/>\nAmmonium Nitrogen (N) ................................................................................%0<br \/>\nWater Soluble Phosphorus Pentoxide (P\u2082O\u2085) ............................................%5<br \/>\nWater Soluble Potassium Oxide (K\u2082O) &#8230;&#8230;&#8230; %5<br \/>\nWater Soluble Boron (B) ................................................................................%0.010<br \/>\nWater Soluble Copper (Cu) (Fully chelated with EDTA) .......................%0.003<br \/>\nWater Soluble Iron (Fe) (Fully chelated with EDTA) .......................%0.075<br \/>\nWater Soluble Manganese (Mn) (Fully chelated with EDTA) .................%0.033<br \/>\nWater Soluble Molybdenum (Mo) ..................................................................%0.002<br \/>\nWater Soluble Zinc (Zn) (Fully chelated with EDTA) .......................%0.006<\/p>\n<p>pH RANGE FOR EDTA CHELATE STABILITY:<\/p>\n<p>Copper (3-9)<br \/>\nIron (6.5-11)<br \/>\nManganese (5-9)<br \/>\nZinc (4-11)<\/p>\n<h3>Warnings<\/h3>\n<p>Keep away from children and food.<br \/>\nProtect from skin and eye contact.<br \/>\nMust not be swallowed or inhaled.<br \/>\nUse only where necessary.<br \/>\nDo not exceed the recommended dosage.<br \/>\nIt is recommended to use fertilizer after soil and\/or leaf analysis is performed.<\/p>\n<h3>Storage<\/h3>\n<p>Normally (dry and cool place) maintains its physical and chemical properties for at least 5 years.<br \/>\nStorage temperature 0 \u00b0C &#8211; +45 \u00b0C (degrees).<\/p>\n<h3>Compatibility<\/h3>\n<p>There is no problem with mixing and applying together with pesticides and fertilizers.<br \/>\nPerform a pre-mix test to ensure proper mixing.<\/p>\n<h3>Company Statement<\/h3>\n<p>Importer guarantees the analyzed content of the product. However, errors that may occur due to incorrect use, incorrect storage and non-compliance with recommended dosages are the responsibility of the user. The importer cannot be held responsible.<\/p>\n<h3>Solubility<\/h3>\n<p>Water soluble at recommended doses, does not precipitate and leaves no residue in any way.<\/p>\n<p>Ministry Registration No: 33976<br \/>\nLicense No: 1851<br \/>\nNet Weight: 15 KG<br \/>\nBatch No: 1243112<br \/>\nBatch No: 2024-123<\/p>\n<h3>Application Dosage and Usage<\/h3>\n<p>APPLICATION BY DRIP IRRIGATION<\/p>\n<p>In Vegetables: 2 \u2013 2.5 kg\/da in single application.<br \/>\nIn Fruit Growing: 2 \u2013 3 kg\/da in single application.<br \/>\nBanana: 2 \u2013 3 kg\/da in single application.<br \/>\nCitrus: 2 \u2013 2.5 kg\/da in single application.<br \/>\nVineyard: 2 \u2013 2.5 kg\/da in single application.<br \/>\nIn Cut Flowers: 2 \u2013 2.5 kg\/da in single application.<\/p>\n<p>FOLIAR APPLICATION<\/p>\n<p>In Vegetables: 250 gr \/ 100 liters water<br \/>\nFruit Production: 250 \u2013 300 g \/ 100 liters water<br \/>\nBanana: 300 g \/ 100 liters water<br \/>\nCitrus: 300 g \/ 100 liters water<br \/>\nVineyard: 250 \u2013 300 gr \/ 100 litre water<br \/>\nCut Flower Production: 250 g \/ 100 liters water<br \/>\nIn Field Crops: 200 \u2013 250 gr \/ dekar<br \/>\nSugar Beet: 250 gr\/dekar<\/p>","protected":false},"excerpt":{"rendered":"<p>TAMAMI SUDA \u00c7\u00d6Z\u00dcN\u00dcR Garanti Edilen \u0130\u00e7erik (W\/W) Toplam Azot (N) &#8230;&#8230;&#8230;&#8230;&#8230;&#8230;&#8230;&#8230;&#8230;&#8230;&#8230;&#8230;&#8230;. %14 Amonyum Azotu (N) &#8230;&#8230;&#8230;&#8230;&#8230;&#8230;&#8230;&#8230;&#8230;&#8230;&#8230; %1 Nitrat Azotu (N) &#8230;&#8230;&#8230;&#8230;&#8230;&#8230;&#8230;&#8230;&#8230;&#8230;&#8230;&#8230;&#8230; %11 \u00dcre Azotu (N) &#8230;&#8230;&#8230;&#8230;&#8230;&#8230;&#8230;&#8230;&#8230;&#8230;&#8230;&#8230;&#8230;&#8230; %2 Suda \u00c7\u00f6z\u00fcn\u00fcr Fosforpenta Oksit (P\u2082O\u2085) &#8230;&#8230; %7 Suda \u00c7\u00f6z\u00fcn\u00fcr Potasyum Oksit (K\u2082O) &#8230;&#8230;&#8230;&#8230;.<\/p>","protected":false},"featured_media":15219,"template":"","meta":[],"product_brand":[],"product_cat":[62],"product_tag":[65,64,63],"class_list":{"0":"post-15022","1":"product","2":"type-product","3":"status-publish","4":"has-post-thumbnail","6":"product_cat-asfertglobal","7":"product_tag-asfertglobal","8":"product_tag-gubre","9":"product_tag-organik","11":"first","12":"instock","13":"shipping-taxable","14":"product-type-simple"},"_links":{"self":[{"href":"https:\/\/unittar.com\/en\/wp-json\/wp\/v2\/product\/15022","targetHints":{"allow":["GET"]}}],"collection":[{"href":"https:\/\/unittar.com\/en\/wp-json\/wp\/v2\/product"}],"about":[{"href":"https:\/\/unittar.com\/en\/wp-json\/wp\/v2\/types\/product"}],"version-history":[{"count":3,"href":"https:\/\/unittar.com\/en\/wp-json\/wp\/v2\/product\/15022\/revisions"}],"predecessor-version":[{"id":15585,"href":"https:\/\/unittar.com\/en\/wp-json\/wp\/v2\/product\/15022\/revisions\/15585"}],"wp:featuredmedia":[{"embeddable":true,"href":"https:\/\/unittar.com\/en\/wp-json\/wp\/v2\/media\/15219"}],"wp:attachment":[{"href":"https:\/\/unittar.com\/en\/wp-json\/wp\/v2\/media?parent=15022"}],"wp:term":[{"taxonomy":"product_brand","embeddable":true,"href":"https:\/\/unittar.com\/en\/wp-json\/wp\/v2\/product_brand?post=15022"},{"taxonomy":"product_cat","embeddable":true,"href":"https:\/\/unittar.com\/en\/wp-json\/wp\/v2\/product_cat?post=15022"},{"taxonomy":"product_tag","embeddable":true,"href":"https:\/\/unittar.com\/en\/wp-json\/wp\/v2\/product_tag?post=15022"}],"curies":[{"name":"wp","href":"https:\/\/api.w.org\/{rel}","templated":true}]}}