{"id":15020,"date":"2022-10-19T16:31:16","date_gmt":"2022-10-19T13:31:16","guid":{"rendered":"https:\/\/unittar.com\/?post_type=product&#038;p=15020"},"modified":"2026-02-24T21:26:05","modified_gmt":"2026-02-24T18:26:05","slug":"asplant-8-10-41-2-mgo-11so3-te","status":"publish","type":"product","link":"https:\/\/unittar.com\/en\/product\/asplant-8-10-41-2-mgo-11so3-te\/","title":{"rendered":"ASPLANT 8-10-41 \u2013 2 MgO + 11SO3 + TE"},"content":{"rendered":"<p>EC FERTILIZER<br \/>\nBLENDED NPK FERTILIZER<\/p>\n<p>FULLY WATER SOLUBLE<\/p>\n<h3>Guaranteed Content<\/h3>\n<p>(W\/W)<\/p>\n<p>Total Nitrogen (N) %8<br \/>\nNitrate Nitrogen (N) %8<br \/>\nWater Soluble Phosphorus Pentoxide (P\u2082O\u2085)<br \/>\nWater Soluble Potassium Oxide (K\u2082O)<br \/>\nWater Soluble Magnesium Oxide (MgO) %2<br \/>\nWater Soluble Sulfur Trioxide (SO\u2083)<br \/>\nWater Soluble Boron (B) %0.01<br \/>\nWater Soluble Copper (Cu) (Fully chelated with EDTA) %0.003<br \/>\nWater Soluble Iron (Fe) (Fully chelated with EDTA) %0.07<br \/>\nWater Soluble Manganese (Mn) (Fully chelated with EDTA) %0.03<br \/>\nWater Soluble Molybdenum (Mo) %0.002<br \/>\nWater Soluble Zinc (Zn) (Fully chelated with EDTA) %0.006<\/p>\n<p>pH RANGE FOR EDTA CHELATE STABILITY:<\/p>\n<p>Copper (3\u20139)<br \/>\nIron (6.5\u201311)<br \/>\nManganese (5\u20139)<br \/>\nZinc (4\u201311)<\/p>\n<h3>Warnings<\/h3>\n<p>Keep away from children and food.<br \/>\nProtect from skin and eye contact.<br \/>\nMust not be swallowed or inhaled.<br \/>\nUse only where necessary.<br \/>\nDo not exceed the recommended dosage.<br \/>\nIt is recommended to use fertilizer after soil and\/or leaf analysis is performed.<\/p>\n<h3>Storage<\/h3>\n<p>Normally (dry and cool place) maintains its physical and chemical properties for at least 5 years.<br \/>\nStorage temperature 0 \u00b0C &#8211; +45 \u00b0C (degrees).<\/p>\n<h3>Compatibility<\/h3>\n<p>There is no problem with mixing and applying together with pesticides and fertilizers.<br \/>\nPerform a pre-mix test to ensure proper mixing.<\/p>\n<h3>Company Statement<\/h3>\n<p>Importer guarantees the analyzed content of the product. However, errors that may occur due to incorrect use, incorrect storage and non-compliance with recommended dosages are the responsibility of the user. The importer cannot be held responsible.<\/p>\n<h3>Solubility<\/h3>\n<p>Water soluble at recommended doses, does not precipitate and leaves no residue in any way.<\/p>\n<h3>Application Dosage and Usage<\/h3>\n<p>APPLICATION BY DRIP IRRIGATION<\/p>\n<p>In Vegetables: 2 \u2013 2.5 kg\/da in single application.<br \/>\nIn Fruit Growing: 2 \u2013 3 kg\/da in single application.<br \/>\nBanana: 2 \u2013 3 kg\/da in single application.<br \/>\nCitrus: 2 \u2013 2.5 kg\/da in single application.<br \/>\nVineyard: 2 \u2013 2.5 kg\/da in single application.<br \/>\nIn Cut Flowers: 2 \u2013 2.5 kg\/da in single application.<\/p>\n<p>FOLIAR APPLICATION<\/p>\n<p>In Vegetables: 250 gr \/ 100 liters water<br \/>\nFruit Production: 250 \u2013 300 g \/ 100 liters water<br \/>\nBanana: 300 g \/ 100 liters water<br \/>\nCitrus: 300 g \/ 100 liters water<br \/>\nVineyard: 250 \u2013 300 gr \/ 100 litre water<br \/>\nCut Flower Production: 250 g \/ 100 liters water<br \/>\nIn Field Crops: 200 \u2013 250 gr \/ dekar<br \/>\nSugar Beet: 250 gr\/dekar<\/p>\n<p>Note: The given dosages are advisory in nature; for a more detailed fertilization program, please obtain soil and leaf analysis and consult with our technical staff.<\/p>\n<h3>Manufacturer<\/h3>\n<p>ASFERT GLOBAL LDA.<br \/>\nRua Nova da CEE<br \/>\n2005-008 V\u00e1rzea \u2013 Santar\u00e9m \u2013 PORTUGAL<br \/>\nTel: (+351) 243 779 431<br \/>\ninfo@asfertglobal.com<\/p>\n<h3>Importer<\/h3>\n<p>UNITTAR AGRICULTURAL IND. TRADE INC.<br \/>\nEtiler Mah. 829 Sk. A Plaza 3\/503<br \/>\nMuratpa\u015fa \/ ANTALYA<br \/>\nTel: 0 242 311 07 33<\/p>","protected":false},"excerpt":{"rendered":"<p>EC FERTILIZER NPK G\u00dcBRES\u0130 HARMANLANMI\u015e TAMAMI SUDA \u00c7\u00d6Z\u00dcN\u00dcR Garanti Edilen \u0130\u00e7erik (W\/W) Toplam Azot (N) %8 Nitrat Azotu (N) %8 Suda \u00c7\u00f6z\u00fcn\u00fcr Fosfor Pentaoksit (P\u2082O\u2085) %10 Suda \u00c7\u00f6z\u00fcn\u00fcr Potasyum Oksit (K\u2082O) %41 Suda \u00c7\u00f6z\u00fcn\u00fcr Magnezyum Oksit (MgO) %2 Suda \u00c7\u00f6z\u00fcn\u00fcr&#8230;<\/p>","protected":false},"featured_media":15217,"template":"","meta":[],"product_brand":[],"product_cat":[62],"product_tag":[65,64,63],"class_list":{"0":"post-15020","1":"product","2":"type-product","3":"status-publish","4":"has-post-thumbnail","6":"product_cat-asfertglobal","7":"product_tag-asfertglobal","8":"product_tag-gubre","9":"product_tag-organik","11":"first","12":"instock","13":"shipping-taxable","14":"product-type-simple"},"_links":{"self":[{"href":"https:\/\/unittar.com\/en\/wp-json\/wp\/v2\/product\/15020","targetHints":{"allow":["GET"]}}],"collection":[{"href":"https:\/\/unittar.com\/en\/wp-json\/wp\/v2\/product"}],"about":[{"href":"https:\/\/unittar.com\/en\/wp-json\/wp\/v2\/types\/product"}],"version-history":[{"count":3,"href":"https:\/\/unittar.com\/en\/wp-json\/wp\/v2\/product\/15020\/revisions"}],"predecessor-version":[{"id":15583,"href":"https:\/\/unittar.com\/en\/wp-json\/wp\/v2\/product\/15020\/revisions\/15583"}],"wp:featuredmedia":[{"embeddable":true,"href":"https:\/\/unittar.com\/en\/wp-json\/wp\/v2\/media\/15217"}],"wp:attachment":[{"href":"https:\/\/unittar.com\/en\/wp-json\/wp\/v2\/media?parent=15020"}],"wp:term":[{"taxonomy":"product_brand","embeddable":true,"href":"https:\/\/unittar.com\/en\/wp-json\/wp\/v2\/product_brand?post=15020"},{"taxonomy":"product_cat","embeddable":true,"href":"https:\/\/unittar.com\/en\/wp-json\/wp\/v2\/product_cat?post=15020"},{"taxonomy":"product_tag","embeddable":true,"href":"https:\/\/unittar.com\/en\/wp-json\/wp\/v2\/product_tag?post=15020"}],"curies":[{"name":"wp","href":"https:\/\/api.w.org\/{rel}","templated":true}]}}