{"id":14961,"date":"2022-10-19T16:09:02","date_gmt":"2022-10-19T13:09:02","guid":{"rendered":"https:\/\/unittar.com\/?post_type=product&#038;p=14961"},"modified":"2026-02-24T21:25:23","modified_gmt":"2026-02-24T18:25:23","slug":"nitrogeo","status":"publish","type":"product","link":"https:\/\/unittar.com\/en\/product\/nitrogeo\/","title":{"rendered":"NitroGEO"},"content":{"rendered":"<p>EC FERTILIZER<br \/>\nNITROGEN FERTILIZER SOLUTION<\/p>\n<h3>Guaranteed Content<\/h3>\n<p>(W\/W)<\/p>\n<p>Total Nitrogen (N)<br \/>\nAmmonium Nitrogen (N) %2.2<br \/>\nNitrate Nitrogen (N) %3<br \/>\nUrea Nitrogen (N) %9.8<\/p>\n<h3>Warnings<\/h3>\n<li>Warning! Keep away from children and food.<br \/>\n\u2022 Protect from skin and eye contact.<br \/>\n\u2022 Must not be swallowed or inhaled.<br \/>\n\u2022 Never exceed the recommended dosage. Use only where necessary.<br \/>\n\u2022 Do not use empty containers for other purposes.<br \/>\n\u2022 Dispose of containers after use.<\/li>\n<h3>Storage<\/h3>\n<p>Normally (dry and cool place) maintains its physical and chemical properties for at least 5 years.<br \/>\nStorage temperature 0\u00b0C &#8211; +45\u00b0C (degrees).<\/p>\n<h3>Compatibility<\/h3>\n<p>There is no problem with mixing and applying it with agricultural chemicals and other fertilizers. Perform a pre-mix test to ensure compatibility.<\/p>\n<h3>Solubility<\/h3>\n<p>Water soluble at recommended doses, does not precipitate and leaves no residue in any way.<\/p>\n<h3>Company Statement<\/h3>\n<p>Importer guarantees the analyzed content at the time of product delivery. However, any problems arising from incorrect use, improper storage and non-compliance with recommended dosages are the responsibility of the user. The importer cannot be held responsible.<\/p>\n<p>Ministry Registration No: 2022TK4006<\/p>\n<p>Ministry License No: 1851<br \/>\nBatch\/ Serial No: 2023-406<\/p>\n<p>Batch number: 1230604<\/p>\n<p>Net Weight: 6.2 kg<br \/>\nVolume: 5 Litre<\/p>\n<h3>Application Dosage and Usage<\/h3>\n<p>Application by drip irrigation:<br \/>\nIn Vegetable Production: 1 \u2013 1.5 L\/da single application<br \/>\nFruit Production: 0.5 \u2013 1 L\/hectare single application<br \/>\nIn Vineyards: 0.3 \u2013 0.6 L\/da single application<\/p>\n<p>Note: The given dosages are advisory in nature; for a more detailed fertilization program, please obtain soil and leaf analysis and consult with our technical staff.<\/p>\n<h3>Importer<\/h3>\n<p>UNITTAR AGRICULTURAL INDUSTRY AND TRADE INC.<br \/>\nEtiler Mah. 829 Sk. A Plaza No: 3\/503 Muratpa\u015fa \/ ANTALYA<br \/>\nTel: 0 242 311 07 33<br \/>\nFax: 0 242 311 07 55<br \/>\nwww.unittar.com<\/p>\n<h3>Manufacturer<\/h3>\n<p>ASFERTGLOBAL<br \/>\nRua Nova da CEE &#8211; 2005-008 V\u00e1rzea &#8211; Santar\u00e9m (Portugal)<br \/>\nTel: (+351) 243 779 431<br \/>\nE-mail: info@asfertglobal.com<br \/>\nwww.asfertglobal.com<\/p>","protected":false},"excerpt":{"rendered":"<p>EC FERTILIZER AZOTLU G\u00dcBRE \u00c7\u00d6ZELT\u0130S\u0130 Garanti Edilen \u0130\u00e7erik (W\/W) Toplam Azot (N) %15 Amonyum Azotu (N) %2,2 Nitrat Azotu (N) %3 \u00dcre Azotu (N) %9,8 Uyar\u0131lar Dikkat! \u00c7ocuklardan ve g\u0131dalardan uzak tutunuz. \u2022 Deri ve g\u00f6z temas\u0131ndan koruyunuz. \u2022 Yutulmamas\u0131&#8230;<\/p>","protected":false},"featured_media":14962,"template":"","meta":[],"product_brand":[],"product_cat":[62],"product_tag":[65,64,63],"class_list":{"0":"post-14961","1":"product","2":"type-product","3":"status-publish","4":"has-post-thumbnail","6":"product_cat-asfertglobal","7":"product_tag-asfertglobal","8":"product_tag-gubre","9":"product_tag-organik","11":"first","12":"instock","13":"shipping-taxable","14":"product-type-simple"},"_links":{"self":[{"href":"https:\/\/unittar.com\/en\/wp-json\/wp\/v2\/product\/14961","targetHints":{"allow":["GET"]}}],"collection":[{"href":"https:\/\/unittar.com\/en\/wp-json\/wp\/v2\/product"}],"about":[{"href":"https:\/\/unittar.com\/en\/wp-json\/wp\/v2\/types\/product"}],"version-history":[{"count":3,"href":"https:\/\/unittar.com\/en\/wp-json\/wp\/v2\/product\/14961\/revisions"}],"predecessor-version":[{"id":15578,"href":"https:\/\/unittar.com\/en\/wp-json\/wp\/v2\/product\/14961\/revisions\/15578"}],"wp:featuredmedia":[{"embeddable":true,"href":"https:\/\/unittar.com\/en\/wp-json\/wp\/v2\/media\/14962"}],"wp:attachment":[{"href":"https:\/\/unittar.com\/en\/wp-json\/wp\/v2\/media?parent=14961"}],"wp:term":[{"taxonomy":"product_brand","embeddable":true,"href":"https:\/\/unittar.com\/en\/wp-json\/wp\/v2\/product_brand?post=14961"},{"taxonomy":"product_cat","embeddable":true,"href":"https:\/\/unittar.com\/en\/wp-json\/wp\/v2\/product_cat?post=14961"},{"taxonomy":"product_tag","embeddable":true,"href":"https:\/\/unittar.com\/en\/wp-json\/wp\/v2\/product_tag?post=14961"}],"curies":[{"name":"wp","href":"https:\/\/api.w.org\/{rel}","templated":true}]}}