{"id":14958,"date":"2022-10-19T16:05:58","date_gmt":"2022-10-19T13:05:58","guid":{"rendered":"https:\/\/unittar.com\/?post_type=product&#038;p=14958"},"modified":"2026-02-24T21:24:05","modified_gmt":"2026-02-24T18:24:05","slug":"geok","status":"publish","type":"product","link":"https:\/\/unittar.com\/en\/product\/geok\/","title":{"rendered":"GEOK"},"content":{"rendered":"<h3>Guaranteed Content<\/h3>\n<p>(w\/w)<\/p>\n<p>Water Soluble Potassium Oxide (K\u2082O):<\/p>\n<h3>Warnings<\/h3>\n<p>Warning! Keep away from children and food.<\/p>\n<p>Protect from skin and eye contact.<\/p>\n<p>Must not be swallowed or inhaled.<\/p>\n<p>Never exceed appropriate dosage ratios. Use only where necessary.<\/p>\n<p>Do not reuse empty packaging for other purposes.<\/p>\n<p>Dispose of packaging after use.<\/p>\n<h3>Storage<\/h3>\n<p>Normally (dry and cool place) maintains its physical and chemical properties for at least 5 years.<br \/>\nStorage temperature is 0 \u00b0C \u2013 +45 \u00b0C (degrees).<\/p>\n<h3>Compatibility<\/h3>\n<p>There is no problem in applying it mixed with agricultural chemicals and other fertilizers.<br \/>\nPerform a pre-mix test to ensure proper mixing.<\/p>\n<h3>Solubility<\/h3>\n<p>Water soluble at recommended doses, does not precipitate and leaves no residue in any way.<\/p>\n<h3>Application Dosage and Usage<\/h3>\n<p>By Drip Irrigation:<\/p>\n<p>In Vegetable Production; 0.5 \u2013 1.5 liters \/ dekar per application<\/p>\n<p>Fruit Production; 0.5 \u2013 2 liters \/ hectare per application<\/p>\n<p>Banana; 0.5 \u2013 1.5 liters \/ hectare per application<\/p>\n<p>Strawberry; 0.5 \u2013 1 liter \/ da per application<\/p>\n<p>In Field Crops; by spraying 1 liter \/ dekar per application<\/p>\n<p>Note:<br \/>\nThe dosages given are for guidance only. For a more detailed fertilization program, please have soil and leaf analysis performed and consult our technical staff.<\/p>\n<h3>Company Statement<\/h3>\n<p>Importer guarantees the analyzed content at the time of product delivery; however, any problems arising from incorrect use, improper storage and non-compliance with recommended dosages are the responsibility of the user. The importer cannot be held responsible.<\/p>\n<h3>Ministry Information<\/h3>\n<p>Ministry Registration No: 2022TK2910<br \/>\nMinistry License No: 1851<br \/>\nBatch \/ Serial No: 2022-05<br \/>\nBatch number: 1220606<\/p>\n<p>Net Weight: 6.75 Kg<br \/>\nVolume: 5 Litre<\/p>\n<h3>Manufacturer<\/h3>\n<p>ASFERT GLOBAL LDA<br \/>\nRua Nova da CEE &#8211; 2005-008 V\u00e1rzea &#8211; Santar\u00e9m (Portugal)<br \/>\nTel: (+351) 243 779 431<br \/>\nE-mail: info@asfertglobal.com<br \/>\nwww.asfertglobal.com<\/p>\n<h3>Importer<\/h3>\n<p>UNITTAR AGRICULTURAL INDUSTRY AND TRADE INC.<\/p>","protected":false},"excerpt":{"rendered":"<p>Garanti Edilen \u0130\u00e7erik (w\/w) Suda \u00c7\u00f6z\u00fcn\u00fcr Potasyum Oksit (K\u2082O): %18 Uyar\u0131lar Dikkat! \u00c7ocuklardan ve g\u0131dalardan uzak tutunuz. Deri ve g\u00f6z temas\u0131ndan koruyunuz. Yutulmamas\u0131 ve teneff\u00fcs edilmemesi gerekir. Asla uygun doz oranlar\u0131n\u0131 a\u015fmay\u0131n\u0131z. Sadece gerekli olan yerlerde kullan\u0131n\u0131z. Kullan\u0131lm\u0131\u015f olan bo\u015f&#8230;<\/p>","protected":false},"featured_media":14959,"template":"","meta":[],"product_brand":[],"product_cat":[62],"product_tag":[65,64,63],"class_list":{"0":"post-14958","1":"product","2":"type-product","3":"status-publish","4":"has-post-thumbnail","6":"product_cat-asfertglobal","7":"product_tag-asfertglobal","8":"product_tag-gubre","9":"product_tag-organik","11":"first","12":"instock","13":"shipping-taxable","14":"product-type-simple"},"_links":{"self":[{"href":"https:\/\/unittar.com\/en\/wp-json\/wp\/v2\/product\/14958","targetHints":{"allow":["GET"]}}],"collection":[{"href":"https:\/\/unittar.com\/en\/wp-json\/wp\/v2\/product"}],"about":[{"href":"https:\/\/unittar.com\/en\/wp-json\/wp\/v2\/types\/product"}],"version-history":[{"count":3,"href":"https:\/\/unittar.com\/en\/wp-json\/wp\/v2\/product\/14958\/revisions"}],"predecessor-version":[{"id":15568,"href":"https:\/\/unittar.com\/en\/wp-json\/wp\/v2\/product\/14958\/revisions\/15568"}],"wp:featuredmedia":[{"embeddable":true,"href":"https:\/\/unittar.com\/en\/wp-json\/wp\/v2\/media\/14959"}],"wp:attachment":[{"href":"https:\/\/unittar.com\/en\/wp-json\/wp\/v2\/media?parent=14958"}],"wp:term":[{"taxonomy":"product_brand","embeddable":true,"href":"https:\/\/unittar.com\/en\/wp-json\/wp\/v2\/product_brand?post=14958"},{"taxonomy":"product_cat","embeddable":true,"href":"https:\/\/unittar.com\/en\/wp-json\/wp\/v2\/product_cat?post=14958"},{"taxonomy":"product_tag","embeddable":true,"href":"https:\/\/unittar.com\/en\/wp-json\/wp\/v2\/product_tag?post=14958"}],"curies":[{"name":"wp","href":"https:\/\/api.w.org\/{rel}","templated":true}]}}