{"id":14943,"date":"2022-12-01T14:45:43","date_gmt":"2022-12-01T11:45:43","guid":{"rendered":"https:\/\/unittar.com\/?post_type=product&#038;p=14943"},"modified":"2026-02-24T21:27:18","modified_gmt":"2026-02-24T18:27:18","slug":"micronize","status":"publish","type":"product","link":"https:\/\/unittar.com\/en\/product\/micronize\/","title":{"rendered":"YESCAL MICRONIZE"},"content":{"rendered":"<p>EC Fertilizer \u2013 Calcium Sulfate (CaSO\u2084)<br \/>\nForm: Micronized Powder<br \/>\nPackaging: 20 kg<\/p>\n<p>Guaranteed Content (w\/w)<\/p>\n<p>Total Calcium Oxide (CaO):<\/p>\n<p>Total Sulfur Trioxide (SO\u2083):<\/p>\n<p>Chlorine (Cl): %0<\/p>\n<p>Product Features<\/p>\n<p>YESCAL Micronized is a high-purity micronized calcium sulfate formulation.<br \/>\nIn Soil:<\/p>\n<p>Corrects calcium deficiency<\/p>\n<p>Helps reduce salinity and sodicity problems<\/p>\n<p>Improves soil structure<\/p>\n<p>Contributes to pH balance<\/p>\n<p>Supports root development<\/p>\n<p>Due to its micronized form, its solubility and effect speed in soil is high.<\/p>\n<p>Application Areas<\/p>\n<p>It is used on all cultivated plants, especially in vegetable production, fruit growing, vineyards, citrus, bananas, cut flower production, sugar beets, potatoes, onions and cereals.<\/p>\n<p>Application Dosages<\/p>\n<p>By Drip Irrigation<\/p>\n<p>General application: 5 kg to 200 L water<\/p>\n<p>Approximately 1 kg is applied per decare<\/p>\n<p>Dosage can be increased in soils with high salinity or pH problems<\/p>\n<p>Can be repeated every 7 days<\/p>\n<p>By Sprinkle Irrigation<\/p>\n<p>25 kg per 1 ton of water<\/p>\n<p>Distributed over 5 decares<\/p>\n<p>If soil problems are high, 50 kg per 1 ton of water<\/p>\n<p>Applied per 5 decares<\/p>\n<p>Repeated every 7\u201314 days<\/p>\n<p>Soil Application<\/p>\n<p>20\u201340 kg\/da (depending on product and soil condition)<\/p>\n<h3>Storage<\/h3>\n<p>Should be stored in a dry and cool place, between 0\u00b0C \u2013 +45\u00b0C.<\/p>\n<p>Done! I'm writing BIOSOL in the same format as on the label, in regular form:<\/p>","protected":false},"excerpt":{"rendered":"<p>EC Fertilizer \u2013 Kalsiyum S\u00fclfat (CaSO\u2084) Form: Mikronize Toz Ambalaj: 20 kg Garanti Edilen \u0130\u00e7erik (w\/w) Toplam Kalsiyum Oksit (CaO): %32 Toplam K\u00fck\u00fcrt Trioksit (SO\u2083): %47 Klor (Cl): %0 \u00dcr\u00fcn \u00d6zellikleri YESCAL Micronized, y\u00fcksek safl\u0131kta mikronize edilmi\u015f kalsiyum s\u00fclfat formudur&#8230;.<\/p>","protected":false},"featured_media":14946,"template":"","meta":[],"product_brand":[],"product_cat":[68],"product_tag":[64,63,69],"class_list":{"0":"post-14943","1":"product","2":"type-product","3":"status-publish","4":"has-post-thumbnail","6":"product_cat-yescal","7":"product_tag-gubre","8":"product_tag-organik","9":"product_tag-yescal","11":"first","12":"instock","13":"shipping-taxable","14":"product-type-simple"},"_links":{"self":[{"href":"https:\/\/unittar.com\/en\/wp-json\/wp\/v2\/product\/14943","targetHints":{"allow":["GET"]}}],"collection":[{"href":"https:\/\/unittar.com\/en\/wp-json\/wp\/v2\/product"}],"about":[{"href":"https:\/\/unittar.com\/en\/wp-json\/wp\/v2\/types\/product"}],"version-history":[{"count":3,"href":"https:\/\/unittar.com\/en\/wp-json\/wp\/v2\/product\/14943\/revisions"}],"predecessor-version":[{"id":15592,"href":"https:\/\/unittar.com\/en\/wp-json\/wp\/v2\/product\/14943\/revisions\/15592"}],"wp:featuredmedia":[{"embeddable":true,"href":"https:\/\/unittar.com\/en\/wp-json\/wp\/v2\/media\/14946"}],"wp:attachment":[{"href":"https:\/\/unittar.com\/en\/wp-json\/wp\/v2\/media?parent=14943"}],"wp:term":[{"taxonomy":"product_brand","embeddable":true,"href":"https:\/\/unittar.com\/en\/wp-json\/wp\/v2\/product_brand?post=14943"},{"taxonomy":"product_cat","embeddable":true,"href":"https:\/\/unittar.com\/en\/wp-json\/wp\/v2\/product_cat?post=14943"},{"taxonomy":"product_tag","embeddable":true,"href":"https:\/\/unittar.com\/en\/wp-json\/wp\/v2\/product_tag?post=14943"}],"curies":[{"name":"wp","href":"https:\/\/api.w.org\/{rel}","templated":true}]}}