{"id":14112,"date":"2022-12-01T14:51:15","date_gmt":"2022-12-01T11:51:15","guid":{"rendered":"https:\/\/unittar.com\/?post_type=product&#038;p=14112"},"modified":"2026-02-24T21:27:26","modified_gmt":"2026-02-24T18:27:26","slug":"biosol","status":"publish","type":"product","link":"https:\/\/unittar.com\/en\/product\/biosol\/","title":{"rendered":"BIOSOL"},"content":{"rendered":"<p>APPLICATION METHOD, DOSE AND TIME<\/p>\n<table class=\"product-specs\">\n<tr>\n<th>PLANT<\/th>\n<th>APPLICATION DOSE (SOIL)<\/th>\n<th>APPLICATION TIME<\/th>\n<\/tr>\n<tr>\n<td>Tomato, Pepper, Eggplant, Cucumber and other vegetables<\/td>\n<td>50-75 kg\/da<\/td>\n<td>Spring or Fall<\/td>\n<\/tr>\n<tr>\n<td>In Vineyards<\/td>\n<td>50-60 kg\/da<\/td>\n<td>Spring or Fall<\/td>\n<\/tr>\n<tr>\n<td>Potatoes<\/td>\n<td>50-75 kg\/da<\/td>\n<td>During soil tillage<\/td>\n<\/tr>\n<tr>\n<td>Legumes<\/td>\n<td>25-50 kg\/da<\/td>\n<td>During soil tillage<\/td>\n<\/tr>\n<tr>\n<td>Gramineous Crops<\/td>\n<td>25-50 kg\/da<\/td>\n<td>During soil tillage<\/td>\n<\/tr>\n<tr>\n<td>Corn<\/td>\n<td>75-90 kg\/da<\/td>\n<td>During soil tillage<\/td>\n<\/tr>\n<tr>\n<td>Sugar Beet<\/td>\n<td>75-100 kg\/da<\/td>\n<td>During soil tillage<\/td>\n<\/tr>\n<tr>\n<td>Sunflower<\/td>\n<td>50 kg\/da<\/td>\n<td>During soil tillage<\/td>\n<\/tr>\n<tr>\n<td>Fruit Production<\/td>\n<td>50-75 kg\/da<\/td>\n<td>Spring or Fall<\/td>\n<\/tr>\n<tr>\n<td>Strawberry<\/td>\n<td>50-75 kg\/da<\/td>\n<td>During soil tillage<\/td>\n<\/tr>\n<tr>\n<td>Banana<\/td>\n<td>50-75 kg\/da<\/td>\n<td>During soil preparation<\/td>\n<\/tr>\n<tr>\n<td>Green Areas<\/td>\n<td>75-100 kg\/da<\/td>\n<td>Throughout the season<\/td>\n<\/tr>\n<tr>\n<td>Ornamental Plants<\/td>\n<td>200 gr\/m\u00b2<\/td>\n<td>\u2014<\/td>\n<\/tr>\n<tr>\n<td>Potted flowers and plants<\/td>\n<td>4-6 kg\/m\u00b3<\/td>\n<td>\u2014<\/td>\n<\/tr>\n<tr>\n<td>Compost mixture<\/td>\n<td>5-10 kg\/m\u00b2<\/td>\n<td>\u2014<\/td>\n<\/tr>\n<tr>\n<td>Purslane<\/td>\n<td>75 kg\/da<\/td>\n<td>Spring or Fall<\/td>\n<\/tr>\n<\/table>","protected":false},"excerpt":{"rendered":"<p>UYGULAMA \u015eEKL\u0130, DOZU VE ZAMANI B\u0130TK\u0130 UYGULAMA DOZU (TOPRAKTAN) UYGULAMA ZAMANI Domates, Biber, Patl\u0131can, H\u0131yar ve di\u011fer sebzeler 50-75 kg\/da \u0130lkbahar veya Sonbahar Ba\u011flarda 50-60 kg\/da \u0130lkbahar veya Sonbahar Patates 50-75 kg\/da Toprak i\u015fleme zaman\u0131nda Baklagiller 25-50 kg\/da Toprak i\u015fleme&#8230;<\/p>","protected":false},"featured_media":14113,"template":"","meta":[],"product_brand":[],"product_cat":[73],"product_tag":[71,64,75,63,74],"class_list":{"0":"post-14112","1":"product","2":"type-product","3":"status-publish","4":"has-post-thumbnail","6":"product_cat-sandoz-novartis","7":"product_tag-biosol","8":"product_tag-gubre","9":"product_tag-novartis","10":"product_tag-organik","11":"product_tag-sandoz","13":"first","14":"instock","15":"shipping-taxable","16":"product-type-simple"},"_links":{"self":[{"href":"https:\/\/unittar.com\/en\/wp-json\/wp\/v2\/product\/14112","targetHints":{"allow":["GET"]}}],"collection":[{"href":"https:\/\/unittar.com\/en\/wp-json\/wp\/v2\/product"}],"about":[{"href":"https:\/\/unittar.com\/en\/wp-json\/wp\/v2\/types\/product"}],"version-history":[{"count":3,"href":"https:\/\/unittar.com\/en\/wp-json\/wp\/v2\/product\/14112\/revisions"}],"predecessor-version":[{"id":15593,"href":"https:\/\/unittar.com\/en\/wp-json\/wp\/v2\/product\/14112\/revisions\/15593"}],"wp:featuredmedia":[{"embeddable":true,"href":"https:\/\/unittar.com\/en\/wp-json\/wp\/v2\/media\/14113"}],"wp:attachment":[{"href":"https:\/\/unittar.com\/en\/wp-json\/wp\/v2\/media?parent=14112"}],"wp:term":[{"taxonomy":"product_brand","embeddable":true,"href":"https:\/\/unittar.com\/en\/wp-json\/wp\/v2\/product_brand?post=14112"},{"taxonomy":"product_cat","embeddable":true,"href":"https:\/\/unittar.com\/en\/wp-json\/wp\/v2\/product_cat?post=14112"},{"taxonomy":"product_tag","embeddable":true,"href":"https:\/\/unittar.com\/en\/wp-json\/wp\/v2\/product_tag?post=14112"}],"curies":[{"name":"wp","href":"https:\/\/api.w.org\/{rel}","templated":true}]}}