{"id":14102,"date":"2022-10-20T14:42:45","date_gmt":"2022-10-20T11:42:45","guid":{"rendered":"https:\/\/unittar.com\/?post_type=product&#038;p=14102"},"modified":"2026-02-24T21:26:55","modified_gmt":"2026-02-24T18:26:55","slug":"univerde","status":"publish","type":"product","link":"https:\/\/unittar.com\/en\/product\/univerde\/","title":{"rendered":"UNIVERDE"},"content":{"rendered":"<p>EC FERTILIZER<br \/>\nBoron (B), Copper (Cu), Iron (Fe), Manganese (Mn), Molybdenum (Mo) and Zinc (Zn)<br \/>\nMicronutrient Mixture<\/p>\n<h3>Guaranteed Content<\/h3>\n<p>(W\/W)<\/p>\n<p>Water Soluble Boron (B) .....................................................................................%0.7<\/p>\n<p>Water Soluble Copper (Cu) (Fully EDTA chelated) ........................%0.3<\/p>\n<p>Water Soluble Iron (Fe) .....................................................................................%7.5<\/p>\n<p>EDTA Chelated Iron (Fe) .....................................................................................%3.75<\/p>\n<p>EDDHSA Chelated Iron (Fe) .................................................................................%3.75<\/p>\n<p>Water Soluble Manganese (Mn) (Fully EDTA chelated) ..................%3.3<\/p>\n<p>Water Soluble Molybdenum (Mo) ......................................................................%0.1<\/p>\n<p>Water Soluble Zinc (Zn) (Fully EDTA chelated) .........................%0.6<\/p>\n<p>Chlorine Content .............................................................................................%0.4<\/p>\n<p>pH range for chelate stability:<br \/>\nCu, Mn and Zn: 4 \u2013 11<br \/>\nFe: 3 \u2013 11<\/p>\n<h3>Application Dosage and Usage<\/h3>\n<p>In Citrus:<br \/>\n50 \u2013 100 gr \/ 100 L water foliar application<br \/>\n600 gr \/ da drip irrigation application<\/p>\n<p>In Vegetable Growing:<br \/>\n50 \u2013 100 gr \/ 100 L water foliar application<br \/>\n0.5 \u2013 1 Kg \/ da drip irrigation application<\/p>\n<p>In Fruit Growing:<br \/>\n50 \u2013 100 gr \/ 100 L water foliar application<br \/>\n0.5 \u2013 1 Kg \/ da drip irrigation application<\/p>\n<p>Note: The given dosages are advisory in nature; for a more detailed fertilization program, please obtain soil and leaf analysis and consult with our technical staff.<\/p>\n<h3>Warnings<\/h3>\n<p>Keep away from children and food.<\/p>\n<p>Protect from skin and eye contact.<\/p>\n<p>Must not be swallowed or inhaled.<\/p>\n<p>Never exceed appropriate dosage ratios. Use only where necessary.<\/p>\n<p>Do not reuse empty packaging for other purposes.<\/p>\n<p>Dispose of packaging after use.<\/p>\n<p>It is recommended to use fertilizer after soil and\/or leaf analysis is performed.<\/p>\n<h3>Storage<\/h3>\n<p>Under normal conditions (dry and cool location), it retains its physical and chemical properties for at least 3 years.<br \/>\nStorage temperature 0\u00b0C \u2013 +45\u00b0C (degrees).<\/p>\n<h3>Compatibility<\/h3>\n<p>Before mixing with Plant Protection Products and Other Plant Nutrition Products, perform a preliminary compatibility test to ensure mixture compatibility.<\/p>\n<h3>Solubility<\/h3>\n<p>Water soluble at recommended doses, does not precipitate and leaves no residue in any way.<\/p>\n<h3>Company Statement<\/h3>\n<p>Importer guarantees the analyzed content at the time of product delivery; however, any problems arising from incorrect use, improper storage and non-compliance with recommended dosages are the responsibility of the user. The importer cannot be held responsible.<\/p>\n<p>Net Weight: 1 kg<br \/>\nMinistry Registration No: 34222<br \/>\nMinistry License No: 1851<\/p>","protected":false},"excerpt":{"rendered":"<p>EC FERTILIZER Bor (B), Bak\u0131r (Cu), Demir (Fe), Mangan (Mn), Molibden (Mo) ve \u00c7inko (Zn) Mikro Bitki Besin Maddeleri Kar\u0131\u015f\u0131m\u0131 Garanti Edilen \u0130\u00e7erik (W\/W) Suda \u00c7\u00f6z\u00fcn\u00fcr Bor (B) &#8230;&#8230;&#8230;&#8230;&#8230;&#8230;&#8230;&#8230;&#8230;&#8230;&#8230;&#8230;&#8230;. %0,7 Suda \u00c7\u00f6z\u00fcn\u00fcr Bak\u0131r (Cu) (Tamam\u0131 EDTA \u015felatl\u0131d\u0131r) &#8230;&#8230;.. %0,3 Suda&#8230;<\/p>","protected":false},"featured_media":14073,"template":"","meta":[],"product_brand":[],"product_cat":[66],"product_tag":[64,67,63],"class_list":{"0":"post-14102","1":"product","2":"type-product","3":"status-publish","4":"has-post-thumbnail","6":"product_cat-humic","7":"product_tag-gubre","8":"product_tag-humic","9":"product_tag-organik","11":"first","12":"instock","13":"shipping-taxable","14":"product-type-simple"},"_links":{"self":[{"href":"https:\/\/unittar.com\/en\/wp-json\/wp\/v2\/product\/14102","targetHints":{"allow":["GET"]}}],"collection":[{"href":"https:\/\/unittar.com\/en\/wp-json\/wp\/v2\/product"}],"about":[{"href":"https:\/\/unittar.com\/en\/wp-json\/wp\/v2\/types\/product"}],"version-history":[{"count":3,"href":"https:\/\/unittar.com\/en\/wp-json\/wp\/v2\/product\/14102\/revisions"}],"predecessor-version":[{"id":15589,"href":"https:\/\/unittar.com\/en\/wp-json\/wp\/v2\/product\/14102\/revisions\/15589"}],"wp:featuredmedia":[{"embeddable":true,"href":"https:\/\/unittar.com\/en\/wp-json\/wp\/v2\/media\/14073"}],"wp:attachment":[{"href":"https:\/\/unittar.com\/en\/wp-json\/wp\/v2\/media?parent=14102"}],"wp:term":[{"taxonomy":"product_brand","embeddable":true,"href":"https:\/\/unittar.com\/en\/wp-json\/wp\/v2\/product_brand?post=14102"},{"taxonomy":"product_cat","embeddable":true,"href":"https:\/\/unittar.com\/en\/wp-json\/wp\/v2\/product_cat?post=14102"},{"taxonomy":"product_tag","embeddable":true,"href":"https:\/\/unittar.com\/en\/wp-json\/wp\/v2\/product_tag?post=14102"}],"curies":[{"name":"wp","href":"https:\/\/api.w.org\/{rel}","templated":true}]}}