{"id":14086,"date":"2022-10-20T14:42:17","date_gmt":"2022-10-20T11:42:17","guid":{"rendered":"https:\/\/unittar.com\/?post_type=product&#038;p=14086"},"modified":"2026-02-24T21:26:38","modified_gmt":"2026-02-24T18:26:38","slug":"revital","status":"publish","type":"product","link":"https:\/\/unittar.com\/en\/product\/revital\/","title":{"rendered":"REVITAL"},"content":{"rendered":"<p>ORGANIC PRODUCTS<br \/>\nLIQUID ORGANIC FERTILIZER CONTAINING PLANT-BASED AMINO ACIDS<\/p>\n<h3>Guaranteed Content<\/h3>\n<p>(W\/W)<\/p>\n<p>Total Organic Matter:<\/p>\n<p>Organic Carbon:<\/p>\n<p>Organic Nitrogen (N): %2<\/p>\n<p>Free Amino Acids: %6<\/p>\n<p>pH: 4 \u2013 6<\/p>\n<p>Net Weight: 1.12 kg<br \/>\nVolume: 1 L<\/p>\n<h3>Warnings<\/h3>\n<p>Warning! Keep away from children and food.<\/p>\n<p>Protect from skin and eye contact.<\/p>\n<p>Must not be swallowed or inhaled.<\/p>\n<p>Never exceed appropriate dosage ratios. Use only where necessary.<\/p>\n<p>Do not reuse empty packaging for other purposes.<\/p>\n<p>Dispose of packaging after use.<\/p>\n<p>It is recommended to use fertilizer after soil and\/or leaf analysis is performed.<\/p>\n<h3>Storage<\/h3>\n<p>Under normal conditions (dry and cool location), it retains its physical and chemical properties for at least 3 years.<br \/>\nStorage temperature +5\u00b0C \u2013 +35\u00b0C (degrees).<\/p>\n<h3>Compatibility<\/h3>\n<p>Before mixing with Plant Protection Products and Other Plant Nutrition Products, perform a preliminary compatibility test to ensure mixture compatibility.<\/p>\n<h3>Solubility<\/h3>\n<p>Water soluble at recommended doses, does not precipitate and leaves no residue in any way.<\/p>\n<h3>Company Statement<\/h3>\n<p>Importer guarantees the analyzed content at the time of product delivery; however, any problems arising from incorrect use, improper storage and non-compliance with recommended dosages are the responsibility of the user. The importer cannot be held responsible.<\/p>\n<h3>Application Dosage and Usage<\/h3>\n<p>Application by drip irrigation<\/p>\n<p>Single application is performed during the growing period.<\/p>\n<p>Vegetable Production: 0.5 \u2013 1 L\/da<\/p>\n<p>Fruit Production: 0.5 \u2013 1.5 L\/hectare<\/p>\n<p>In Vineyards: 0.5 \u2013 1 L\/da<\/p>\n<p>In olive cultivation: 0.5 \u2013 1.5 L\/da<\/p>\n<p>In Cotton: 300 ml\/da<\/p>\n<p>Sugar Beet: 300 ml\/da<\/p>\n<p>Foliar application<\/p>\n<p>Single application is performed during the growing period.<\/p>\n<p>Vegetable Production: 250 ml \/ 100 L water<\/p>\n<p>Fruit Production: 250 \u2013 300 ml \/ 100 L water<\/p>\n<p>In Vineyards: 250 ml \/ 100 L water<\/p>\n<p>In olive cultivation: 250 \u2013 350 ml \/ 100 L water<\/p>\n<p>Cereals: 100 ml \/ hectare<\/p>\n<p>REGISTRATION INFORMATION<\/p>\n<p>Ministry Registration No: 2025TO6385<\/p>\n<p>Ministry License No: 1405<\/p>\n<p>Registration Date: 13.05.2025<\/p>\n<p>Validity Period: 5 years<\/p>","protected":false},"excerpt":{"rendered":"<p>ORGAN\u0130K \u00dcR\u00dcNLER B\u0130TK\u0130SEL MEN\u015eEL\u0130 AM\u0130NOAS\u0130T \u0130\u00c7EREN SIVI ORGAN\u0130K G\u00dcBRE Garanti Edilen \u0130\u00e7erik (W\/W) Toplam Organik Madde: %20 Organik Karbon: %11 Organik Azot (N): %2 Serbest Aminoasitler: %6 pH: 4 \u2013 6 Net A\u011f\u0131rl\u0131k: 1,12 kg Hacim: 1 L Uyar\u0131lar Dikkat!&#8230;<\/p>","protected":false},"featured_media":14078,"template":"","meta":[],"product_brand":[],"product_cat":[66],"product_tag":[64,67,63],"class_list":{"0":"post-14086","1":"product","2":"type-product","3":"status-publish","4":"has-post-thumbnail","6":"product_cat-humic","7":"product_tag-gubre","8":"product_tag-humic","9":"product_tag-organik","11":"first","12":"instock","13":"shipping-taxable","14":"product-type-simple"},"_links":{"self":[{"href":"https:\/\/unittar.com\/en\/wp-json\/wp\/v2\/product\/14086","targetHints":{"allow":["GET"]}}],"collection":[{"href":"https:\/\/unittar.com\/en\/wp-json\/wp\/v2\/product"}],"about":[{"href":"https:\/\/unittar.com\/en\/wp-json\/wp\/v2\/types\/product"}],"version-history":[{"count":3,"href":"https:\/\/unittar.com\/en\/wp-json\/wp\/v2\/product\/14086\/revisions"}],"predecessor-version":[{"id":15587,"href":"https:\/\/unittar.com\/en\/wp-json\/wp\/v2\/product\/14086\/revisions\/15587"}],"wp:featuredmedia":[{"embeddable":true,"href":"https:\/\/unittar.com\/en\/wp-json\/wp\/v2\/media\/14078"}],"wp:attachment":[{"href":"https:\/\/unittar.com\/en\/wp-json\/wp\/v2\/media?parent=14086"}],"wp:term":[{"taxonomy":"product_brand","embeddable":true,"href":"https:\/\/unittar.com\/en\/wp-json\/wp\/v2\/product_brand?post=14086"},{"taxonomy":"product_cat","embeddable":true,"href":"https:\/\/unittar.com\/en\/wp-json\/wp\/v2\/product_cat?post=14086"},{"taxonomy":"product_tag","embeddable":true,"href":"https:\/\/unittar.com\/en\/wp-json\/wp\/v2\/product_tag?post=14086"}],"curies":[{"name":"wp","href":"https:\/\/api.w.org\/{rel}","templated":true}]}}