{"id":14084,"date":"2022-10-20T14:34:22","date_gmt":"2022-10-20T11:34:22","guid":{"rendered":"https:\/\/unittar.com\/?post_type=product&#038;p=14084"},"modified":"2026-02-24T21:26:29","modified_gmt":"2026-02-24T18:26:29","slug":"lumbusol","status":"publish","type":"product","link":"https:\/\/unittar.com\/en\/product\/lumbusol\/","title":{"rendered":"LUMBUSOL"},"content":{"rendered":"<p>ORGANIC PRODUCTS<br \/>\nLIQUID ORGANIC FERTILIZER OF PLANT ORIGIN<\/p>\n<h3>Guaranteed Content<\/h3>\n<p>(W\/W)<\/p>\n<p>Total Organic Matter:<\/p>\n<p>Organic Carbon:<\/p>\n<p>Total Nitrogen (N): %2<\/p>\n<p>Water Soluble Potassium Oxide (K\u2082O): %4<\/p>\n<p>pH: 4 \u2013 6<\/p>\n<p>Volume: 5 L (1 L packaging option also available)<br \/>\nNet Weight: 6.15 kg (for 1 L: 1.23 kg)<\/p>\n<h3>Warnings<\/h3>\n<p>Warning! Keep away from children and food.<\/p>\n<p>Protect from skin and eye contact.<\/p>\n<p>Must not be swallowed or inhaled.<\/p>\n<p>Never exceed appropriate dosage ratios. Use only where necessary.<\/p>\n<p>Do not reuse empty packaging for other purposes.<\/p>\n<p>Dispose of packaging after use.<\/p>\n<p>It is recommended to use fertilizer after soil and\/or leaf analysis is performed.<\/p>\n<h3>Storage<\/h3>\n<p>Under normal conditions (dry and cool location), it retains its physical and chemical properties for at least 3 years.<br \/>\nStorage temperature +5 \u00b0C \u2013 +35 \u00b0C (degrees).<\/p>\n<h3>Compatibility<\/h3>\n<p>Before mixing with Plant Protection Products and Other Plant Nutrition Products, perform a preliminary compatibility test to ensure mixture compatibility.<\/p>\n<h3>Solubility<\/h3>\n<p>Water soluble at recommended doses, does not precipitate and leaves no residue in any way.<\/p>\n<h3>Company Statement<\/h3>\n<p>Importer guarantees the analyzed content at the time of product delivery; however, any problems arising from incorrect use, improper storage and non-compliance with recommended dosages are the responsibility of the user. The importer cannot be held responsible.<\/p>\n<h3>Application Dosage and Usage<\/h3>\n<p>Application by Drip Irrigation<\/p>\n<p>Vegetable Production: 0.5 \u2013 1 L\/da (per single application)<\/p>\n<p>Fruit Production: 0.5 \u2013 1.5 L\/hectare (Single application)<\/p>\n<p>In Vineyards: 0.5 \u2013 1 L\/da (Single application)<\/p>\n<p>Olive cultivation: 0.5 \u2013 1.5 L\/da (Single application)<\/p>\n<p>In Cotton: 300 cc\/da (per single application)<\/p>\n<p>Sugar Beet: 300 cc\/da (Single application)<\/p>\n<p>Foliar Application<\/p>\n<p>Vegetable Production: 250 cc \/ 100 L water (per single application)<\/p>\n<p>Fruit Production: 250 \u2013 300 cc \/ 100 L water (Single application)<\/p>\n<p>In Vineyards: 250 cc \/ 100 L water<\/p>\n<p>Olive cultivation: 250 \u2013 350 cc \/ 100 L water (Single application)<\/p>\n<p>Cereals: 100 cc\/hectare (Single application)<\/p>\n<h3>Manufacturer<\/h3>\n<p>GLOBAL HUMIC, S.L.<br \/>\nCtra. Extremadura, Km 2.1 \u2013 NAVEXPO Nave 2 41900<br \/>\nCamas (Sevilla) \u2013 SPAIN<br \/>\nTel: +34 955 996 357<\/p>\n<h3>Importer<\/h3>\n<p>UNITTAR AGRICULTURAL IND. TRADE INC.<br \/>\nEtilers District, 829 Street A Plaza No:3\/503<br \/>\nMuratpa\u015fa \/ ANTALYA<\/p>\n<p>REGISTRATION INFORMATION<\/p>\n<p>Ministry License No: 1405<\/p>\n<p>Registration No: 2024TO5610<\/p>\n<p>Manufacturing: Import<\/p>\n<p>Document Validity: 5 years from 25.07.2024<\/p>","protected":false},"excerpt":{"rendered":"<p>ORGAN\u0130K \u00dcR\u00dcNLER B\u0130TK\u0130SEL MEN\u015eEL\u0130 SIVI ORGAN\u0130K G\u00dcBRE Garanti Edilen \u0130\u00e7erik (W\/W) Toplam Organik Madde: %30 Organik Karbon: %16 Toplam Azot (N): %2 Suda \u00c7\u00f6z\u00fcn\u00fcr Potasyum Oksit (K\u2082O): %4 pH: 4 \u2013 6 Hacim: 5 L (1 L ambalaj se\u00e7ene\u011fi de&#8230;<\/p>","protected":false},"featured_media":14077,"template":"","meta":[],"product_brand":[],"product_cat":[66],"product_tag":[64,67,63],"class_list":{"0":"post-14084","1":"product","2":"type-product","3":"status-publish","4":"has-post-thumbnail","6":"product_cat-humic","7":"product_tag-gubre","8":"product_tag-humic","9":"product_tag-organik","11":"first","12":"instock","13":"shipping-taxable","14":"product-type-simple"},"_links":{"self":[{"href":"https:\/\/unittar.com\/en\/wp-json\/wp\/v2\/product\/14084","targetHints":{"allow":["GET"]}}],"collection":[{"href":"https:\/\/unittar.com\/en\/wp-json\/wp\/v2\/product"}],"about":[{"href":"https:\/\/unittar.com\/en\/wp-json\/wp\/v2\/types\/product"}],"version-history":[{"count":3,"href":"https:\/\/unittar.com\/en\/wp-json\/wp\/v2\/product\/14084\/revisions"}],"predecessor-version":[{"id":15586,"href":"https:\/\/unittar.com\/en\/wp-json\/wp\/v2\/product\/14084\/revisions\/15586"}],"wp:featuredmedia":[{"embeddable":true,"href":"https:\/\/unittar.com\/en\/wp-json\/wp\/v2\/media\/14077"}],"wp:attachment":[{"href":"https:\/\/unittar.com\/en\/wp-json\/wp\/v2\/media?parent=14084"}],"wp:term":[{"taxonomy":"product_brand","embeddable":true,"href":"https:\/\/unittar.com\/en\/wp-json\/wp\/v2\/product_brand?post=14084"},{"taxonomy":"product_cat","embeddable":true,"href":"https:\/\/unittar.com\/en\/wp-json\/wp\/v2\/product_cat?post=14084"},{"taxonomy":"product_tag","embeddable":true,"href":"https:\/\/unittar.com\/en\/wp-json\/wp\/v2\/product_tag?post=14084"}],"curies":[{"name":"wp","href":"https:\/\/api.w.org\/{rel}","templated":true}]}}