{"id":14068,"date":"2022-10-20T14:47:18","date_gmt":"2022-10-20T11:47:18","guid":{"rendered":"https:\/\/unittar.com\/?post_type=product&#038;p=14068"},"modified":"2026-02-24T21:26:46","modified_gmt":"2026-02-24T18:26:46","slug":"borance","status":"publish","type":"product","link":"https:\/\/unittar.com\/en\/product\/borance\/","title":{"rendered":"BORANCE"},"content":{"rendered":"<p>EC FERTILIZER<br \/>\nBORON ETHANOLAMINE BORANCED<\/p>\n<h3>Guaranteed Content<\/h3>\n<p>(W\/W)<\/p>\n<p>Water Soluble Boron (B) &#8230;&#8230;&#8230;&#8230;&#8230;&#8230;&#8230;&#8230;&#8230;&#8230;&#8230;&#8230;&#8230;.<br \/>\nChlorine Content &#8230;&#8230;&#8230;&#8230;&#8230;&#8230;&#8230;&#8230;&#8230;&#8230;&#8230;&#8230;&#8230;&#8230;&#8230;&#8230;&#8230;&#8230;&#8230; %0.2<\/p>\n<p>Volume: 1 L<br \/>\nNet Weight: 1.37 kg<\/p>\n<h3>Warnings<\/h3>\n<li>Warning! Keep away from children and food.<br \/>\n\u2022 Protect from skin and eye contact.<br \/>\n\u2022 Must not be swallowed or inhaled.<br \/>\n\u2022 Never exceed the recommended dosage. Use only where necessary.<br \/>\n\u2022 Do not use empty containers for other purposes.<br \/>\n\u2022 Dispose of containers after use.<br \/>\n\u2022 It is recommended to use fertilizer after conducting soil and\/or leaf analysis.<\/li>\n<h3>Storage<\/h3>\n<p>Normally (dry and cool place) maintains its physical and chemical properties for at least 5 years.<br \/>\nStorage temperature 0 \u00b0C &#8211; +45 \u00b0C (degrees).<\/p>\n<h3>Compatibility<\/h3>\n<p>Before mixing with Plant Protection Products and Other Plant Nutrition Products, perform a preliminary compatibility test to ensure mixture compatibility.<\/p>\n<h3>Solubility<\/h3>\n<p>Water soluble at recommended doses, does not precipitate and leaves no residue in any way.<\/p>\n<h3>Company Statement<\/h3>\n<p>Importer guarantees the analyzed content at the time of product delivery; however, any problems arising from incorrect use, improper storage and non-compliance with recommended dosages are the responsibility of the user. The importer cannot be held responsible.<\/p>\n<p>NEVER EXCEED APPROPRIATE DOSAGE RATIOS.<\/p>\n<p>USE ONLY WHERE NECESSARY.<\/p>\n<p>Ministry Registration No: 34220<br \/>\nMinistry License No: 1851<br \/>\nBatch \/ Serial No: 2020\/05<\/p>\n<h3>Application Dosage and Usage<\/h3>\n<p>Foliar application<\/p>\n<p>In vegetables: 150 \u2013 200 cc \/ 100 Lt water<br \/>\nIn strawberry: 150 cc \/ 100 Lt water<br \/>\nIn olive: 300 cc \/ 100 Lt water<br \/>\nIn vineyards: 200 \u2013 300 cc \/ 100 Lt water<br \/>\nSugar beet: 300 cc \/ 100 Lt water<br \/>\nSunflower: 300 cc \/ 100 Lt water<\/p>\n<p>Note: The given dosages are advisory in nature; for a more detailed fertilization program, please obtain soil and leaf analysis and consult with our technical staff.<\/p>\n<p>NATURE<\/p>\n<p>ORGANIC PRODUCT<br \/>\nLIQUID ORGANIC FERTILIZER CONTAINING PLANT-BASED AMINO ACIDS<\/p>\n<h3>Guaranteed Content<\/h3>\n<p>(W\/W)<\/p>\n<p>Organic Matter:<\/p>\n<p>Organic Carbon:<\/p>\n<p>Organic Nitrogen (N): %3<\/p>\n<p>Free Amino Acids: %7<\/p>\n<p>pH: 5 \u2013 7<\/p>\n<p>Raw materials used in production: Plant-based materials<\/p>\n<p>Volume: 20 Lt<br \/>\nNet Weight: 24.8 kg<\/p>\n<h3>Warnings<\/h3>\n<p>Warning! Keep away from children and food.<\/p>\n<p>Protect from skin and eye contact.<\/p>\n<p>Must not be swallowed or inhaled.<\/p>\n<p>Never exceed appropriate dosage ratios. Use only where necessary.<\/p>\n<p>Do not reuse empty packaging for other purposes.<\/p>\n<p>Dispose of packaging after use.<\/p>\n<p>It is recommended to use fertilizer after soil and\/or leaf analysis is performed.<\/p>\n<h3>Storage<\/h3>\n<p>Normally (dry and cool place) maintains its physical and chemical properties for at least 5 years.<br \/>\nStorage temperature 0\u00b0C \u2013 +45\u00b0C (degrees).<\/p>\n<h3>Compatibility<\/h3>\n<p>There is no problem in applying it mixed with agricultural chemicals and other fertilizers.<br \/>\nPerform a pre-mix test to ensure proper mixing.<\/p>\n<h3>Solubility<\/h3>\n<p>Water soluble at recommended doses, does not precipitate and leaves no residue in any way.<\/p>\n<h3>Company Statement<\/h3>\n<p>Importer guarantees the analyzed content at the time of product delivery; however, any problems arising from incorrect use, improper storage and non-compliance with recommended dosages are the responsibility of the user. The importer cannot be held responsible.<\/p>\n<h3>Ministry Information<\/h3>\n<p>Ministry Registration No: 2022T01709<\/p>\n<p>Ministry License No: 1405<\/p>\n<p>Batch \/ Serial No: 006-5-22<\/p>\n<h3>Application Dosage and Usage<\/h3>\n<p>Soil Application<\/p>\n<p>In Vegetables, Citrus and Industrial Crops: 1.5 \u2013 3 L\/Ha 3 \u2013 4 applications<\/p>\n<p>In Cereals: 1 \u2013 1.5 L\/Ha 2 \u2013 3 applications<\/p>\n<p>Foliar<\/p>\n<p>For all crops: 150 \u2013 250 cc \/ 100 L water 3 \u2013 4 applications<\/p>\n<p>Applications<\/p>\n<p>In Vegetables, starting 10 days after seedling transplanting, 3 \u2013 4 applications at 15 \u2013 20 day intervals<\/p>\n<p>In fruit trees before and after flowering, during fruit set and development stages<\/p>\n<p>In industrial crops at 3-5 leaf stage, when plant height is 15-20 cm, and during development period at 20-day intervals<\/p>\n<p>In cereals during the tillering and boot stages<\/p>","protected":false},"excerpt":{"rendered":"<p>EC FERTILIZER BORON ETANOL AM\u0130N BORONCE Garanti Edilen \u0130\u00e7erik (W\/W) Suda \u00c7\u00f6z\u00fcn\u00fcr Bor (B) &#8230;&#8230;&#8230;&#8230;&#8230;&#8230;&#8230;&#8230;&#8230;&#8230;&#8230;&#8230;&#8230;. %11 Klor \u0130\u00e7eri\u011fi &#8230;&#8230;&#8230;&#8230;&#8230;&#8230;&#8230;&#8230;&#8230;&#8230;&#8230;&#8230;&#8230;&#8230;&#8230;&#8230;&#8230;&#8230;&#8230; %0,2 Hacim: 1 Lt Net A\u011f\u0131rl\u0131k: 1,37 Kg Uyar\u0131lar Dikkat! \u00c7ocuklardan ve g\u0131dalardan uzak tutunuz. \u2022 Deri ve g\u00f6z temas\u0131ndan koruyunuz&#8230;.<\/p>","protected":false},"featured_media":14076,"template":"","meta":[],"product_brand":[],"product_cat":[66],"product_tag":[64,67,63],"class_list":{"0":"post-14068","1":"product","2":"type-product","3":"status-publish","4":"has-post-thumbnail","6":"product_cat-humic","7":"product_tag-gubre","8":"product_tag-humic","9":"product_tag-organik","11":"first","12":"instock","13":"shipping-taxable","14":"product-type-simple"},"_links":{"self":[{"href":"https:\/\/unittar.com\/en\/wp-json\/wp\/v2\/product\/14068","targetHints":{"allow":["GET"]}}],"collection":[{"href":"https:\/\/unittar.com\/en\/wp-json\/wp\/v2\/product"}],"about":[{"href":"https:\/\/unittar.com\/en\/wp-json\/wp\/v2\/types\/product"}],"version-history":[{"count":3,"href":"https:\/\/unittar.com\/en\/wp-json\/wp\/v2\/product\/14068\/revisions"}],"predecessor-version":[{"id":15588,"href":"https:\/\/unittar.com\/en\/wp-json\/wp\/v2\/product\/14068\/revisions\/15588"}],"wp:featuredmedia":[{"embeddable":true,"href":"https:\/\/unittar.com\/en\/wp-json\/wp\/v2\/media\/14076"}],"wp:attachment":[{"href":"https:\/\/unittar.com\/en\/wp-json\/wp\/v2\/media?parent=14068"}],"wp:term":[{"taxonomy":"product_brand","embeddable":true,"href":"https:\/\/unittar.com\/en\/wp-json\/wp\/v2\/product_brand?post=14068"},{"taxonomy":"product_cat","embeddable":true,"href":"https:\/\/unittar.com\/en\/wp-json\/wp\/v2\/product_cat?post=14068"},{"taxonomy":"product_tag","embeddable":true,"href":"https:\/\/unittar.com\/en\/wp-json\/wp\/v2\/product_tag?post=14068"}],"curies":[{"name":"wp","href":"https:\/\/api.w.org\/{rel}","templated":true}]}}