{"id":14034,"date":"2022-10-19T15:13:32","date_gmt":"2022-10-19T12:13:32","guid":{"rendered":"https:\/\/unittar.com\/?post_type=product&#038;p=14034"},"modified":"2026-02-24T21:24:28","modified_gmt":"2026-02-24T18:24:28","slug":"syntop","status":"publish","type":"product","link":"https:\/\/unittar.com\/en\/product\/syntop\/","title":{"rendered":"SYNTOP"},"content":{"rendered":"<h3>Guaranteed Content<\/h3>\n<p>(w\/w)<\/p>\n<p>Water Soluble Copper (Cu): %5<\/p>\n<p>Water Soluble Iron (Fe) (Fully EDTA chelated): %0.6<\/p>\n<p>Water Soluble Manganese (Mn) (Fully EDTA chelated): %0.15<\/p>\n<p>Water Soluble Zinc (Zn) (Fully EDTA chelated): %0.2<\/p>\n<p>pH range where EDTA chelate is stable:<br \/>\nIron (6.5 \u2013 11), Manganese (5 \u2013 9), Zinc (4 \u2013 11)<\/p>\n<p>NEVER EXCEED APPROPRIATE DOSAGE RATIOS<\/p>\n<p>USE ONLY WHERE NECESSARY<\/p>\n<h3>Warnings<\/h3>\n<p>Warning! Keep away from children and food.<\/p>\n<p>Protect from skin and eye contact.<\/p>\n<p>Must not be swallowed or inhaled.<\/p>\n<p>Never exceed appropriate dosage ratios. Use only where necessary.<\/p>\n<p>Do not reuse empty packaging for other purposes.<\/p>\n<p>Dispose of packaging after use.<\/p>\n<h3>Storage<\/h3>\n<p>Under normal conditions (dry and cool location), it retains its physical and chemical properties for at least 3 years.<br \/>\nStorage temperature +5 \u00b0C &#8211; +30 \u00b0C (degrees).<\/p>\n<h3>Compatibility<\/h3>\n<p>There is no problem in applying it mixed with agricultural chemicals and other fertilizers.<br \/>\nPerform a pre-mix test to ensure proper mixing.<\/p>\n<h3>Solubility<\/h3>\n<p>Water soluble at recommended doses, does not precipitate and leaves no residue in any way.<\/p>\n<h3>Application Dosage and Usage<\/h3>\n<p>Application by Drip Irrigation:<\/p>\n<p>Fruit Production, Vegetable Production, Vineyards, Citrus: 400 \u2013 600 cc\/hectare<\/p>\n<p>Foliar Application:<\/p>\n<p>In vegetables: 200 \u2013 250 cc \/ 100 L water<br \/>\nIn fruits: 200 \u2013 250 cc \/ 100 L water<br \/>\nIn vineyards: 250 \u2013 300 cc \/ 100 L water<br \/>\nIn citrus: 250 \u2013 300 cc \/ 100 L water<br \/>\nField Crops: 250 \u2013 300 cc \/ 100 L water<\/p>\n<p>Note:<br \/>\nThe dosages given are for guidance only. For a more detailed fertilization program, please have soil and leaf analysis performed and consult our technical staff.<\/p>\n<h3>Company Statement<\/h3>\n<p>Importer guarantees the analyzed content at the time of product delivery; however, any problems arising from incorrect use, improper storage and non-compliance with recommended dosages are the responsibility of the user. The importer cannot be held responsible.<\/p>\n<h3>Ministry Information<\/h3>\n<p>Ministry Registration No: 33986<br \/>\nMinistry License No: 1851<br \/>\nBatch \/ Serial No: 2023-404<br \/>\nBatch No: 1232403<\/p>\n<p>Net Weight: 1.25 kg<br \/>\nVolume: 1 Litre<\/p>\n<h3>Manufacturer<\/h3>\n<p>ASFERT GLOBAL LDA<br \/>\nRua Nova da CEE<br \/>\n2005-008 V\u00e1rzea &#8211; Santar\u00e9m<br \/>\nPORTUGAL<\/p>\n<h3>Importer<\/h3>\n<p>UNITTAR AGRICULTURAL INDUSTRY AND TRADE INC.<br \/>\nEtilers Mah. 829 Sok. A Plaza No: 3\/503 Muratpa\u015fa \u2013 ANTALYA<br \/>\nTel: 0 242 311 07 33<br \/>\nFax: 0 242 311 07 55<\/p>","protected":false},"excerpt":{"rendered":"<p>Garanti Edilen \u0130\u00e7erik (w\/w) Suda \u00c7\u00f6z\u00fcn\u00fcr Bak\u0131r (Cu): %5 Suda \u00c7\u00f6z\u00fcn\u00fcr Demir (Fe) (Tamam\u0131 EDTA \u015felatl\u0131d\u0131r): %0,6 Suda \u00c7\u00f6z\u00fcn\u00fcr Mangan (Mn) (Tamam\u0131 EDTA \u015felatl\u0131d\u0131r): %0,15 Suda \u00c7\u00f6z\u00fcn\u00fcr \u00c7inko (Zn) (Tamam\u0131 EDTA \u015felatl\u0131d\u0131r): %0,2 EDTA \u015felat\u0131n\u0131n stabil oldu\u011fu pH aral\u0131\u011f\u0131: Demir&#8230;<\/p>","protected":false},"featured_media":14967,"template":"","meta":[],"product_brand":[],"product_cat":[62],"product_tag":[65,64,63],"class_list":{"0":"post-14034","1":"product","2":"type-product","3":"status-publish","4":"has-post-thumbnail","6":"product_cat-asfertglobal","7":"product_tag-asfertglobal","8":"product_tag-gubre","9":"product_tag-organik","11":"first","12":"instock","13":"shipping-taxable","14":"product-type-simple"},"_links":{"self":[{"href":"https:\/\/unittar.com\/en\/wp-json\/wp\/v2\/product\/14034","targetHints":{"allow":["GET"]}}],"collection":[{"href":"https:\/\/unittar.com\/en\/wp-json\/wp\/v2\/product"}],"about":[{"href":"https:\/\/unittar.com\/en\/wp-json\/wp\/v2\/types\/product"}],"version-history":[{"count":3,"href":"https:\/\/unittar.com\/en\/wp-json\/wp\/v2\/product\/14034\/revisions"}],"predecessor-version":[{"id":15571,"href":"https:\/\/unittar.com\/en\/wp-json\/wp\/v2\/product\/14034\/revisions\/15571"}],"wp:featuredmedia":[{"embeddable":true,"href":"https:\/\/unittar.com\/en\/wp-json\/wp\/v2\/media\/14967"}],"wp:attachment":[{"href":"https:\/\/unittar.com\/en\/wp-json\/wp\/v2\/media?parent=14034"}],"wp:term":[{"taxonomy":"product_brand","embeddable":true,"href":"https:\/\/unittar.com\/en\/wp-json\/wp\/v2\/product_brand?post=14034"},{"taxonomy":"product_cat","embeddable":true,"href":"https:\/\/unittar.com\/en\/wp-json\/wp\/v2\/product_cat?post=14034"},{"taxonomy":"product_tag","embeddable":true,"href":"https:\/\/unittar.com\/en\/wp-json\/wp\/v2\/product_tag?post=14034"}],"curies":[{"name":"wp","href":"https:\/\/api.w.org\/{rel}","templated":true}]}}