{"id":14029,"date":"2022-10-19T16:15:37","date_gmt":"2022-10-19T13:15:37","guid":{"rendered":"https:\/\/unittar.com\/?post_type=product&#038;p=14029"},"modified":"2026-02-24T21:25:41","modified_gmt":"2026-02-24T18:25:41","slug":"oximon","status":"publish","type":"product","link":"https:\/\/unittar.com\/en\/product\/oximon\/","title":{"rendered":"OXIMON"},"content":{"rendered":"<p>EC FERTILIZER<\/p>\n<p>LIQUID MICRO PLANT NUTRIENT MIXTURE<\/p>\n<h3>Guaranteed Content<\/h3>\n<p>(W\/W)<\/p>\n<p>Water Soluble Copper (Cu) (EDTA chelated) &#8230;&#8230;.. %6<br \/>\nWater Soluble Manganese (Mn) (EDTA chelated) &#8230;. %6<\/p>\n<p>Chlorine content: <%1<\/p>\n<p>pH range for EDTA chelate stability: 3 \u2013 9<\/p>\n<h3>Warnings<\/h3>\n<p>Warning! Keep away from children and food.<\/p>\n<p>Protect from skin and eye contact.<\/p>\n<p>Must not be swallowed or inhaled.<\/p>\n<p>Never exceed appropriate dosage ratios. Use only where necessary.<\/p>\n<p>Do not reuse empty packaging for other purposes.<\/p>\n<p>Dispose of packaging after use.<\/p>\n<p>It is recommended to use fertilizer after soil and\/or leaf analysis is performed.<\/p>\n<h3>Storage<\/h3>\n<p>Normally (dry and cool place) maintains its physical and chemical properties for at least 5 years.<br \/>\nStorage temperature 0\u00b0C &#8211; +45\u00b0C (degrees).<\/p>\n<h3>Compatibility<\/h3>\n<p>There is no problem in applying it mixed with agricultural chemicals and other fertilizers.<br \/>\nPerform a pre-mix test to ensure proper mixing.<\/p>\n<h3>Solubility<\/h3>\n<p>Water soluble at recommended doses, does not precipitate and leaves no residue in any way.<\/p>\n<h3>Application Dosage and Usage<\/h3>\n<p>Top application<\/p>\n<p>In vegetables: use with 80 lt\/da water<br \/>\nIn vineyards: use with 80 lt\/da water<br \/>\nIn fruits: use with 80 lt\/da water<br \/>\nIn citrus: use with 80 lt\/da water<br \/>\nIn cereals: 50-100 ml\/100 lt water<\/p>\n<p>Note: The given dosages are advisory in nature; for a more detailed fertilization program, please obtain soil and leaf analysis and consult with our technical staff.<\/p>\n<h3>Company Statement<\/h3>\n<p>Importer guarantees the analyzed content at the time of product delivery. However, any problems arising from incorrect use, improper storage and non-compliance with recommended dosages are the responsibility of the user. The importer cannot be held responsible.<\/p>\n<p>Ministry Registration No: 34833<br \/>\nMinistry License No: 1851<br \/>\nBatch Serial No: 2021-103<br \/>\nBatch number: 1210610<\/p>\n<p>Net Weight: 1.34 kg<br \/>\nVolume: 1 lt<\/p>","protected":false},"excerpt":{"rendered":"<p>EC FERTILIZER SIVI M\u0130KRO B\u0130TK\u0130 BES\u0130N MADDELER\u0130 KARI\u015eIMI Garanti Edilen \u0130\u00e7erik (W\/W) Suda \u00c7\u00f6z\u00fcn\u00fcr Bak\u0131r (Cu) (EDTA \u015felatl\u0131) &#8230;&#8230;.. %6 Suda \u00c7\u00f6z\u00fcn\u00fcr Mangan (Mn) (EDTA \u015felatl\u0131) &#8230;. %6 Klor i\u00e7eri\u011fi:<\/p>","protected":false},"featured_media":14030,"template":"","meta":[],"product_brand":[],"product_cat":[62],"product_tag":[65,64,63],"class_list":{"0":"post-14029","1":"product","2":"type-product","3":"status-publish","4":"has-post-thumbnail","6":"product_cat-asfertglobal","7":"product_tag-asfertglobal","8":"product_tag-gubre","9":"product_tag-organik","11":"first","12":"instock","13":"shipping-taxable","14":"product-type-simple"},"_links":{"self":[{"href":"https:\/\/unittar.com\/en\/wp-json\/wp\/v2\/product\/14029","targetHints":{"allow":["GET"]}}],"collection":[{"href":"https:\/\/unittar.com\/en\/wp-json\/wp\/v2\/product"}],"about":[{"href":"https:\/\/unittar.com\/en\/wp-json\/wp\/v2\/types\/product"}],"version-history":[{"count":3,"href":"https:\/\/unittar.com\/en\/wp-json\/wp\/v2\/product\/14029\/revisions"}],"predecessor-version":[{"id":15580,"href":"https:\/\/unittar.com\/en\/wp-json\/wp\/v2\/product\/14029\/revisions\/15580"}],"wp:featuredmedia":[{"embeddable":true,"href":"https:\/\/unittar.com\/en\/wp-json\/wp\/v2\/media\/14030"}],"wp:attachment":[{"href":"https:\/\/unittar.com\/en\/wp-json\/wp\/v2\/media?parent=14029"}],"wp:term":[{"taxonomy":"product_brand","embeddable":true,"href":"https:\/\/unittar.com\/en\/wp-json\/wp\/v2\/product_brand?post=14029"},{"taxonomy":"product_cat","embeddable":true,"href":"https:\/\/unittar.com\/en\/wp-json\/wp\/v2\/product_cat?post=14029"},{"taxonomy":"product_tag","embeddable":true,"href":"https:\/\/unittar.com\/en\/wp-json\/wp\/v2\/product_tag?post=14029"}],"curies":[{"name":"wp","href":"https:\/\/api.w.org\/{rel}","templated":true}]}}