{"id":14027,"date":"2022-10-19T16:42:40","date_gmt":"2022-10-19T13:42:40","guid":{"rendered":"https:\/\/unittar.com\/?post_type=product&#038;p=14027"},"modified":"2026-02-24T21:25:31","modified_gmt":"2026-02-24T18:25:31","slug":"nobacto","status":"publish","type":"product","link":"https:\/\/unittar.com\/en\/product\/nobacto\/","title":{"rendered":"NOBACTO"},"content":{"rendered":"<p>EC FERTILIZER<br \/>\nCOPPER FERTILIZER SOLUTION<br \/>\n(Copper Sulphate Content)<\/p>\n<h3>Guaranteed Content<\/h3>\n<p>(W\/W)<\/p>\n<p>Water Soluble Copper (Cu) %3<\/p>\n<p>Chlorine content: <%1<\/p>\n<h3>Warnings<\/h3>\n<p>Warning! Keep away from children and food.<\/p>\n<p>Protect from skin and eye contact.<\/p>\n<p>Must not be swallowed or inhaled.<\/p>\n<p>Never exceed appropriate dosage ratios. Use only where necessary.<\/p>\n<p>Do not reuse empty packaging for other purposes.<\/p>\n<p>Dispose of packaging after use.<\/p>\n<h3>Storage<\/h3>\n<p>Normally (dry and cool place) maintains its physical and chemical properties for at least 5 years.<br \/>\nStorage temperature 0\u00b0C &#8211; +45\u00b0C (degrees).<\/p>\n<h3>Compatibility<\/h3>\n<p>There is no problem in applying it mixed with agricultural chemicals and other fertilizers.<br \/>\nPerform a pre-mix test to ensure proper mixing.<\/p>\n<h3>Solubility<\/h3>\n<p>Water soluble at recommended doses, does not precipitate and leaves no residue in any way.<\/p>\n<h3>Application Dosage and Usage<\/h3>\n<p>In Greenhouse Products:<br \/>\nVia drip irrigation from soil: 300 \u2013 500 cc\/da<br \/>\nIn open field vegetable growing: 300 \u2013 500 cc\/da<br \/>\nTomato, Pepper, Cucumber, Squash, Eggplant, Green Bean: 300 \u2013 500 cc\/da<br \/>\nMelon, Watermelon, Strawberry: 300 \u2013 500 cc\/da<br \/>\nIn fruit growing: 250 \u2013 300 cc\/100 L water<\/p>\n<p>Note: The given doses are recommendations. For a more detailed fertilization program, it is recommended to conduct soil and leaf analysis and consult our technical staff.<\/p>\n<h3>Company Statement<\/h3>\n<p>Importer guarantees the analyzed content at the time of product delivery. However, any problems arising from incorrect use, improper storage and non-compliance with recommended dosages are the responsibility of the user. The importer cannot be held responsible.<\/p>\n<p>Ministry Registration No: 33980<br \/>\nMinistry License No: 1851<\/p>\n<p>Net Weight:<br \/>\nVolume:<\/p>\n<h3>Importer<\/h3>\n<p>UNITTAR AGRICULTURAL INDUSTRY AND TRADE INC.<br \/>\nEtilers Mah. 829 Sk. A Plaza 3\/503 Muratpa\u015fa &#8211; ANTALYA<br \/>\nTel: 0 242 311 07 33<br \/>\nFax: 0 242 311 07 55<\/p>\n<h3>Manufacturer<\/h3>\n<p>ASFERTGLOBAL LDA<br \/>\nRua Nova da CEE<br \/>\n2005-008 V\u00e1rzea<br \/>\nSantar\u00e9m &#8211; PORTUGAL<br \/>\nTel: (+351) 243 779 431<br \/>\ninfo@asfertglobal.com<\/p>","protected":false},"excerpt":{"rendered":"<p>EC FERTILIZER BAKIRLI G\u00dcBRE \u00c7\u00d6ZELT\u0130S\u0130 (Bak\u0131r S\u00fclfat \u0130\u00e7erikli) Garanti Edilen \u0130\u00e7erik (W\/W) Suda \u00c7\u00f6z\u00fcn\u00fcr Bak\u0131r (Cu) %3 Klor i\u00e7eri\u011fi:<\/p>","protected":false},"featured_media":15353,"template":"","meta":[],"product_brand":[],"product_cat":[62],"product_tag":[65,64,63],"class_list":{"0":"post-14027","1":"product","2":"type-product","3":"status-publish","4":"has-post-thumbnail","6":"product_cat-asfertglobal","7":"product_tag-asfertglobal","8":"product_tag-gubre","9":"product_tag-organik","11":"first","12":"instock","13":"shipping-taxable","14":"product-type-simple"},"_links":{"self":[{"href":"https:\/\/unittar.com\/en\/wp-json\/wp\/v2\/product\/14027","targetHints":{"allow":["GET"]}}],"collection":[{"href":"https:\/\/unittar.com\/en\/wp-json\/wp\/v2\/product"}],"about":[{"href":"https:\/\/unittar.com\/en\/wp-json\/wp\/v2\/types\/product"}],"version-history":[{"count":3,"href":"https:\/\/unittar.com\/en\/wp-json\/wp\/v2\/product\/14027\/revisions"}],"predecessor-version":[{"id":15579,"href":"https:\/\/unittar.com\/en\/wp-json\/wp\/v2\/product\/14027\/revisions\/15579"}],"wp:featuredmedia":[{"embeddable":true,"href":"https:\/\/unittar.com\/en\/wp-json\/wp\/v2\/media\/15353"}],"wp:attachment":[{"href":"https:\/\/unittar.com\/en\/wp-json\/wp\/v2\/media?parent=14027"}],"wp:term":[{"taxonomy":"product_brand","embeddable":true,"href":"https:\/\/unittar.com\/en\/wp-json\/wp\/v2\/product_brand?post=14027"},{"taxonomy":"product_cat","embeddable":true,"href":"https:\/\/unittar.com\/en\/wp-json\/wp\/v2\/product_cat?post=14027"},{"taxonomy":"product_tag","embeddable":true,"href":"https:\/\/unittar.com\/en\/wp-json\/wp\/v2\/product_tag?post=14027"}],"curies":[{"name":"wp","href":"https:\/\/api.w.org\/{rel}","templated":true}]}}