{"id":14023,"date":"2022-10-19T15:11:20","date_gmt":"2022-10-19T12:11:20","guid":{"rendered":"https:\/\/unittar.com\/?post_type=product&#038;p=14023"},"modified":"2026-02-24T21:24:57","modified_gmt":"2026-02-24T18:24:57","slug":"kiplant-vs-04","status":"publish","type":"product","link":"https:\/\/unittar.com\/en\/product\/kiplant-vs-04\/","title":{"rendered":"KIPLANT VS 04"},"content":{"rendered":"<h3>Guaranteed Content<\/h3>\n<p>(w\/w)<\/p>\n<p>Water Soluble Copper (Cu): %0.5<\/p>\n<p>Water Soluble Zinc (Zn): %1.5<\/p>\n<p>Chlorine Content: <%1<\/p>\n<p>NEVER EXCEED APPROPRIATE DOSAGE RATIOS<\/p>\n<p>USE ONLY WHERE NECESSARY<\/p>\n<h3>Warnings<\/h3>\n<p>Warning! Keep away from children and food.<\/p>\n<p>Protect from skin and eye contact.<\/p>\n<p>Must not be swallowed or inhaled.<\/p>\n<p>Never exceed appropriate dosage ratios. Use only where necessary.<\/p>\n<p>Do not reuse empty packaging for other purposes.<\/p>\n<p>Dispose of packaging after use.<\/p>\n<h3>Storage<\/h3>\n<p>Normally (dry and cool place) maintains its physical and chemical properties for at least 5 years.<br \/>\nStorage temperature is 0 \u00b0C \u2013 +45 \u00b0C (degrees).<\/p>\n<h3>Compatibility<\/h3>\n<p>There is no problem in mixing with pesticides and other fertilizers for application.<br \/>\nPerform a pre-mix test to ensure proper mixing.<\/p>\n<h3>Solubility<\/h3>\n<p>Water soluble at recommended doses, does not precipitate and leaves no residue in any way.<\/p>\n<h3>Application Dosage and Usage<\/h3>\n<p>Foliar Application:<\/p>\n<p>In Vegetable Growing: 250 \u2013 300 ml \/ 100 L water<br \/>\nIn Fruit Growing: 250 \u2013 300 ml \/ 100 L water<br \/>\nIn Vineyards: 250 \u2013 300 ml \/ 100 L water<\/p>\n<p>Application by Drip Irrigation:<\/p>\n<p>For all crops: 500 ml \/ da<\/p>\n<p>Note: The given doses are recommendations. For a more detailed fertilization program, it is recommended to conduct soil and leaf analysis and consult our technical staff.<\/p>\n<h3>Company Statement<\/h3>\n<p>Importer guarantees the analyzed content at the time of product delivery; however, any problems arising from incorrect use, improper storage and non-compliance with recommended dosages are the responsibility of the user. The importer cannot be held responsible.<\/p>\n<h3>Ministry Information<\/h3>\n<p>Ministry Registration No: 33985<br \/>\nMinistry License No: 1851<br \/>\nBatch \/ Serial No: 2024-111<br \/>\nBatch No: 1241311<\/p>\n<p>Net Weight: 1.1 Kg<br \/>\nVolume: 1 Litre<\/p>\n<h3>Manufacturer<\/h3>\n<p>ASFERT GLOBAL LDA<br \/>\nRua Nova da CEE<br \/>\n2005-008 V\u00e1rzea<br \/>\nSantar\u00e9m \u2013 PORTUGAL<\/p>\n<h3>Importer<\/h3>\n<p>UNITTAR AGRICULTURAL INDUSTRY AND TRADE INC.<br \/>\nEtilers Mah. 829 Sok. A Plaza No: 3\/503 Muratpa\u015fa \u2013 ANTALYA<br \/>\nTel: 0 242 311 07 33<br \/>\nFax: 0 242 311 07 55<\/p>","protected":false},"excerpt":{"rendered":"<p>Garanti Edilen \u0130\u00e7erik (w\/w) Suda \u00c7\u00f6z\u00fcn\u00fcr Bak\u0131r (Cu): %0,5 Suda \u00c7\u00f6z\u00fcn\u00fcr \u00c7inko (Zn): %1,5 Klor \u0130\u00e7eri\u011fi:<\/p>","protected":false},"featured_media":14968,"template":"","meta":[],"product_brand":[],"product_cat":[62],"product_tag":[65,64,63],"class_list":{"0":"post-14023","1":"product","2":"type-product","3":"status-publish","4":"has-post-thumbnail","6":"product_cat-asfertglobal","7":"product_tag-asfertglobal","8":"product_tag-gubre","9":"product_tag-organik","11":"first","12":"instock","13":"shipping-taxable","14":"product-type-simple"},"_links":{"self":[{"href":"https:\/\/unittar.com\/en\/wp-json\/wp\/v2\/product\/14023","targetHints":{"allow":["GET"]}}],"collection":[{"href":"https:\/\/unittar.com\/en\/wp-json\/wp\/v2\/product"}],"about":[{"href":"https:\/\/unittar.com\/en\/wp-json\/wp\/v2\/types\/product"}],"version-history":[{"count":3,"href":"https:\/\/unittar.com\/en\/wp-json\/wp\/v2\/product\/14023\/revisions"}],"predecessor-version":[{"id":15575,"href":"https:\/\/unittar.com\/en\/wp-json\/wp\/v2\/product\/14023\/revisions\/15575"}],"wp:featuredmedia":[{"embeddable":true,"href":"https:\/\/unittar.com\/en\/wp-json\/wp\/v2\/media\/14968"}],"wp:attachment":[{"href":"https:\/\/unittar.com\/en\/wp-json\/wp\/v2\/media?parent=14023"}],"wp:term":[{"taxonomy":"product_brand","embeddable":true,"href":"https:\/\/unittar.com\/en\/wp-json\/wp\/v2\/product_brand?post=14023"},{"taxonomy":"product_cat","embeddable":true,"href":"https:\/\/unittar.com\/en\/wp-json\/wp\/v2\/product_cat?post=14023"},{"taxonomy":"product_tag","embeddable":true,"href":"https:\/\/unittar.com\/en\/wp-json\/wp\/v2\/product_tag?post=14023"}],"curies":[{"name":"wp","href":"https:\/\/api.w.org\/{rel}","templated":true}]}}