{"id":14021,"date":"2022-10-19T16:12:26","date_gmt":"2022-10-19T13:12:26","guid":{"rendered":"https:\/\/unittar.com\/?post_type=product&#038;p=14021"},"modified":"2026-02-24T21:24:35","modified_gmt":"2026-02-24T18:24:35","slug":"kiplant-inducer","status":"publish","type":"product","link":"https:\/\/unittar.com\/en\/product\/kiplant-inducer\/","title":{"rendered":"KIPLANT INDUCER"},"content":{"rendered":"<p>EC FERTILIZER<br \/>\nNITROGEN FERTILIZER SOLUTION<\/p>\n<p>Guaranteed Content (w\/w)<\/p>\n<p>Total Nitrogen (N): ,6<\/p>\n<p>Ammonium Nitrogen (N): %3<\/p>\n<p>Nitrate Nitrogen (N): %6.5<\/p>\n<p>Urea Nitrogen (N): %6,1<\/p>\n<p>Chlorine content: <%1<\/p>\n<h3>Warnings<\/h3>\n<p>Warning! Keep away from children and food.<\/p>\n<p>Protect from skin and eye contact.<\/p>\n<p>Must not be swallowed or inhaled.<\/p>\n<p>Never exceed appropriate dosage ratios. Use only where necessary.<\/p>\n<p>Do not reuse empty packaging for other purposes.<\/p>\n<p>Dispose of packaging after use.<\/p>\n<p>It is recommended to use fertilizer after soil and\/or leaf analysis is performed.<\/p>\n<h3>Storage<\/h3>\n<p>Normally (dry and cool place) maintains its physical and chemical properties for at least 5 years.<br \/>\nStorage temperature 0 \u00b0C &#8211; +45 \u00b0C (degrees).<\/p>\n<p>Compatibility<\/p>\n<p>There is no problem with mixing and applying it with agricultural chemicals and other fertilizers. Perform a pre-mix test to ensure compatibility.<\/p>\n<h3>Solubility<\/h3>\n<p>Water soluble at recommended doses, does not precipitate and leaves no residue in any way.<\/p>\n<p>Company Statement<\/p>\n<p>Importer guarantees the analyzed content at the time of product delivery. However, any problems arising from incorrect use, improper storage and non-compliance with recommended dosages are the responsibility of the user. The importer cannot be held responsible.<\/p>\n<p>Ministry Information<\/p>\n<p>Ministry Registration No: 34835<\/p>\n<p>Ministry License No: 1851<\/p>\n<p>Batch \/ Serial No: 2023-127<\/p>\n<p>Batch Number: 1231812<\/p>\n<p>Net Weight: 6.75 kg<br \/>\nVolume: 5 lt<\/p>\n<h3>Application Dosage and Usage<\/h3>\n<p>Top application (during the season)<\/p>\n<p>Cherry: 8 L \/ 100 L water<\/p>\n<p>In Peaches \u2013 Nectarines: 4-5 L \/ 100 L water<\/p>\n<p>Apple: 4-5 L \/ 100 L water<\/p>\n<p>To be used with 80 L \/ decare of water.<\/p>\n<p>Note: The given doses are recommendations. For a more detailed fertilization program, it is recommended to conduct soil and leaf analysis and consult our technical staff.<\/p>","protected":false},"excerpt":{"rendered":"<p>EC FERTILIZER AZOTLU G\u00dcBRE \u00c7\u00d6ZELT\u0130S\u0130 Garanti Edilen \u0130\u00e7erik (w\/w) Toplam Azot (N): %15,6 Amonyum Azotu (N): %3 Nitrat Azotu (N): %6,5 \u00dcre Azotu (N): %6,1 Klor i\u00e7eri\u011fi:<\/p>","protected":false},"featured_media":13969,"template":"","meta":[],"product_brand":[],"product_cat":[62],"product_tag":[65,64,63],"class_list":{"0":"post-14021","1":"product","2":"type-product","3":"status-publish","4":"has-post-thumbnail","6":"product_cat-asfertglobal","7":"product_tag-asfertglobal","8":"product_tag-gubre","9":"product_tag-organik","11":"first","12":"instock","13":"shipping-taxable","14":"product-type-simple"},"_links":{"self":[{"href":"https:\/\/unittar.com\/en\/wp-json\/wp\/v2\/product\/14021","targetHints":{"allow":["GET"]}}],"collection":[{"href":"https:\/\/unittar.com\/en\/wp-json\/wp\/v2\/product"}],"about":[{"href":"https:\/\/unittar.com\/en\/wp-json\/wp\/v2\/types\/product"}],"version-history":[{"count":3,"href":"https:\/\/unittar.com\/en\/wp-json\/wp\/v2\/product\/14021\/revisions"}],"predecessor-version":[{"id":15572,"href":"https:\/\/unittar.com\/en\/wp-json\/wp\/v2\/product\/14021\/revisions\/15572"}],"wp:featuredmedia":[{"embeddable":true,"href":"https:\/\/unittar.com\/en\/wp-json\/wp\/v2\/media\/13969"}],"wp:attachment":[{"href":"https:\/\/unittar.com\/en\/wp-json\/wp\/v2\/media?parent=14021"}],"wp:term":[{"taxonomy":"product_brand","embeddable":true,"href":"https:\/\/unittar.com\/en\/wp-json\/wp\/v2\/product_brand?post=14021"},{"taxonomy":"product_cat","embeddable":true,"href":"https:\/\/unittar.com\/en\/wp-json\/wp\/v2\/product_cat?post=14021"},{"taxonomy":"product_tag","embeddable":true,"href":"https:\/\/unittar.com\/en\/wp-json\/wp\/v2\/product_tag?post=14021"}],"curies":[{"name":"wp","href":"https:\/\/api.w.org\/{rel}","templated":true}]}}