{"id":14019,"date":"2022-10-19T16:13:18","date_gmt":"2022-10-19T13:13:18","guid":{"rendered":"https:\/\/unittar.com\/?post_type=product&#038;p=14019"},"modified":"2026-02-24T21:24:20","modified_gmt":"2026-02-24T18:24:20","slug":"kiplant-hb15","status":"publish","type":"product","link":"https:\/\/unittar.com\/en\/product\/kiplant-hb15\/","title":{"rendered":"KIPLANT HB15"},"content":{"rendered":"<h3>Guaranteed Content<\/h3>\n<p>(w\/w)<\/p>\n<p>Total Nitrogen (N):<\/p>\n<p>Ammonium Nitrogen (N): %6<\/p>\n<p>Nitrate Nitrogen (N): %9<\/p>\n<p>Chlorine Content: <%1<\/p>\n<p>NEVER EXCEED APPROPRIATE DOSAGE RATIOS<\/p>\n<p>USE ONLY WHERE NECESSARY<\/p>\n<h3>Warnings<\/h3>\n<p>Warning! Keep away from children and food.<\/p>\n<p>Protect from skin and eye contact.<\/p>\n<p>Must not be swallowed or inhaled.<\/p>\n<p>Never exceed appropriate dosage ratios. Use only where necessary.<\/p>\n<p>Do not reuse empty packaging for other purposes.<\/p>\n<p>Dispose of packaging after use.<\/p>\n<p>It is recommended to use fertilizer after soil and\/or leaf analysis is performed.<\/p>\n<h3>Storage<\/h3>\n<p>Normally (dry and cool place) maintains its physical and chemical properties for at least 5 years.<br \/>\nStorage temperature is 0 \u00b0C \u2013 +45 \u00b0C (degrees).<\/p>\n<h3>Compatibility<\/h3>\n<p>There is no problem in applying it mixed with agricultural chemicals and other fertilizers.<br \/>\nPerform a pre-mix test to ensure proper mixing.<\/p>\n<h3>Solubility<\/h3>\n<p>Water soluble at recommended doses, does not precipitate and leaves no residue in any way.<\/p>\n<h3>Application Dosage and Usage<\/h3>\n<p>Top application (during the season):<\/p>\n<p>In Cherry: 8 L \/ 100 L water<br \/>\nUse with 80 L \/ hectare water<\/p>\n<p>In Peach \u2013 Nectarine: 4 \u2013 5 L \/ 100 L water<br \/>\nUse with 80 L \/ hectare water<\/p>\n<p>In Apple: 5 \u2013 6 L \/ 100 L water<br \/>\nUse with 80 L \/ hectare water<\/p>\n<p>Note:<br \/>\nThe dosages given are for guidance only. For a more detailed fertilization program, please have soil and leaf analysis performed and consult our technical staff.<\/p>\n<h3>Ministry Information<\/h3>\n<p>Ministry Registration No: 34831<br \/>\nMinistry License No: 1851<br \/>\nBatch \/ Serial No: 2023-127<br \/>\nBatch Number: 1231812<\/p>\n<p>Net Weight: 6.75 kg<br \/>\nVolume: 5 Litre<\/p>\n<h3>Manufacturer<\/h3>\n<p>ASFERT GLOBAL LDA<br \/>\nZona Industrial de Santar\u00e9m<br \/>\nLoteamento Industrial de Santar\u00e9m<br \/>\nPerofilho \u2013 2005-008 V\u00e1rzea<br \/>\nSantar\u00e9m \u2013 PORTUGAL<\/p>\n<h3>Importer<\/h3>\n<p>UNITTAR AGRICULTURAL INDUSTRY AND TRADE INC.<br \/>\nEtilers Mah. 829 Sok. A Plaza No: 3\/503 Muratpa\u015fa \u2013 ANTALYA<br \/>\nTel: 0 242 311 07 33<br \/>\nFax: 0 242 311 07 55<\/p>","protected":false},"excerpt":{"rendered":"<p>Garanti Edilen \u0130\u00e7erik (w\/w) Toplam Azot (N): %15 Amonyum Azotu (N): %6 Nitrat Azotu (N): %9 Klor \u0130\u00e7eri\u011fi:<\/p>","protected":false},"featured_media":13968,"template":"","meta":[],"product_brand":[],"product_cat":[62],"product_tag":[65,64,63],"class_list":{"0":"post-14019","1":"product","2":"type-product","3":"status-publish","4":"has-post-thumbnail","6":"product_cat-asfertglobal","7":"product_tag-asfertglobal","8":"product_tag-gubre","9":"product_tag-organik","11":"first","12":"instock","13":"shipping-taxable","14":"product-type-simple"},"_links":{"self":[{"href":"https:\/\/unittar.com\/en\/wp-json\/wp\/v2\/product\/14019","targetHints":{"allow":["GET"]}}],"collection":[{"href":"https:\/\/unittar.com\/en\/wp-json\/wp\/v2\/product"}],"about":[{"href":"https:\/\/unittar.com\/en\/wp-json\/wp\/v2\/types\/product"}],"version-history":[{"count":3,"href":"https:\/\/unittar.com\/en\/wp-json\/wp\/v2\/product\/14019\/revisions"}],"predecessor-version":[{"id":15570,"href":"https:\/\/unittar.com\/en\/wp-json\/wp\/v2\/product\/14019\/revisions\/15570"}],"wp:featuredmedia":[{"embeddable":true,"href":"https:\/\/unittar.com\/en\/wp-json\/wp\/v2\/media\/13968"}],"wp:attachment":[{"href":"https:\/\/unittar.com\/en\/wp-json\/wp\/v2\/media?parent=14019"}],"wp:term":[{"taxonomy":"product_brand","embeddable":true,"href":"https:\/\/unittar.com\/en\/wp-json\/wp\/v2\/product_brand?post=14019"},{"taxonomy":"product_cat","embeddable":true,"href":"https:\/\/unittar.com\/en\/wp-json\/wp\/v2\/product_cat?post=14019"},{"taxonomy":"product_tag","embeddable":true,"href":"https:\/\/unittar.com\/en\/wp-json\/wp\/v2\/product_tag?post=14019"}],"curies":[{"name":"wp","href":"https:\/\/api.w.org\/{rel}","templated":true}]}}