{"id":14008,"date":"2022-10-19T15:24:25","date_gmt":"2022-10-19T12:24:25","guid":{"rendered":"https:\/\/unittar.com\/?post_type=product&#038;p=14008"},"modified":"2026-02-24T21:23:57","modified_gmt":"2026-02-24T18:23:57","slug":"foral-bmo","status":"publish","type":"product","link":"https:\/\/unittar.com\/en\/product\/foral-bmo\/","title":{"rendered":"FORAL BMO"},"content":{"rendered":"<h3>Guaranteed Content<\/h3>\n<p>(w\/w)<\/p>\n<p>Water Soluble Boron (B): %3<\/p>\n<p>Water Soluble Molybdenum (Mo): %1<\/p>\n<p>NEVER EXCEED APPROPRIATE DOSAGE RATIOS<\/p>\n<p>USE ONLY WHERE NECESSARY<\/p>\n<p>NOT TO BE USED AS AGRICULTURAL CHEMICAL<\/p>\n<h3>Warnings<\/h3>\n<p>Warning! Keep away from children and food.<\/p>\n<p>Protect from skin and eye contact.<\/p>\n<p>Must not be swallowed or inhaled.<\/p>\n<p>Never exceed appropriate dosage ratios. Use only where necessary.<\/p>\n<p>Do not reuse empty packaging for other purposes.<\/p>\n<p>Dispose of packaging after use.<\/p>\n<h3>Storage<\/h3>\n<p>Normally (dry and cool place) maintains its physical and chemical properties for at least 5 years.<br \/>\nStorage temperature is 0 \u00b0C \u2013 +45 \u00b0C (degrees).<\/p>\n<h3>Compatibility<\/h3>\n<p>There is no problem in applying it mixed with agricultural chemicals and other fertilizers.<br \/>\nPerform a pre-mix test to ensure proper mixing.<\/p>\n<h3>Solubility<\/h3>\n<p>Water soluble at recommended doses, does not precipitate and leaves no residue in any way.<\/p>\n<h3>Application Dosage and Usage<\/h3>\n<p>Foliar application<\/p>\n<p>In Vegetable Growing: 250 \u2013 300 ml \/ 100 L water<br \/>\nIn Fruit Growing: 100 \u2013 200 ml \/ 100 L water<br \/>\nIn Vineyards: 150 \u2013 200 ml \/ 100 L water<br \/>\nIn Citrus: 200 ml \/ 100 L water<br \/>\nIn Strawberry: 200 ml \/ 100 L water<br \/>\nIn Seedlings: 200 ml \/ 100 L water<\/p>\n<p>Application by drip irrigation<\/p>\n<p>For all crops 200 \u2013 400 ml\/da<\/p>\n<p>Note:<br \/>\nThe dosages given are for guidance only. For a more detailed fertilization program, please have soil and leaf analysis performed and consult our technical staff.<\/p>\n<h3>Ministry Information<\/h3>\n<p>Ministry Registration No: 33984<br \/>\nMinistry License No: 1851<br \/>\nBatch \/ Serial No: 2023-404<\/p>\n<p>Net Weight: 1.22 kg<br \/>\nVolume: 1 Litre<\/p>\n<h3>Manufacturer<\/h3>\n<p>ASFERT GLOBAL LDA<br \/>\nZona Industrial de Santar\u00e9m<br \/>\nLoteamento Industrial de Santar\u00e9m<br \/>\nPerofilho, 2005-008 V\u00e1rzea<br \/>\nSantar\u00e9m \u2013 PORTUGAL<\/p>\n<h3>Importer<\/h3>\n<p>UNITTAR AGRICULTURAL INDUSTRY AND TRADE INC.<br \/>\nEtilers Mah. 829 Sok. A Plaza No: 3\/503 Muratpa\u015fa \u2013 ANTALYA<br \/>\nTel: 0 242 311 07 33<br \/>\nFax: 0 242 311 07 55<\/p>","protected":false},"excerpt":{"rendered":"<p>Garanti Edilen \u0130\u00e7erik (w\/w) Suda \u00c7\u00f6z\u00fcn\u00fcr Bor (B): %3 Suda \u00c7\u00f6z\u00fcn\u00fcr Molibden (Mo): %1 ASLA UYGUN DOZ ORANLARINI A\u015eMAYINIZ SADECE GEREKL\u0130 OLAN YERLERDE KULLANINIZ Z\u0130RA\u0130 \u0130LA\u00c7 OLARAK KULLANILMAZ Uyar\u0131lar Dikkat! \u00c7ocuklardan ve g\u0131dalardan uzak tutunuz. Deri ve g\u00f6z temas\u0131ndan koruyunuz&#8230;.<\/p>","protected":false},"featured_media":14970,"template":"","meta":[],"product_brand":[],"product_cat":[62],"product_tag":[65,64,63],"class_list":{"0":"post-14008","1":"product","2":"type-product","3":"status-publish","4":"has-post-thumbnail","6":"product_cat-asfertglobal","7":"product_tag-asfertglobal","8":"product_tag-gubre","9":"product_tag-organik","11":"first","12":"instock","13":"shipping-taxable","14":"product-type-simple"},"_links":{"self":[{"href":"https:\/\/unittar.com\/en\/wp-json\/wp\/v2\/product\/14008","targetHints":{"allow":["GET"]}}],"collection":[{"href":"https:\/\/unittar.com\/en\/wp-json\/wp\/v2\/product"}],"about":[{"href":"https:\/\/unittar.com\/en\/wp-json\/wp\/v2\/types\/product"}],"version-history":[{"count":3,"href":"https:\/\/unittar.com\/en\/wp-json\/wp\/v2\/product\/14008\/revisions"}],"predecessor-version":[{"id":15567,"href":"https:\/\/unittar.com\/en\/wp-json\/wp\/v2\/product\/14008\/revisions\/15567"}],"wp:featuredmedia":[{"embeddable":true,"href":"https:\/\/unittar.com\/en\/wp-json\/wp\/v2\/media\/14970"}],"wp:attachment":[{"href":"https:\/\/unittar.com\/en\/wp-json\/wp\/v2\/media?parent=14008"}],"wp:term":[{"taxonomy":"product_brand","embeddable":true,"href":"https:\/\/unittar.com\/en\/wp-json\/wp\/v2\/product_brand?post=14008"},{"taxonomy":"product_cat","embeddable":true,"href":"https:\/\/unittar.com\/en\/wp-json\/wp\/v2\/product_cat?post=14008"},{"taxonomy":"product_tag","embeddable":true,"href":"https:\/\/unittar.com\/en\/wp-json\/wp\/v2\/product_tag?post=14008"}],"curies":[{"name":"wp","href":"https:\/\/api.w.org\/{rel}","templated":true}]}}