{"id":14005,"date":"2022-10-19T16:00:32","date_gmt":"2022-10-19T13:00:32","guid":{"rendered":"https:\/\/unittar.com\/?post_type=product&#038;p=14005"},"modified":"2026-02-24T21:23:32","modified_gmt":"2026-02-24T18:23:32","slug":"enermax","status":"publish","type":"product","link":"https:\/\/unittar.com\/en\/product\/enermax\/","title":{"rendered":"ENERMAX"},"content":{"rendered":"<h3>Guaranteed Content<\/h3>\n<p>(w\/w)<\/p>\n<p>Water Soluble Phosphorus Pentoxide (P\u2082O\u2085):<\/p>\n<p>Water Soluble Potassium Oxide (K\u2082O):<\/p>\n<p>Water Soluble Boron (B): %0.2<\/p>\n<p>Water Soluble Manganese (Mn): %0.1<\/p>\n<p>Water Soluble Molybdenum (Mo): %0.4<\/p>\n<p>Water Soluble Zinc (Zn): %0.1<\/p>\n<h3>Warnings<\/h3>\n<p>Warning! Keep away from children and food.<\/p>\n<p>Protect from skin and eye contact.<\/p>\n<p>Must not be swallowed or inhaled.<\/p>\n<p>Never exceed appropriate dosage ratios. Use only where necessary.<\/p>\n<p>Do not reuse empty packaging for other purposes.<\/p>\n<p>Dispose of packaging after use.<\/p>\n<h3>Storage<\/h3>\n<p>Normally (dry and cool place) maintains its physical and chemical properties for at least 5 years.<br \/>\nStorage temperature is 0 \u00b0C \u2013 +45 \u00b0C (degrees).<\/p>\n<h3>Compatibility<\/h3>\n<p>There is no problem in applying it mixed with agricultural chemicals and other fertilizers.<br \/>\nPerform a pre-mix test to ensure proper mixing.<\/p>\n<h3>Solubility<\/h3>\n<p>Water soluble at recommended doses, does not precipitate and leaves no residue in any way.<\/p>\n<h3>Application Dosage and Usage<\/h3>\n<p>Foliar Application<\/p>\n<p>Fruits:<\/p>\n<p>application when fruits are hazelnut-sized 75 g per 100 liters of water<\/p>\n<p>application one month before harvest 75 g per 100 liters of water<\/p>\n<p>Cherry: Apply 100 g per 100 liters water before harvest.<\/p>\n<p>In Vegetables:<br \/>\nApplication rate: 50 \u2013 100 gr per 100 litres of water.<\/p>\n<p>In Citrus:<br \/>\nFor fruits with a diameter of approximately 10-15 mm and oranges with 25-30 mm, the recommended application rate is 100 gr per 100 litres of water.<\/p>\n<p>Soil Application<\/p>\n<p>Fruits \/ Vegetables: 100 g per hectare application at 15-day intervals when needed.<\/p>\n<p>In Tomato, Pepper, Cucumber, Squash, Melon and Watermelon, application should be done at first flower appearance and repeated applications are done at 15-day intervals.<\/p>\n<p>In strawberries, application should be made every 3 weeks when fruits are between white and pink color.<\/p>\n<h3>Ministry Information<\/h3>\n<p>Ministry Registration No: 33982<br \/>\nMinistry License No: 1851<br \/>\nBatch \/ Serial No: 2024-112<br \/>\nBatch No: 1241911<\/p>\n<p>Net Weight: 500 g<\/p>\n<h3>Manufacturer<\/h3>\n<p>ASFERT GLOBAL LDA<br \/>\nSantar\u00e9m Industrial Zone, Santar\u00e9m Industrial Complex<br \/>\nPerofilho, 2005-008 V\u00e1rzea<br \/>\nSantar\u00e9m &#8211; PORTUGAL<\/p>\n<h3>Importer<\/h3>\n<p>UNITTAR AGRICULTURAL INDUSTRY AND TRADE INC.<br \/>\nEtilers Mah. 829 Sok. A Plaza No: 3\/503 Muratpa\u015fa &#8211; ANTALYA<br \/>\nTel: 0 242 311 07 33<br \/>\nFax: 0 242 311 07 55<\/p>\n<p>The texts below on the label have been arranged in compliance with ministry format while preserving the content exactly.<\/p>","protected":false},"excerpt":{"rendered":"<p>Garanti Edilen \u0130\u00e7erik (w\/w) Suda \u00c7\u00f6z\u00fcn\u00fcr Fosfor Pentaoksit (P\u2082O\u2085): %25 Suda \u00c7\u00f6z\u00fcn\u00fcr Potasyum Oksit (K\u2082O): %32 Suda \u00c7\u00f6z\u00fcn\u00fcr Bor (B): %0,2 Suda \u00c7\u00f6z\u00fcn\u00fcr Mangan (Mn): %0,1 Suda \u00c7\u00f6z\u00fcn\u00fcr Molibden (Mo): %0,4 Suda \u00c7\u00f6z\u00fcn\u00fcr \u00c7inko (Zn): %0,1 Uyar\u0131lar Dikkat! \u00c7ocuklardan ve&#8230;<\/p>","protected":false},"featured_media":13962,"template":"","meta":[],"product_brand":[],"product_cat":[62],"product_tag":[65,64,63],"class_list":{"0":"post-14005","1":"product","2":"type-product","3":"status-publish","4":"has-post-thumbnail","6":"product_cat-asfertglobal","7":"product_tag-asfertglobal","8":"product_tag-gubre","9":"product_tag-organik","11":"first","12":"instock","13":"shipping-taxable","14":"product-type-simple"},"_links":{"self":[{"href":"https:\/\/unittar.com\/en\/wp-json\/wp\/v2\/product\/14005","targetHints":{"allow":["GET"]}}],"collection":[{"href":"https:\/\/unittar.com\/en\/wp-json\/wp\/v2\/product"}],"about":[{"href":"https:\/\/unittar.com\/en\/wp-json\/wp\/v2\/types\/product"}],"version-history":[{"count":3,"href":"https:\/\/unittar.com\/en\/wp-json\/wp\/v2\/product\/14005\/revisions"}],"predecessor-version":[{"id":15564,"href":"https:\/\/unittar.com\/en\/wp-json\/wp\/v2\/product\/14005\/revisions\/15564"}],"wp:featuredmedia":[{"embeddable":true,"href":"https:\/\/unittar.com\/en\/wp-json\/wp\/v2\/media\/13962"}],"wp:attachment":[{"href":"https:\/\/unittar.com\/en\/wp-json\/wp\/v2\/media?parent=14005"}],"wp:term":[{"taxonomy":"product_brand","embeddable":true,"href":"https:\/\/unittar.com\/en\/wp-json\/wp\/v2\/product_brand?post=14005"},{"taxonomy":"product_cat","embeddable":true,"href":"https:\/\/unittar.com\/en\/wp-json\/wp\/v2\/product_cat?post=14005"},{"taxonomy":"product_tag","embeddable":true,"href":"https:\/\/unittar.com\/en\/wp-json\/wp\/v2\/product_tag?post=14005"}],"curies":[{"name":"wp","href":"https:\/\/api.w.org\/{rel}","templated":true}]}}