{"id":13998,"date":"2022-10-19T16:16:57","date_gmt":"2022-10-19T13:16:57","guid":{"rendered":"https:\/\/unittar.com\/?post_type=product&#038;p=13998"},"modified":"2026-02-24T21:23:22","modified_gmt":"2026-02-24T18:23:22","slug":"eckosil","status":"publish","type":"product","link":"https:\/\/unittar.com\/en\/product\/eckosil\/","title":{"rendered":"ECOSIL"},"content":{"rendered":"<h3>Guaranteed Content<\/h3>\n<p>(w\/w)<\/p>\n<p>Water Soluble Molybdenum (Mo): %0.02<\/p>\n<p>Water Soluble Zinc (Zn): %2<\/p>\n<p>NEVER EXCEED APPROPRIATE DOSAGE RATIOS<\/p>\n<p>USE ONLY WHERE NECESSARY<\/p>\n<h3>Warnings<\/h3>\n<p>Warning! Keep away from children and food.<\/p>\n<p>Protect from skin and eye contact.<\/p>\n<p>Must not be swallowed or inhaled.<\/p>\n<p>Never exceed appropriate dosage ratios. Use only where necessary.<\/p>\n<p>Do not reuse empty packaging for other purposes.<\/p>\n<p>Dispose of packaging after use.<\/p>\n<p>It is recommended to use fertilizer after soil and\/or leaf analysis is performed.<\/p>\n<h3>Storage<\/h3>\n<p>Under normal conditions (dry and cool location), it retains its physical and chemical properties for 5 years.<br \/>\nStorage temperature is 0 \u00b0C \u2013 +45 \u00b0C (degrees).<\/p>\n<h3>Compatibility<\/h3>\n<p>There is no problem in applying it mixed with agricultural chemicals and other fertilizers.<br \/>\nPerform a pre-mix test to ensure proper mixing.<\/p>\n<h3>Solubility<\/h3>\n<p>Water soluble at recommended doses, does not precipitate and leaves no residue in any way.<\/p>\n<h3>Application Dosage and Usage<\/h3>\n<p>Foliar application:<\/p>\n<p>In vegetables: 50 &#8211; 100 ml \/ 100 L water<br \/>\nIn fruits: 70 &#8211; 100 ml \/ 100 L water<br \/>\nIn field crops: 50 &#8211; 100 ml \/ 100 L water<br \/>\nIn cereals and legumes: 25 &#8211; 50 ml \/ 100 L water<\/p>\n<p>Note:<br \/>\nThe dosages given are for guidance only. For a more detailed fertilization program, please have soil and leaf analysis performed and consult our technical staff.<\/p>\n<h3>Ministry Information<\/h3>\n<p>Ministry Registration No: 36013<br \/>\nMinistry License No: 1851<br \/>\nBatch \/ Serial No: 2025-108<br \/>\nBatch number: 2252508<\/p>\n<p>Net Weight: 5.75 kg<br \/>\nVolume: 5 Litre<\/p>\n<h3>Manufacturer<\/h3>\n<p>ASFERT GLOBAL LDA<br \/>\nRua Nova da CEE &#8211; 2005-008 V\u00e1rzea &#8211; Santar\u00e9m (Portugal)<br \/>\nTel: (+351) 243 779 431<br \/>\nE-mail: info@asfertglobal.com<br \/>\nwww.asfertglobal.com<\/p>\n<h3>Importer<\/h3>\n<p>UNITTAR AGRICULTURAL INDUSTRY AND TRADE INC.<br \/>\nEtilers Mah. 829 Sok. A Plaza No: 3\/503 Muratpa\u015fa &#8211; ANTALYA<br \/>\nTel: 0 242 311 07 33<br \/>\nFax: 0 242 311 07 55<\/p>","protected":false},"excerpt":{"rendered":"<p>Garanti Edilen \u0130\u00e7erik (w\/w) Suda \u00c7\u00f6z\u00fcn\u00fcr Molibden (Mo): %0,02 Suda \u00c7\u00f6z\u00fcn\u00fcr \u00c7inko (Zn): %2 ASLA UYGUN DOZ ORANLARINI A\u015eMAYINIZ SADECE GEREKL\u0130 OLAN YERLERDE KULLANINIZ Uyar\u0131lar Dikkat! \u00c7ocuklardan ve g\u0131dalardan uzak tutunuz. Deri ve g\u00f6z temas\u0131ndan koruyunuz. Yutulmamas\u0131 ve teneff\u00fcs edilmemesi&#8230;<\/p>","protected":false},"featured_media":14974,"template":"","meta":[],"product_brand":[],"product_cat":[62],"product_tag":[65,64,63],"class_list":{"0":"post-13998","1":"product","2":"type-product","3":"status-publish","4":"has-post-thumbnail","6":"product_cat-asfertglobal","7":"product_tag-asfertglobal","8":"product_tag-gubre","9":"product_tag-organik","11":"first","12":"instock","13":"shipping-taxable","14":"product-type-simple"},"_links":{"self":[{"href":"https:\/\/unittar.com\/en\/wp-json\/wp\/v2\/product\/13998","targetHints":{"allow":["GET"]}}],"collection":[{"href":"https:\/\/unittar.com\/en\/wp-json\/wp\/v2\/product"}],"about":[{"href":"https:\/\/unittar.com\/en\/wp-json\/wp\/v2\/types\/product"}],"version-history":[{"count":3,"href":"https:\/\/unittar.com\/en\/wp-json\/wp\/v2\/product\/13998\/revisions"}],"predecessor-version":[{"id":15563,"href":"https:\/\/unittar.com\/en\/wp-json\/wp\/v2\/product\/13998\/revisions\/15563"}],"wp:featuredmedia":[{"embeddable":true,"href":"https:\/\/unittar.com\/en\/wp-json\/wp\/v2\/media\/14974"}],"wp:attachment":[{"href":"https:\/\/unittar.com\/en\/wp-json\/wp\/v2\/media?parent=13998"}],"wp:term":[{"taxonomy":"product_brand","embeddable":true,"href":"https:\/\/unittar.com\/en\/wp-json\/wp\/v2\/product_brand?post=13998"},{"taxonomy":"product_cat","embeddable":true,"href":"https:\/\/unittar.com\/en\/wp-json\/wp\/v2\/product_cat?post=13998"},{"taxonomy":"product_tag","embeddable":true,"href":"https:\/\/unittar.com\/en\/wp-json\/wp\/v2\/product_tag?post=13998"}],"curies":[{"name":"wp","href":"https:\/\/api.w.org\/{rel}","templated":true}]}}