{"id":13996,"date":"2022-10-19T15:59:52","date_gmt":"2022-10-19T12:59:52","guid":{"rendered":"https:\/\/unittar.com\/?post_type=product&#038;p=13996"},"modified":"2026-02-24T21:22:40","modified_gmt":"2026-02-24T18:22:40","slug":"brentax-kca","status":"publish","type":"product","link":"https:\/\/unittar.com\/en\/product\/brentax-kca\/","title":{"rendered":"BRENTAX KCA"},"content":{"rendered":"<p>FULLY WATER SOLUBLE<\/p>\n<h3>Guaranteed Content<\/h3>\n<p>(w\/w)<\/p>\n<p>Total Nitrogen (N): %4<\/p>\n<p>Nitrate Nitrogen (N): %4<\/p>\n<p>Water Soluble Potassium Oxide (K\u2082O):<\/p>\n<p>Water Soluble Calcium Oxide (CaO):<\/p>\n<p>Water Soluble Boron (B): %0.01<\/p>\n<p>Water Soluble Iron (Fe): %0.2<\/p>\n<p>Water Soluble Manganese (Mn): %0.1<\/p>\n<p>Water Soluble Zinc (Zn): %0.3<\/p>\n<h3>Warnings<\/h3>\n<p>Warning! Keep away from children and food.<\/p>\n<p>Protect from skin and eye contact.<\/p>\n<p>Must not be swallowed or inhaled.<\/p>\n<p>Never exceed appropriate dosage ratios. Use only where necessary.<\/p>\n<p>Do not reuse empty packaging for other purposes.<\/p>\n<p>Dispose of packaging after use.<\/p>\n<h3>Storage<\/h3>\n<p>Normally (dry and cool place) maintains its physical and chemical properties for at least 5 years.<br \/>\nStorage temperature is 0 \u00b0C \u2013 +45 \u00b0C (degrees).<\/p>\n<h3>Compatibility<\/h3>\n<p>There is no problem in applying it mixed with agricultural chemicals and other fertilizers.<br \/>\nPerform a pre-mix test to ensure proper mixing.<\/p>\n<h3>Solubility<\/h3>\n<p>Water soluble at recommended doses, does not precipitate and leaves no residue in any way.<\/p>\n<h3>Application Dosage and Usage<\/h3>\n<p>Foliar Application<\/p>\n<p>In Fruit Growing: 200 \u2013 250 g \/ 100 liters of water<br \/>\nIn Vegetable Growing: 200 g \/ 100 liters of water<\/p>\n<p>Application by drip irrigation:<br \/>\n400 \u2013 500 g \/ hectare<\/p>\n<p>Note:<br \/>\nThe dosages given are for guidance only. For a more detailed fertilization program, please have soil and leaf analysis performed and consult our technical staff.<\/p>\n<h3>Company Statement<\/h3>\n<p>Importer guarantees the analyzed content at the time of product delivery. However, any problems arising from incorrect use, improper storage and non-compliance with recommended dosages are the responsibility of the user. The importer cannot be held responsible.<\/p>\n<h3>Ministry Information<\/h3>\n<p>Ministry Registration No: 33981<br \/>\nMinistry License No: 1851<br \/>\nBatch \/ Serial No: 2024-104<br \/>\nBatch Number: 1240904<\/p>\n<p>Net Weight: 1 kg<\/p>\n<h3>Manufacturer<\/h3>\n<p>ASFERT GLOBAL LDA<br \/>\nRua Nova da CEE<br \/>\n2005-008 V\u00e1rzea<br \/>\nSantar\u00e9m (Portugal)<br \/>\nTel: (+351) 243 779 431<br \/>\nE-mail: info@asfertglobal.com<br \/>\nwww.asfertglobal.com<\/p>\n<h3>Importer<\/h3>\n<p>UNITTAR AGRICULTURAL INDUSTRY AND TRADE INC.<br \/>\nEtilers Mah. 829 Sok. A Plaza No: 3\/503 Muratpa\u015fa &#8211; ANTALYA<br \/>\nTel: 0 242 311 07 33<br \/>\nFax: 0 242 311 07 55<\/p>","protected":false},"excerpt":{"rendered":"<p>TAMAMI SUDA \u00c7\u00d6Z\u00dcN\u00dcR Garanti Edilen \u0130\u00e7erik (w\/w) Toplam Azot (N): %4 Nitrat Azotu (N): %4 Suda \u00c7\u00f6z\u00fcn\u00fcr Potasyum Oksit (K\u2082O): %15 Suda \u00c7\u00f6z\u00fcn\u00fcr Kalsiyum Oksit (CaO): %15 Suda \u00c7\u00f6z\u00fcn\u00fcr Bor (B): %0,01 Suda \u00c7\u00f6z\u00fcn\u00fcr Demir (Fe): %0,2 Suda \u00c7\u00f6z\u00fcn\u00fcr Mangan&#8230;<\/p>","protected":false},"featured_media":13960,"template":"","meta":[],"product_brand":[],"product_cat":[62],"product_tag":[65,64,63],"class_list":{"0":"post-13996","1":"product","2":"type-product","3":"status-publish","4":"has-post-thumbnail","6":"product_cat-asfertglobal","7":"product_tag-asfertglobal","8":"product_tag-gubre","9":"product_tag-organik","11":"first","12":"instock","13":"shipping-taxable","14":"product-type-simple"},"_links":{"self":[{"href":"https:\/\/unittar.com\/en\/wp-json\/wp\/v2\/product\/13996","targetHints":{"allow":["GET"]}}],"collection":[{"href":"https:\/\/unittar.com\/en\/wp-json\/wp\/v2\/product"}],"about":[{"href":"https:\/\/unittar.com\/en\/wp-json\/wp\/v2\/types\/product"}],"version-history":[{"count":3,"href":"https:\/\/unittar.com\/en\/wp-json\/wp\/v2\/product\/13996\/revisions"}],"predecessor-version":[{"id":15558,"href":"https:\/\/unittar.com\/en\/wp-json\/wp\/v2\/product\/13996\/revisions\/15558"}],"wp:featuredmedia":[{"embeddable":true,"href":"https:\/\/unittar.com\/en\/wp-json\/wp\/v2\/media\/13960"}],"wp:attachment":[{"href":"https:\/\/unittar.com\/en\/wp-json\/wp\/v2\/media?parent=13996"}],"wp:term":[{"taxonomy":"product_brand","embeddable":true,"href":"https:\/\/unittar.com\/en\/wp-json\/wp\/v2\/product_brand?post=13996"},{"taxonomy":"product_cat","embeddable":true,"href":"https:\/\/unittar.com\/en\/wp-json\/wp\/v2\/product_cat?post=13996"},{"taxonomy":"product_tag","embeddable":true,"href":"https:\/\/unittar.com\/en\/wp-json\/wp\/v2\/product_tag?post=13996"}],"curies":[{"name":"wp","href":"https:\/\/api.w.org\/{rel}","templated":true}]}}