{"id":14120,"date":"2022-10-20T15:14:51","date_gmt":"2022-10-20T12:14:51","guid":{"rendered":"https:\/\/unittar.com\/?page_id=14120"},"modified":"2022-12-19T13:54:31","modified_gmt":"2022-12-19T10:54:31","slug":"iletisim","status":"publish","type":"page","link":"https:\/\/unittar.com\/en\/iletisim\/","title":{"rendered":"Contact"},"content":{"rendered":"<div data-elementor-type=\"wp-page\" data-elementor-id=\"14120\" class=\"elementor elementor-14120\">\n\t\t\t\t\t\t<section class=\"elementor-section elementor-top-section elementor-element elementor-element-1811ad20 elementor-section-stretched elementor-section-full_width elementor-section-height-default elementor-section-height-default\" data-id=\"1811ad20\" data-element_type=\"section\" data-settings=\"{&quot;stretch_section&quot;:&quot;section-stretched&quot;,&quot;background_background&quot;:&quot;classic&quot;}\">\n\t\t\t\t\t\t<div class=\"elementor-container elementor-column-gap-no\">\n\t\t\t\t\t<div class=\"elementor-column elementor-col-100 elementor-top-column elementor-element elementor-element-17c2122c\" data-id=\"17c2122c\" data-element_type=\"column\">\n\t\t\t<div class=\"elementor-widget-wrap elementor-element-populated\">\n\t\t\t\t\t\t<section class=\"elementor-section elementor-inner-section elementor-element elementor-element-6d4ff576 elementor-section-boxed elementor-section-height-default elementor-section-height-default\" data-id=\"6d4ff576\" data-element_type=\"section\">\n\t\t\t\t\t\t<div class=\"elementor-container elementor-column-gap-default\">\n\t\t\t\t\t<div class=\"elementor-column elementor-col-100 elementor-inner-column elementor-element elementor-element-7885adfa\" data-id=\"7885adfa\" data-element_type=\"column\">\n\t\t\t<div class=\"elementor-widget-wrap elementor-element-populated\">\n\t\t\t\t\t\t<div class=\"elementor-element elementor-element-49d4147e elementor-invisible elementor-widget elementor-widget-pix-badge\" data-id=\"49d4147e\" data-element_type=\"widget\" data-widget_type=\"pix-badge.default\">\n\t\t\t\t<div class=\"elementor-widget-container\">\n\t\t\t\t\t<div class=\"pix-element-div w-100 text-center\"><span class=\"pix-badge-element h6 d-inline-flex  animate-in\" data-anim-type=\"fade-in-up\" data-anim-delay=\"0\"><span class=\"badge font-weight-bold secondary-font  bg-primary\" style=\" \"><span class=\"text-white\" style=\"\">Contact<\/span><\/span><\/span><\/div>\t\t\t\t<\/div>\n\t\t\t\t<\/div>\n\t\t\t\t<div class=\"elementor-element elementor-element-1df2f646 elementor-widget elementor-widget-pix-sliding-text\" data-id=\"1df2f646\" data-element_type=\"widget\" data-widget_type=\"pix-sliding-text.default\">\n\t\t\t\t<div class=\"elementor-widget-container\">\n\t\t\t\t\t<div id=\"el-1df2f646\" class=\"mb-3 text-center\"><div class=\"d-inline-block\" style=\"max-width:800px;\"><h3 class=\"mb-32 pix-sliding-headline-2 animate-in font-weight-bold secondary-font\" data-anim-type=\"pix-sliding-text\" pix-anim-delay=\"500\" data-class=\"secondary-font \" style=\"color:;\"><span class=\"slide-in-container\"><span class=\"pix-sliding-item secondary-font\" style=\"transition-delay: 0ms;\">UNITTAR&#032;<\/span><\/span> <span class=\"slide-in-container\"><span class=\"pix-sliding-item secondary-font\" style=\"transition-delay: 150ms;\">If you have any questions about&#032;<\/span><\/span> <span class=\"slide-in-container\"><span class=\"pix-sliding-item secondary-font\" style=\"transition-delay: 300ms;\">or requests regarding&#032;<\/span><\/span> <span class=\"slide-in-container\"><span class=\"pix-sliding-item secondary-font\" style=\"transition-delay: 450ms;\">or&#032;<\/span><\/span> <br \/><span class=\"slide-in-container\"><span class=\"pix-sliding-item secondary-font\" style=\"transition-delay: 750ms;\">regarding&#032;<\/span><\/span> <span class=\"slide-in-container\"><span class=\"pix-sliding-item secondary-font\" style=\"transition-delay: 900ms;\">our services,&#032;<\/span><\/span> <span class=\"slide-in-container\"><span class=\"pix-sliding-item secondary-font\" style=\"transition-delay: 1050ms;\">please&#032;<\/span><\/span> <span class=\"slide-in-container\"><span class=\"pix-sliding-item secondary-font\" style=\"transition-delay: 1200ms;\">contact us&#032;<\/span><\/span> <span class=\"slide-in-container\"><span class=\"pix-sliding-item secondary-font\" style=\"transition-delay: 1350ms;\">at&#032;<\/span><\/span> <span class=\"slide-in-container\"><span class=\"pix-sliding-item secondary-font\" style=\"transition-delay: 1500ms;\">your convenience.&#032;<\/span><\/span> <\/h3><\/div><\/div>\t\t\t\t<\/div>\n\t\t\t\t<\/div>\n\t\t\t\t<div class=\"elementor-element elementor-element-699dcdbd elementor-invisible elementor-widget elementor-widget-pix-text\" data-id=\"699dcdbd\" data-element_type=\"widget\" data-widget_type=\"pix-text.default\">\n\t\t\t\t<div class=\"elementor-widget-container\">\n\t\t\t\t\t<div class=\"pix-el-text w-100 text-center\" ><p class=\"text-20 resp-option text-body-default text-center\" ><span class=\"text-body-default animate-in d-inline-block\" data-anim-delay=\"200\" data-anim-type=\"fade-in-up\">Help us provide you with the best possible response.<\/span><\/p><\/div>\t\t\t\t<\/div>\n\t\t\t\t<\/div>\n\t\t\t\t\t<\/div>\n\t\t<\/div>\n\t\t\t\t\t<\/div>\n\t\t<\/section>\n\t\t\t\t<section class=\"elementor-section elementor-inner-section elementor-element elementor-element-51e689eb elementor-section-boxed elementor-section-height-default elementor-section-height-default\" data-id=\"51e689eb\" data-element_type=\"section\">\n\t\t\t\t\t\t<div class=\"elementor-container elementor-column-gap-default\">\n\t\t\t\t\t<div class=\"elementor-column elementor-col-33 elementor-inner-column elementor-element elementor-element-27cd9046\" data-id=\"27cd9046\" data-element_type=\"column\">\n\t\t\t<div class=\"elementor-widget-wrap elementor-element-populated\">\n\t\t\t\t\t\t<div class=\"elementor-element elementor-element-316ac20d shadow shadow-hover-sm fly-sm rounded-10 pix-mb-20 elementor-invisible elementor-widget elementor-widget-pix-feature\" data-id=\"316ac20d\" data-element_type=\"widget\" data-widget_type=\"pix-feature.default\">\n\t\t\t\t<div class=\"elementor-widget-container\">\n\t\t\t\t\t<a href=\"tel:+902423110733\" ><div id=\"pix-feature-316ac20d\" class=\"pix-feature-el text-custom\"><div class=\"pix-feature-bg rounded-circle d-inline-flex align-items-center justify-content-center line-height-0 mw-100 bg-gradient-primary-light animate-in\" data-anim-type=\"fade-in\" data-anim-delay=\"0\" style=\" width:1.8px;aspect-ratio:1\/1 !important;position:relative;text-align:center;\"><div class=\"pix-feature-icon text-primary\" style=\"display:inline-flex;width:1px;height:1px;font-size:1px;\"><svg class=\"pixfort-icon\" width=\"24\" height=\"24\"  data-name=\"Duotone\/pixfort-icon-mobile-phone-vertical-1\" viewbox=\"2 2 20 20\"><g fill=\"none\" fill-rule=\"evenodd\"><path fill=\"var(--pf-icon-color)\" fill-opacity=\".25\" d=\"M9,2 L15,2 C16.6568542,2 18,3.34314575 18,5 L18,19 C18,20.6568542 16.6568542,22 15,22 L9,22 C7.34314575,22 6,20.6568542 6,19 L6,5 C6,3.34314575 7.34314575,2 9,2 Z\"\/><path fill=\"var(--pf-icon-color)\" d=\"M9,2 L15,2 C16.6568542,2 18,3.34314575 18,5 L18,19 C18,20.6568542 16.6568542,22 15,22 L9,22 C7.34314575,22 6,20.6568542 6,19 L6,5 C6,3.34314575 7.34314575,2 9,2 Z M15,4 C15,4.55228475 14.5522847,5 14,5 L10,5 C9.35837028,5 9.00447195,4.50142886 8.9994235,4.00075864 C8.44716876,4.0005467 8,4.44805242 8,5 L8,19 C8,19.5522847 8.44771525,20 9,20 L15,20 C15.5522847,20 16,19.5522847 16,19 L16,5 C16,4.44771525 15.5522847,4 15,4 Z\"\/><\/g><\/svg><\/div><\/div><h6 class=\"pix-feature-title font-weight-bold   text-heading-default animate-in\" style=\"padding-top:10px;\" data-anim-type=\"fade-in\" data-anim-delay=\"100\">Call us.<\/h6><div class=\"pix-feature-content text-text-gray text-18     animate-in\" style=\"\" data-anim-type=\"fade-in\" data-anim-delay=\"200\">+90 242 311 07 33<\/div><\/div><\/a>\t\t\t\t<\/div>\n\t\t\t\t<\/div>\n\t\t\t\t\t<\/div>\n\t\t<\/div>\n\t\t\t\t<div class=\"elementor-column elementor-col-33 elementor-inner-column elementor-element elementor-element-74ffd028\" data-id=\"74ffd028\" data-element_type=\"column\">\n\t\t\t<div class=\"elementor-widget-wrap elementor-element-populated\">\n\t\t\t\t\t\t<div class=\"elementor-element elementor-element-7d84a92e shadow shadow-hover-sm fly-sm rounded-10 pix-mb-20 elementor-invisible elementor-widget elementor-widget-pix-feature\" data-id=\"7d84a92e\" data-element_type=\"widget\" data-widget_type=\"pix-feature.default\">\n\t\t\t\t<div class=\"elementor-widget-container\">\n\t\t\t\t\t<a href=\"mailto:info@unittar.com\" ><div id=\"pix-feature-7d84a92e\" class=\"pix-feature-el text-custom\"><div class=\"pix-feature-bg rounded-circle d-inline-flex align-items-center justify-content-center line-height-0 mw-100 bg-gradient-primary-light animate-in\" data-anim-type=\"fade-in\" data-anim-delay=\"0\" style=\" width:1.8px;aspect-ratio:1\/1 !important;position:relative;text-align:center;\"><div class=\"pix-feature-icon text-primary\" style=\"display:inline-flex;width:1px;height:1px;font-size:1px;\"><svg class=\"pixfort-icon\" width=\"24\" height=\"24\"  data-name=\"Duotone\/pixfort-icon-mail-closed-2\" viewbox=\"2 2 20 20\"><g fill=\"none\" fill-rule=\"evenodd\"><path fill=\"var(--pf-icon-color)\" fill-opacity=\".25\" d=\"M19,4 L5,4 C3.34314575,4 2,5.34314575 2,7 L2,17 C2,18.6568542 3.34314575,20 5,20 L19,20 C20.6568542,20 22,18.6568542 22,17 L22,7 C22,5.34314575 20.6568542,4 19,4 Z\"\/><path fill=\"var(--pf-icon-color)\" d=\"M17.8540578,6.73661371 C18.2756644,6.37986967 18.9066422,6.43245115 19.2633863,6.85405776 C19.6201303,7.27566436 19.5675488,7.90664224 19.1459422,8.26338629 L13.9378267,12.6702533 C12.8192892,13.6167081 11.1807108,13.6167081 10.0621733,12.6702533 L4.85405776,8.26338629 C4.43245115,7.90664224 4.37986967,7.27566436 4.73661371,6.85405776 C5.09335776,6.43245115 5.72433564,6.37986967 6.14594224,6.73661371 L11.3540578,11.1434807 C11.7269036,11.4589656 12.2730964,11.4589656 12.6459422,11.1434807 L17.8540578,6.73661371 Z\"\/><\/g><\/svg><\/div><\/div><h6 class=\"pix-feature-title font-weight-bold   text-heading-default animate-in\" style=\"padding-top:10px;\" data-anim-type=\"fade-in\" data-anim-delay=\"100\">Write to us.<\/h6><div class=\"pix-feature-content text-text-gray text-18     animate-in\" style=\"\" data-anim-type=\"fade-in\" data-anim-delay=\"200\">info@unittar.com<\/div><\/div><\/a>\t\t\t\t<\/div>\n\t\t\t\t<\/div>\n\t\t\t\t\t<\/div>\n\t\t<\/div>\n\t\t\t\t<div class=\"elementor-column elementor-col-33 elementor-inner-column elementor-element elementor-element-537659b8\" data-id=\"537659b8\" data-element_type=\"column\">\n\t\t\t<div class=\"elementor-widget-wrap elementor-element-populated\">\n\t\t\t\t\t\t<div class=\"elementor-element elementor-element-24fbe1c0 shadow shadow-hover-sm fly-sm rounded-10 pix-mb-20 elementor-invisible elementor-widget elementor-widget-pix-feature\" data-id=\"24fbe1c0\" data-element_type=\"widget\" data-widget_type=\"pix-feature.default\">\n\t\t\t\t<div class=\"elementor-widget-container\">\n\t\t\t\t\t<a href=\"https:\/\/g.page\/unittar?share\" ><div id=\"pix-feature-24fbe1c0\" class=\"pix-feature-el text-custom\"><div class=\"pix-feature-bg rounded-circle d-inline-flex align-items-center justify-content-center line-height-0 mw-100 bg-gradient-primary-light animate-in\" data-anim-type=\"fade-in\" data-anim-delay=\"0\" style=\" width:1.8px;aspect-ratio:1\/1 !important;position:relative;text-align:center;\"><div class=\"pix-feature-icon text-primary\" style=\"display:inline-flex;width:1px;height:1px;font-size:1px;\"><svg class=\"pixfort-icon\" width=\"24\" height=\"24\"  data-name=\"Duotone\/pixfort-icon-pin-3\" viewbox=\"2 2 20 20\"><g fill=\"none\" fill-rule=\"evenodd\"><path fill=\"var(--pf-icon-color)\" fill-opacity=\".25\" d=\"M12,3 C16.1534446,3 19,6.1496161 19,10 C19,12.7814174 17.164919,16.3204564 13.5769668,20.6750997 L13.4859761,20.7876296 C13.4225381,20.859604 13.3536179,20.9256832 13.2796532,20.9870437 C12.4295372,21.6922929 11.1686645,21.5748552 10.4613299,20.7222172 C6.83734777,16.3246189 5,12.7831119 5,10 C5,6.1496161 7.84655541,3 12,3 Z M12,9 C11.4477153,9 11,9.44771525 11,10 C11,10.5522847 11.4477153,11 12,11 C12.5522847,11 13,10.5522847 13,10 C13,9.44771525 12.5522847,9 12,9 Z\"\/><path fill=\"var(--pf-icon-color)\" d=\"M12,7 C10.3431458,7 9,8.34314575 9,10 C9,11.6568542 10.3431458,13 12,13 C13.6568542,13 15,11.6568542 15,10 C15,8.34314575 13.6568542,7 12,7 Z M12,9 C12.5522847,9 13,9.44771525 13,10 C13,10.5522847 12.5522847,11 12,11 C11.4477153,11 11,10.5522847 11,10 C11,9.44771525 11.4477153,9 12,9 Z\"\/><\/g><\/svg><\/div><\/div><h6 class=\"pix-feature-title font-weight-bold   text-heading-default animate-in\" style=\"padding-top:10px;\" data-anim-type=\"fade-in\" data-anim-delay=\"100\">Visit us.<\/h6><div class=\"pix-feature-content text-text-gray text-18     animate-in\" style=\"\" data-anim-type=\"fade-in\" data-anim-delay=\"200\">Antalya, Turkey.<\/div><\/div><\/a>\t\t\t\t<\/div>\n\t\t\t\t<\/div>\n\t\t\t\t\t<\/div>\n\t\t<\/div>\n\t\t\t\t\t<\/div>\n\t\t<\/section>\n\t\t\t\t\t<\/div>\n\t\t<\/div>\n\t\t\t\t\t<\/div>\n\t\t<\/section>\n\t\t\t\t<section class=\"elementor-section elementor-top-section elementor-element elementor-element-45aab2e6 elementor-section-stretched elementor-section-boxed elementor-section-height-default elementor-section-height-default\" data-id=\"45aab2e6\" data-element_type=\"section\" data-settings=\"{&quot;stretch_section&quot;:&quot;section-stretched&quot;,&quot;background_background&quot;:&quot;classic&quot;}\">\n\t\t\t\t\t\t<div class=\"elementor-container elementor-column-gap-default\">\n\t\t\t\t\t<div class=\"elementor-column elementor-col-50 elementor-top-column elementor-element elementor-element-7559d2d0\" data-id=\"7559d2d0\" data-element_type=\"column\">\n\t\t\t<div class=\"elementor-widget-wrap elementor-element-populated\">\n\t\t\t\t\t\t<div class=\"elementor-element elementor-element-11b10ac7 elementor-invisible elementor-widget elementor-widget-pix-heading\" data-id=\"11b10ac7\" data-element_type=\"widget\" data-widget_type=\"pix-heading.default\">\n\t\t\t\t<div class=\"elementor-widget-container\">\n\t\t\t\t\t<div  class=\"pix-heading-el text-left\"><h4 class=\"font-weight-bold h4 animate-in heading-text el-title_custom_color mb-12\" style=\"\" data-anim-type=\"slide-in-up\" data-anim-delay=\"0\">UNITTAR Agricultural Industry and Trade Inc.<\/h4><\/div>\t\t\t\t<\/div>\n\t\t\t\t<\/div>\n\t\t\t\t<div class=\"elementor-element elementor-element-4e67bc9 elementor-widget elementor-widget-text-editor\" data-id=\"4e67bc9\" data-element_type=\"widget\" data-widget_type=\"text-editor.default\">\n\t\t\t\t<div class=\"elementor-widget-container\">\n\t\t\t\t\t\t\t\t\t<p>Our employees, services, technology and scale speak the language of agriculture and deliver better results for our customers.<\/p><p>Etilers District, 829 Street, A Plaza No:3\/503<br \/>Muratpa\u015fa \/ANTALYA<br \/>Tel: <a href=\"tel:902423110733\">+90 242 311 07 33<\/a><br \/>Email: <a href=\"mailto:info@unittar.com\">info@unittar.com<\/a><\/p>\t\t\t\t\t\t\t\t<\/div>\n\t\t\t\t<\/div>\n\t\t\t\t<div class=\"elementor-element elementor-element-3b800667 elementor-invisible elementor-widget elementor-widget-pix-map\" data-id=\"3b800667\" data-element_type=\"widget\" data-widget_type=\"pix-map.default\">\n\t\t\t\t<div class=\"elementor-widget-container\">\n\t\t\t\t\t<div class=\"overflow-hidden pix-map-out mb-2 mb-sm-0 overflow-hidden rounded-10 map-md shadow-lg  animate-in\" data-anim-delay=\"0\" data-anim-type=\"fade-in-up\"><section class=\"pix-google-map w-100\" data-style=\"silver\" data-color=\"\" data-saturation=\"-20\" data-brightness=\"5\" data-latitude=\"36.89699336248279\" data-longitude=\"30.708702670435066\" data-map-zoom=\"15\" data-marker=\"https:\/\/unittar.com\/wp-content\/plugins\/pixfort-core\/functions\/images\/map\/pix-icon-location.svg\"><div class=\"google-container\"><\/div><div class=\"pix-zoom-in bg-white shadow rounded text-dark-opacity-8 text-18 d-flex align-items-center justify-content-center\"><svg class=\"pixfort-icon\" width=\"24\" height=\"24\"  data-name=\"Line\/pixfort-icon-plus-circle-1\" viewbox=\"2 2 20 20\"><path fill=\"none\" stroke=\"var(--pf-icon-color)\" stroke-linecap=\"round\" stroke-linejoin=\"round\" stroke-width=\"var(--pf-icon-stroke-width)\" d=\"M12,21 C16.9705627,21 21,16.9705627 21,12 C21,7.02943725 16.9705627,3 12,3 C7.02943725,3 3,7.02943725 3,12 C3,16.9705627 7.02943725,21 12,21 Z M12,8 L12,16 M8,12 L16,12\"\/><\/svg><\/div><div class=\"pix-zoom-out bg-white mt-1 shadow rounded text-dark-opacity-8 text-18 d-flex align-items-center justify-content-center\"><svg class=\"pixfort-icon\" width=\"24\" height=\"24\"  data-name=\"Line\/pixfort-icon-minus-circle-1\" viewbox=\"2 2 20 20\"><path fill=\"none\" stroke=\"var(--pf-icon-color)\" stroke-linecap=\"round\" stroke-linejoin=\"round\" stroke-width=\"var(--pf-icon-stroke-width)\" d=\"M12,21 C16.9705627,21 21,16.9705627 21,12 C21,7.02943725 16.9705627,3 12,3 C7.02943725,3 3,7.02943725 3,12 C3,16.9705627 7.02943725,21 12,21 Z M8,12 L16,12\"\/><\/svg><\/div><address class=\"bg-white rounded-lg text-body-default font-weight-bold shadow-inverse\">UNITTAR<\/address><\/section><\/div>\t\t\t\t<\/div>\n\t\t\t\t<\/div>\n\t\t\t\t\t<\/div>\n\t\t<\/div>\n\t\t\t\t<div class=\"elementor-column elementor-col-50 elementor-top-column elementor-element elementor-element-60879f6b\" data-id=\"60879f6b\" data-element_type=\"column\">\n\t\t\t<div class=\"elementor-widget-wrap elementor-element-populated\">\n\t\t\t\t\t\t<section class=\"elementor-section elementor-inner-section elementor-element elementor-element-5bca3ee2 bg-white shadow-lg shadow-hover-lg rounded-10 fly-sm animated-slow elementor-section-boxed elementor-section-height-default elementor-section-height-default elementor-invisible\" data-id=\"5bca3ee2\" data-element_type=\"section\" data-settings=\"{&quot;animation&quot;:&quot;fadeInUp&quot;}\">\n\t\t\t\t\t\t<div class=\"elementor-container elementor-column-gap-default\">\n\t\t\t\t\t<div class=\"elementor-column elementor-col-100 elementor-inner-column elementor-element elementor-element-721affac\" data-id=\"721affac\" data-element_type=\"column\">\n\t\t\t<div class=\"elementor-widget-wrap elementor-element-populated\">\n\t\t\t\t\t\t<div class=\"elementor-element elementor-element-27bcc2a4 elementor-widget elementor-widget-pix-heading\" data-id=\"27bcc2a4\" data-element_type=\"widget\" data-widget_type=\"pix-heading.default\">\n\t\t\t\t<div class=\"elementor-widget-container\">\n\t\t\t\t\t<div  class=\"pix-heading-el text-left\"><h4 class=\"text-heading-default font-weight-bold h4 heading-text el-title_custom_color mb-12\" style=\"\" data-anim-type=\"\" data-anim-delay=\"\">Your Message<\/h4><\/div>\t\t\t\t<\/div>\n\t\t\t\t<\/div>\n\t\t\t\t<div class=\"elementor-element elementor-element-43f7ee3c elementor-widget elementor-widget-pix-text\" data-id=\"43f7ee3c\" data-element_type=\"widget\" data-widget_type=\"pix-text.default\">\n\t\t\t\t<div class=\"elementor-widget-container\">\n\t\t\t\t\t<div class=\"pix-el-text w-100 text-left\" ><p class=\"resp-option text-body-default text-left\" >We will get in touch with you as soon as possible to provide you with all the information you need regarding our solutions and services.<\/p><\/div>\t\t\t\t<\/div>\n\t\t\t\t<\/div>\n\t\t\t\t<div class=\"elementor-element elementor-element-334e61e2 elementor-widget elementor-widget-text-editor\" data-id=\"334e61e2\" data-element_type=\"widget\" data-widget_type=\"text-editor.default\">\n\t\t\t\t<div class=\"elementor-widget-container\">\n\t\t\t\t\t\t\t\t\t\n<div class=\"wpcf7 no-js\" id=\"wpcf7-f2939-o1\" lang=\"en-US\" dir=\"ltr\" data-wpcf7-id=\"2939\">\n<div class=\"screen-reader-response\"><p role=\"status\" aria-live=\"polite\" aria-atomic=\"true\"><\/p> <ul><\/ul><\/div>\n<form action=\"\/en\/wp-json\/wp\/v2\/pages\/14120#wpcf7-f2939-o1\" method=\"post\" class=\"wpcf7-form init\" aria-label=\"Contact form\" novalidate=\"novalidate\" data-status=\"init\" data-trp-original-action=\"\/en\/wp-json\/wp\/v2\/pages\/14120#wpcf7-f2939-o1\">\n<fieldset class=\"hidden-fields-container\"><input type=\"hidden\" name=\"_wpcf7\" value=\"2939\" \/><input type=\"hidden\" name=\"_wpcf7_version\" value=\"6.1.2\" \/><input type=\"hidden\" name=\"_wpcf7_locale\" value=\"en_US\" \/><input type=\"hidden\" name=\"_wpcf7_unit_tag\" value=\"wpcf7-f2939-o1\" \/><input type=\"hidden\" name=\"_wpcf7_container_post\" value=\"0\" \/><input type=\"hidden\" name=\"_wpcf7_posted_data_hash\" value=\"\" \/>\n<\/fieldset>\n<div class=\"pix-contact7-form\"><div class=\"row\">\n\t<div class=\"col-md-6\">\n\t\t<p><label class=\"w-100\">Your Name Surname*<br \/>\n<span class=\"wpcf7-form-control-wrap\" data-name=\"your-name\"><input size=\"40\" maxlength=\"400\" class=\"wpcf7-form-control wpcf7-text wpcf7-validates-as-required pix-my-5 form-control bg-gray-1 shadow-0\" aria-required=\"true\" aria-invalid=\"false\" placeholder=\"Your Name Surname\" value=\"\" type=\"text\" name=\"your-name\" \/><\/span><\/label>\n\t\t<\/p>\n\t<\/div>\n\t<div class=\"col-md-6\">\n\t\t<p><label class=\"w-100\">Your Email Address*<br \/>\n<span class=\"wpcf7-form-control-wrap\" data-name=\"your-email\"><input size=\"40\" maxlength=\"400\" class=\"wpcf7-form-control wpcf7-email wpcf7-validates-as-required wpcf7-text wpcf7-validates-as-email pix-my-5 form-control bg-gray-1 shadow-0\" aria-required=\"true\" aria-invalid=\"false\" placeholder=\"email@email.com\" value=\"\" type=\"email\" name=\"your-email\" \/><\/span><\/label>\n\t\t<\/p>\n\t<\/div>\n<\/div>\n<p><label class=\"w-100\">Your Message*<span class=\"wpcf7-form-control-wrap\" data-name=\"your-message\"><textarea cols=\"40\" rows=\"4\" maxlength=\"2000\" class=\"wpcf7-form-control wpcf7-textarea wpcf7-validates-as-required pix-my-5 form-control bg-gray-1 shadow-0\" aria-required=\"true\" aria-invalid=\"false\" placeholder=\"Write your message..\" name=\"your-message\"><\/textarea><\/span> <\/label>\n<\/p>\n<div class=\"row\">\n\t<div class=\"col-md-6\">\n\t\t<p><label class=\"w-100\">Your Phone Number<span class=\"wpcf7-form-control-wrap\" data-name=\"tel-996\"><input size=\"40\" maxlength=\"400\" class=\"wpcf7-form-control wpcf7-tel wpcf7-text wpcf7-validates-as-tel pix-mt-5 form-control bg-gray-1 shadow-0\" aria-invalid=\"false\" placeholder=\"Tel: +90 51 42 44 12\" value=\"\" type=\"tel\" name=\"tel-996\" \/><\/span> <\/label>\n\t\t<\/p>\n\t<\/div>\n<\/div>\n<p><input class=\"wpcf7-form-control wpcf7-submit has-spinner btn btn-gradient-primary text-white w-100 pix-mt-10 font-weight-bold btn-lg secondary-font\" type=\"submit\" value=\"Send\" \/>\n<\/p><\/div><div class=\"wpcf7-response-output\" aria-hidden=\"true\"><\/div>\n<input type=\"hidden\" name=\"trp-form-language\" value=\"en\"\/><\/form>\n<\/div>\n\t\t\t\t\t\t\t\t<\/div>\n\t\t\t\t<\/div>\n\t\t\t\t\t<\/div>\n\t\t<\/div>\n\t\t\t\t\t<\/div>\n\t\t<\/section>\n\t\t\t\t\t<\/div>\n\t\t<\/div>\n\t\t\t\t\t<\/div>\n\t\t<\/section>\n\t\t\t\t<section class=\"elementor-section elementor-top-section elementor-element elementor-element-7e1ba99b elementor-section-stretched elementor-section-full_width elementor-section-height-default elementor-section-height-default\" data-id=\"7e1ba99b\" data-element_type=\"section\" data-settings=\"{&quot;stretch_section&quot;:&quot;section-stretched&quot;,&quot;background_background&quot;:&quot;gradient&quot;}\">\n\t\t\t\t\t\t<div class=\"elementor-container elementor-column-gap-no\">\n\t\t\t\t\t<div class=\"elementor-column elementor-col-100 elementor-top-column elementor-element elementor-element-f8696b2\" data-id=\"f8696b2\" data-element_type=\"column\">\n\t\t\t<div class=\"elementor-widget-wrap elementor-element-populated\">\n\t\t\t\t\t\t\t<\/div>\n\t\t<\/div>\n\t\t\t\t\t<\/div>\n\t\t<\/section>\n\t\t\t\t<\/div>","protected":false},"excerpt":{"rendered":"<p>\u0130leti\u015fim UNITTAR&#32; hakk\u0131nda&#32; sorular\u0131n\u0131z&#32; veya&#32; istekleriniz&#32; varsa&#32; l\u00fctfen&#32; bizimle&#32; ileti\u015fime&#32; ge\u00e7in.&#32; M\u00fcmk\u00fcn olan en iyi yan\u0131t\u0131 vermemize yard\u0131mc\u0131 olun. Bizi aray\u0131n. +90 242 311 07 33 Bize yaz\u0131n. info@unittar.com Bizi ziyaret edin. Antalya, Turkey. UNITTAR Tar\u0131m Sanayi ve Ticaret A.\u015e&#8230;.<\/p>","protected":false},"author":1,"featured_media":0,"parent":0,"menu_order":0,"comment_status":"closed","ping_status":"closed","template":"","meta":{"footnotes":""},"class_list":["post-14120","page","type-page","status-publish","hentry"],"_links":{"self":[{"href":"https:\/\/unittar.com\/en\/wp-json\/wp\/v2\/pages\/14120","targetHints":{"allow":["GET"]}}],"collection":[{"href":"https:\/\/unittar.com\/en\/wp-json\/wp\/v2\/pages"}],"about":[{"href":"https:\/\/unittar.com\/en\/wp-json\/wp\/v2\/types\/page"}],"author":[{"embeddable":true,"href":"https:\/\/unittar.com\/en\/wp-json\/wp\/v2\/users\/1"}],"replies":[{"embeddable":true,"href":"https:\/\/unittar.com\/en\/wp-json\/wp\/v2\/comments?post=14120"}],"version-history":[{"count":3,"href":"https:\/\/unittar.com\/en\/wp-json\/wp\/v2\/pages\/14120\/revisions"}],"predecessor-version":[{"id":14996,"href":"https:\/\/unittar.com\/en\/wp-json\/wp\/v2\/pages\/14120\/revisions\/14996"}],"wp:attachment":[{"href":"https:\/\/unittar.com\/en\/wp-json\/wp\/v2\/media?parent=14120"}],"curies":[{"name":"wp","href":"https:\/\/api.w.org\/{rel}","templated":true}]}}